{"id":22538,"date":"2025-09-18T21:40:59","date_gmt":"2025-09-18T21:40:59","guid":{"rendered":"https:\/\/chillleaf.eu\/?page_id=22538"},"modified":"2025-09-18T21:45:24","modified_gmt":"2025-09-18T21:45:24","slug":"cookie-policy","status":"publish","type":"page","link":"https:\/\/chillleaf.eu\/de\/cookie-richtlinie\/","title":{"rendered":"Cookie-Richtlinie"},"content":{"rendered":"<p>Willkommen bei Chillleaf! Diese Cookie-Richtlinie erkl\u00e4rt, wie und warum wir Cookies verwenden auf <a href=\"https:\/\/chillleaf.com\" target=\"_blank\" rel=\"noopener\">https:\/\/chillleaf.com<\/a>Indem Sie weiterhin auf unserer Website surfen, stimmen Sie der Verwendung von Cookies wie unten beschrieben zu.<\/p>\n\n\n\n<h2 class=\"wp-block-heading\">Was sind Cookies?<\/h2>\n\n\n\n<p>Cookies sind kleine Textdateien, die beim Besuch einer Website auf Ihrem Ger\u00e4t gespeichert werden. Sie sorgen f\u00fcr einen reibungslosen Betrieb von Websites, speichern Ihre Pr\u00e4ferenzen und verbessern Ihr Surferlebnis. Diese Richtlinie erl\u00e4utert, welche Arten von Cookies wir verwenden, welchen Nutzen sie f\u00fcr Sie haben und wie Sie sie verwalten k\u00f6nnen.<\/p>\n\n\n\n<h2 class=\"wp-block-heading\">Warum wir Cookies verwenden<\/h2>\n\n\n\n<p>Cookies erm\u00f6glichen uns:<\/p>\n\n\n\n<ul class=\"wp-block-list\">\n<li>Sorgen Sie daf\u00fcr, dass unsere Website sicher und effizient l\u00e4uft.<\/li>\n\n\n\n<li>Merken Sie sich Ihre Anmeldedaten und Einstellungen.<\/li>\n\n\n\n<li>Sorgen Sie f\u00fcr ein reibungsloseres Einkaufs- und Bezahlerlebnis.<\/li>\n\n\n\n<li>Analysieren Sie, wie Besucher unsere Website nutzen, damit wir unsere Inhalte und Funktionen verbessern k\u00f6nnen.<\/li>\n<\/ul>\n\n\n\n<p>Die meisten Cookies sind f\u00fcr die ordnungsgem\u00e4\u00dfe Funktion der Website unerl\u00e4sslich. Wenn Sie nicht sicher sind, ob Sie diese Cookies ben\u00f6tigen, empfehlen wir Ihnen, sie aktiviert zu lassen.<\/p>\n\n\n\n<h2 class=\"wp-block-heading\">Verwalten oder Deaktivieren von Cookies<\/h2>\n\n\n\n<p>Sie haben stets die Kontrolle \u2013 Sie k\u00f6nnen Cookies in Ihren Browsereinstellungen deaktivieren. Beachten Sie jedoch, dass in diesem Fall einige Teile unserer Website (und anderer von Ihnen besuchter Seiten) m\u00f6glicherweise nicht richtig funktionieren. F\u00fcr ein optimales Erlebnis empfehlen wir, sie aktiviert zu lassen.<\/p>\n\n\n\n<h2 class=\"wp-block-heading\">Arten der von uns verwendeten Cookies<\/h2>\n\n\n\n<p><strong>1. Konto-Cookies<\/strong><br>Wird bei der Anmeldung und Kontoverwaltung verwendet. Diese bleiben m\u00f6glicherweise nach der Abmeldung kurz bestehen, um Ihre Einstellungen zu speichern.<\/p>\n\n\n\n<p><strong>2. Anmelde-Cookies<\/strong><br>Speichern Sie Ihre Anmeldesitzung, damit Sie sich nicht auf jeder Seite erneut anmelden m\u00fcssen. Wird nach der Abmeldung gel\u00f6scht.<\/p>\n\n\n\n<p><strong>3. Newsletter-Cookies<\/strong><br>Verfolgen Sie, ob Sie unsere E-Mails abonniert haben, damit wir Ihnen keine doppelten Anmeldenachrichten anzeigen.<\/p>\n\n\n\n<p><strong>4. Einkaufs-Cookies<\/strong><br>Unverzichtbar f\u00fcr die Bearbeitung von Bestellungen und die Aufrechterhaltung der Konsistenz Ihres Warenkorbs beim St\u00f6bern.<\/p>\n\n\n\n<p><strong>5. Umfrage-Cookies<\/strong><br>Helfen Sie uns bei der Verwaltung von Umfragen und Frageb\u00f6gen und stellen Sie sicher, dass es nicht zu Wiederholungen kommt oder Fortschritte verloren gehen.<\/p>\n\n\n\n<p><strong>6. Formular-Cookies<\/strong><br>Wenn Sie Formulare (wie Kontaktformulare) absenden, k\u00f6nnen Cookies Ihre Daten f\u00fcr eine schnellere Nachverfolgung speichern.<\/p>\n\n\n\n<p><strong>7. Pr\u00e4ferenz-Cookies<\/strong><br>Speichern Sie Ihre Auswahl, beispielsweise Anzeigeeinstellungen oder Sprache, um Ihr Erlebnis zu personalisieren.<\/p>\n\n\n\n<h2 class=\"wp-block-heading\">Cookies von Drittanbietern<\/h2>\n\n\n\n<p>Wir arbeiten auch mit vertrauensw\u00fcrdigen Partnern zusammen, die m\u00f6glicherweise Cookies auf unserer Website setzen:<\/p>\n\n\n\n<ul class=\"wp-block-list\">\n<li><strong>Analyse (Google Analytics):<\/strong> Hilft uns, das Besucherverhalten zu verstehen \u2013 z. B. die Verweildauer auf Seiten und beliebte Abschnitte \u2013 und so die Website zu verbessern. Weitere Informationen finden Sie unter <a>Google Analytics-Website<\/a>.<\/li>\n\n\n\n<li><strong>Testen und Optimieren:<\/strong> Manchmal testen wir neue Funktionen und Cookies stellen sicher, dass Sie ein konsistentes Erlebnis haben.<\/li>\n\n\n\n<li><strong>E-Commerce-Tracking:<\/strong> Erm\u00f6glicht uns zu messen, wie viele Besucher K\u00e4ufe t\u00e4tigen, damit wir unsere Preise und unser Marketing optimieren k\u00f6nnen.<\/li>\n\n\n\n<li><strong>Affiliate-Tracking:<\/strong> Gibt an, ob Sie von einem unserer Partner stammen, damit wir Ihnen die entsprechende Gutschrift erteilen und etwaige Pr\u00e4mien anwenden k\u00f6nnen.<\/li>\n<\/ul>\n\n\n\n<h2 class=\"wp-block-heading\">Fragen?<\/h2>\n\n\n\n<p>Wenn Sie mehr \u00fcber unsere Verwendung von Cookies erfahren m\u00f6chten, k\u00f6nnen Sie sich gerne an uns wenden:<br><strong>E-Mail:<\/strong> <a>info@chillleaf.com<\/a><\/p>","protected":false},"excerpt":{"rendered":"<p>Welcome to Chillleaf! This Cookie Policy explains how and why we use cookies on https:\/\/chillleaf.com. By continuing to browse our site, you agree to the use of cookies as outlined below. What Are Cookies? Cookies are small text files stored on your device when you visit a website. They help websites function smoothly, remember your [&hellip;]<\/p>","protected":false},"author":1,"featured_media":0,"parent":0,"menu_order":0,"comment_status":"closed","ping_status":"closed","template":"","meta":{"footnotes":""},"class_list":["post-22538","page","type-page","status-publish","hentry"],"_links":{"self":[{"href":"https:\/\/chillleaf.eu\/de\/wp-json\/wp\/v2\/pages\/22538","targetHints":{"allow":["GET"]}}],"collection":[{"href":"https:\/\/chillleaf.eu\/de\/wp-json\/wp\/v2\/pages"}],"about":[{"href":"https:\/\/chillleaf.eu\/de\/wp-json\/wp\/v2\/types\/page"}],"author":[{"embeddable":true,"href":"https:\/\/chillleaf.eu\/de\/wp-json\/wp\/v2\/users\/1"}],"replies":[{"embeddable":true,"href":"https:\/\/chillleaf.eu\/de\/wp-json\/wp\/v2\/comments?post=22538"}],"version-history":[{"count":0,"href":"https:\/\/chillleaf.eu\/de\/wp-json\/wp\/v2\/pages\/22538\/revisions"}],"wp:attachment":[{"href":"https:\/\/chillleaf.eu\/de\/wp-json\/wp\/v2\/media?parent=22538"}],"curies":[{"name":"wp","href":"https:\/\/api.w.org\/{rel}","templated":true}]}}