{"id":22543,"date":"2025-09-18T21:42:11","date_gmt":"2025-09-18T21:42:11","guid":{"rendered":"https:\/\/chillleaf.eu\/?page_id=22543"},"modified":"2025-09-18T21:45:42","modified_gmt":"2025-09-18T21:45:42","slug":"refunds-return-policy","status":"publish","type":"page","link":"https:\/\/chillleaf.eu\/de\/ruckerstattungen-ruckgaberecht\/","title":{"rendered":"R\u00fcckerstattungen und R\u00fcckgaberecht"},"content":{"rendered":"<h2 class=\"wp-block-heading\">R\u00fcckerstattungs- und R\u00fcckgaberichtlinien von Chillleaf<\/h2>\n\n\n\n<p>Bei Chillleaf sch\u00e4tzen wir unsere Kunden und sind bestrebt, qualitativ hochwertige Produkte und zuverl\u00e4ssigen Service zu liefern. Aufgrund der Natur unserer Branche und der Volatilit\u00e4t von Kryptow\u00e4hrungen sind unsere R\u00fcckerstattungs- und R\u00fcckgabebedingungen jedoch eingeschr\u00e4nkter als im traditionellen Einzelhandel. Bitte nehmen Sie sich einen Moment Zeit, um die folgenden Details sorgf\u00e4ltig zu lesen, bevor Sie Ihre Bestellung aufgeben.<\/p>\n\n\n\n<hr class=\"wp-block-separator has-alpha-channel-opacity\"\/>\n\n\n\n<h2 class=\"wp-block-heading\">Berechtigungsfenster<\/h2>\n\n\n\n<p>Unsere R\u00fcckerstattungs- und R\u00fcckgaberichtlinien gelten f\u00fcr <strong>2 Tage (48 Stunden) nach Erhalt Ihres Pakets<\/strong>. Wenn seit der Markierung Ihrer Bestellung als geliefert mehr als 48 Stunden vergangen sind, k\u00f6nnen wir leider keine R\u00fcckerstattung, keinen Umtausch und keinen erneuten Versand anbieten.<\/p>\n\n\n\n<p>Um sich f\u00fcr eine R\u00fcckgabe zu qualifizieren:<\/p>\n\n\n\n<ul class=\"wp-block-list\">\n<li>Der Artikel muss <strong>ungenutzt<\/strong>, <strong>unge\u00f6ffnet<\/strong>, und zwar genau in dem Zustand, in dem Sie es erhalten haben.<\/li>\n\n\n\n<li>Der Artikel muss in seinem <strong>Originalverpackung<\/strong>, mit allen intakten Siegeln.<\/li>\n<\/ul>\n\n\n\n<p>F\u00fcr ge\u00f6ffnete, benutzte oder manipulierte Produkte k\u00f6nnen wir keine R\u00fccksendungen akzeptieren oder R\u00fcckerstattungen ausstellen.<\/p>\n\n\n\n<hr class=\"wp-block-separator has-alpha-channel-opacity\"\/>\n\n\n\n<h2 class=\"wp-block-heading\">R\u00fcckerstattungen und erneute Lieferungen<\/h2>\n\n\n\n<p>Sobald wir Ihre R\u00fccksendung erhalten haben, pr\u00fcft unser Team diese auf ihre Berechtigung. Sie erhalten anschlie\u00dfend eine E-Mail-Benachrichtigung \u00fcber den Eingang Ihres Artikels sowie die Genehmigung oder Ablehnung Ihres R\u00fcckerstattungsantrags.<\/p>\n\n\n\n<ul class=\"wp-block-list\">\n<li><strong>Bei Genehmigung:<\/strong> Ihre R\u00fcckerstattung wird bearbeitet und der Betrag Ihrer urspr\u00fcnglichen Zahlungsmethode (z. B. Ihrem Krypto-Wallet) gutgeschrieben. Bitte rechnen Sie mit einigen Werktagen, bis die Transaktion angezeigt wird.<\/li>\n\n\n\n<li><strong>Bei Ablehnung:<\/strong> Wir werden Sie \u00fcber den Grund informieren und leider keine R\u00fcckerstattung veranlassen.<\/li>\n<\/ul>\n\n\n\n<hr class=\"wp-block-separator has-alpha-channel-opacity\"\/>\n\n\n\n<h2 class=\"wp-block-heading\">Richtlinie zur Lieferadresse<\/h2>\n\n\n\n<p>Es liegt in Ihrer Verantwortung, beim Bezahlvorgang eine genaue und vollst\u00e4ndige Lieferadresse anzugeben. Bitte beachten Sie:<\/p>\n\n\n\n<ul class=\"wp-block-list\">\n<li>Lieferadressen k\u00f6nnen <strong>nur am selben Tag aktualisiert werden, an dem die Bestellung aufgegeben wird<\/strong>und nur bis <strong>23:59 Uhr (23:59) an diesem Tag<\/strong>.<\/li>\n\n\n\n<li>Sobald eine Bestellung markiert ist <strong>&quot;Vollst\u00e4ndig&quot;<\/strong> (und Sie haben die Best\u00e4tigungs-E-Mail erhalten), <strong>die Adresse kann nicht mehr ge\u00e4ndert werden<\/strong>.<\/li>\n\n\n\n<li>Bestellungen mit einer falschen Adresse werden <strong>nicht<\/strong> erneut versendet oder erstattet werden.<\/li>\n\n\n\n<li>Alle Bestellungen mit unvollst\u00e4ndigen Adressen (z. B. fehlende Haus-\/Wohnungsnummern) oder Bestellungen an <strong>Hotels, Mietobjekte oder vor\u00fcbergehende Unterk\u00fcnfte<\/strong> gilt auch <strong>nicht erstattungsf\u00e4hig und nicht erneut lieferbar<\/strong>.<\/li>\n<\/ul>\n\n\n\n<hr class=\"wp-block-separator has-alpha-channel-opacity\"\/>\n\n\n\n<h2 class=\"wp-block-heading\">Sale &amp; reduzierte Artikel<\/h2>\n\n\n\n<p>Nur Artikel, die bei ihnen gekauft wurden <strong>regul\u00e4rer Preis<\/strong> sind erstattungsf\u00e4hig. Leider k\u00f6nnen Artikel, die auf <strong>Verkauf oder Werbung<\/strong> sind nicht erstattungsf\u00e4hig.<\/p>\n\n\n\n<hr class=\"wp-block-separator has-alpha-channel-opacity\"\/>\n\n\n\n<h2 class=\"wp-block-heading\">B\u00f6rsen<\/h2>\n\n\n\n<p>Wir ersetzen Artikel nur in den folgenden F\u00e4llen:<\/p>\n\n\n\n<ul class=\"wp-block-list\">\n<li>Wenn Ihr Artikel ankommt <strong>defekt oder besch\u00e4digt<\/strong>, oder<\/li>\n\n\n\n<li>Wenn Sie die <strong>falsches Produkt<\/strong> versehentlich.<\/li>\n<\/ul>\n\n\n\n<p>Wenn Sie Anspruch auf einen Umtausch haben, erhalten Sie von uns Anweisungen zur R\u00fccksendung des Artikels und nach Erhalt senden wir Ihnen den Ersatz so schnell wie m\u00f6glich zu.<\/p>\n\n\n\n<p>Bitte beachten Sie: Umtausche werden immer f\u00fcr die <strong>gleicher Artikel<\/strong> urspr\u00fcnglich gekauft.<\/p>\n\n\n\n<hr class=\"wp-block-separator has-alpha-channel-opacity\"\/>\n\n\n\n<h2 class=\"wp-block-heading\">Wichtige Hinweise<\/h2>\n\n\n\n<ul class=\"wp-block-list\">\n<li>R\u00fcckerstattungen werden erst ausgestellt, wenn wir den zur\u00fcckgesendeten Artikel erhalten und gepr\u00fcft haben.<\/li>\n\n\n\n<li>Chillleaf haftet nicht f\u00fcr Verluste, die durch vom Kunden angegebene falsche Versanddaten entstehen.<\/li>\n\n\n\n<li>Ohne vorherige Genehmigung zur\u00fcckgesandte Artikel werden nicht angenommen.<\/li>\n<\/ul>\n\n\n\n<hr class=\"wp-block-separator has-alpha-channel-opacity\"\/>\n\n\n\n<h2 class=\"wp-block-heading\">Ben\u00f6tigen Sie Hilfe?<\/h2>\n\n\n\n<p>Wir helfen Ihnen gerne weiter. Bei Fragen zu R\u00fcckerstattungen, R\u00fccksendungen oder Umtausch kontaktieren Sie uns bitte \u00fcber unser <strong><a href=\"https:\/\/chillleaf.eu\/de\/kontakt\/\" data-type=\"link\" data-id=\"https:\/\/chillleaf.eu\/contact\/\">[Kontaktformular]<\/a><\/strong> oder senden Sie uns direkt eine E-Mail an:<br><strong><a>info@chillleaf.com<\/a><\/strong><\/p>\n\n\n\n<p>Unser Team wird Ihren Fall pr\u00fcfen und sein Bestes tun, um Ihnen zu helfen.<\/p>\n\n\n\n<hr class=\"wp-block-separator has-alpha-channel-opacity\"\/>\n\n\n\n<p>\u2728 Bei Chillleaf ist uns Kundenzufriedenheit wichtig, aber auch Fairness. Diese Richtlinie stellt sicher, dass wir weiterhin qualitativ hochwertige Produkte anbieten und gleichzeitig transparent dar\u00fcber sind, was wir bei R\u00fcckerstattungen und R\u00fccksendungen tun k\u00f6nnen und was nicht.<\/p>","protected":false},"excerpt":{"rendered":"<p>Chillleaf Refund &amp; Returns Policy At Chillleaf, we value our customers and strive to deliver high-quality products and reliable service. However, due to the nature of our industry and the volatility of cryptocurrencies, our refund and return policy is more limited than traditional retail. Please take a moment to carefully review the details below before [&hellip;]<\/p>","protected":false},"author":1,"featured_media":0,"parent":0,"menu_order":0,"comment_status":"closed","ping_status":"closed","template":"","meta":{"footnotes":""},"class_list":["post-22543","page","type-page","status-publish","hentry"],"_links":{"self":[{"href":"https:\/\/chillleaf.eu\/de\/wp-json\/wp\/v2\/pages\/22543","targetHints":{"allow":["GET"]}}],"collection":[{"href":"https:\/\/chillleaf.eu\/de\/wp-json\/wp\/v2\/pages"}],"about":[{"href":"https:\/\/chillleaf.eu\/de\/wp-json\/wp\/v2\/types\/page"}],"author":[{"embeddable":true,"href":"https:\/\/chillleaf.eu\/de\/wp-json\/wp\/v2\/users\/1"}],"replies":[{"embeddable":true,"href":"https:\/\/chillleaf.eu\/de\/wp-json\/wp\/v2\/comments?post=22543"}],"version-history":[{"count":0,"href":"https:\/\/chillleaf.eu\/de\/wp-json\/wp\/v2\/pages\/22543\/revisions"}],"wp:attachment":[{"href":"https:\/\/chillleaf.eu\/de\/wp-json\/wp\/v2\/media?parent=22543"}],"curies":[{"name":"wp","href":"https:\/\/api.w.org\/{rel}","templated":true}]}}