{"id":22538,"date":"2025-09-18T21:40:59","date_gmt":"2025-09-18T21:40:59","guid":{"rendered":"https:\/\/chillleaf.eu\/?page_id=22538"},"modified":"2025-09-18T21:45:24","modified_gmt":"2025-09-18T21:45:24","slug":"cookie-policy","status":"publish","type":"page","link":"https:\/\/chillleaf.eu\/es\/politica-de-cookies\/","title":{"rendered":"Pol\u00edtica de cookies"},"content":{"rendered":"<p>\u00a1Bienvenido a Chillleaf! Esta Pol\u00edtica de Cookies explica c\u00f3mo y por qu\u00e9 usamos cookies en <a href=\"https:\/\/chillleaf.com\" target=\"_blank\" rel=\"noopener\">https:\/\/chillleaf.com<\/a>Al continuar navegando por nuestro sitio, acepta el uso de cookies como se describe a continuaci\u00f3n.<\/p>\n\n\n\n<h2 class=\"wp-block-heading\">\u00bfQu\u00e9 son las cookies?<\/h2>\n\n\n\n<p>Las cookies son peque\u00f1os archivos de texto que se almacenan en tu dispositivo al visitar un sitio web. Ayudan a que los sitios web funcionen correctamente, recuerdan tus preferencias y mejoran tu experiencia de navegaci\u00f3n. Esta pol\u00edtica explica los tipos de cookies que utilizamos, c\u00f3mo te benefician y c\u00f3mo puedes gestionarlas.<\/p>\n\n\n\n<h2 class=\"wp-block-heading\">\u00bfPor qu\u00e9 utilizamos cookies?<\/h2>\n\n\n\n<p>Las cookies nos permiten:<\/p>\n\n\n\n<ul class=\"wp-block-list\">\n<li>Mantenga nuestro sitio funcionando de forma segura y eficiente.<\/li>\n\n\n\n<li>Recuerde sus datos de inicio de sesi\u00f3n y preferencias.<\/li>\n\n\n\n<li>Proporcionar una experiencia de compra y pago m\u00e1s fluida.<\/li>\n\n\n\n<li>Analizar c\u00f3mo los visitantes utilizan nuestro sitio para que podamos mejorar nuestro contenido y funciones.<\/li>\n<\/ul>\n\n\n\n<p>La mayor\u00eda de las cookies son esenciales para que el sitio web funcione correctamente. Si no est\u00e1 seguro de si las necesita, le recomendamos mantenerlas habilitadas.<\/p>\n\n\n\n<h2 class=\"wp-block-heading\">Administrar o deshabilitar cookies<\/h2>\n\n\n\n<p>Siempre tienes el control: puedes desactivar las cookies a trav\u00e9s de la configuraci\u00f3n de tu navegador. Ten en cuenta que, si lo haces, es posible que algunas partes de nuestro sitio (y de otros que visites) no funcionen correctamente. Para disfrutar de la mejor experiencia, te sugerimos dejarlas activadas.<\/p>\n\n\n\n<h2 class=\"wp-block-heading\">Tipos de cookies que utilizamos<\/h2>\n\n\n\n<p><strong>1. Cookies de la cuenta<\/strong><br>Se utilizan durante el registro y la gesti\u00f3n de la cuenta. Pueden permanecer brevemente despu\u00e9s de cerrar sesi\u00f3n para recordar sus preferencias.<\/p>\n\n\n\n<p><strong>2. Cookies de inicio de sesi\u00f3n<\/strong><br>Guarda tu sesi\u00f3n para no tener que iniciarla en cada p\u00e1gina. Se borra al cerrar sesi\u00f3n.<\/p>\n\n\n\n<p><strong>3. Cookies del bolet\u00edn informativo<\/strong><br>Realice un seguimiento si se ha suscrito a nuestros correos electr\u00f3nicos para que no le mostremos mensajes de registro duplicados.<\/p>\n\n\n\n<p><strong>4. Cookies de compras<\/strong><br>Esencial para procesar pedidos y mantener su carrito ordenado mientras navega.<\/p>\n\n\n\n<p><strong>5. Cookies de encuesta<\/strong><br>Ay\u00fadanos a administrar encuestas y cuestionarios, asegur\u00e1ndote de no ver repeticiones ni perder progreso.<\/p>\n\n\n\n<p><strong>6. Cookies de formulario<\/strong><br>Cuando env\u00eda formularios (como formularios de contacto), las cookies pueden almacenar sus datos para realizar seguimientos m\u00e1s r\u00e1pidos.<\/p>\n\n\n\n<p><strong>7. Cookies de preferencia<\/strong><br>Guarde sus opciones, como la configuraci\u00f3n de pantalla o el idioma, para personalizar su experiencia.<\/p>\n\n\n\n<h2 class=\"wp-block-heading\">Cookies de terceros<\/h2>\n\n\n\n<p>Tambi\u00e9n trabajamos con socios de confianza que pueden instalar cookies en nuestro sitio:<\/p>\n\n\n\n<ul class=\"wp-block-list\">\n<li><strong>An\u00e1lisis (Google Analytics):<\/strong> Nos ayuda a comprender el comportamiento de los visitantes (como el tiempo que pasan en las p\u00e1ginas y las secciones populares) para poder mejorar el sitio. Obtenga m\u00e1s informaci\u00f3n en <a>Sitio web de Google Analytics<\/a>.<\/li>\n\n\n\n<li><strong>Pruebas y optimizaci\u00f3n:<\/strong> A veces probamos nuevas funciones y las cookies garantizan que tenga una experiencia consistente.<\/li>\n\n\n\n<li><strong>Seguimiento de comercio electr\u00f3nico:<\/strong> Nos permite medir cu\u00e1ntos visitantes realizan compras para que podamos optimizar nuestros precios y marketing.<\/li>\n\n\n\n<li><strong>Seguimiento de afiliados:<\/strong> Identifica si proviene de uno de nuestros socios, para que podamos darle el cr\u00e9dito correspondiente y aplicar cualquier recompensa.<\/li>\n<\/ul>\n\n\n\n<h2 class=\"wp-block-heading\">\u00bfPreguntas?<\/h2>\n\n\n\n<p>Si desea obtener m\u00e1s informaci\u00f3n sobre nuestro uso de cookies, no dude en comunicarse con nosotros:<br><strong>Correo electr\u00f3nico:<\/strong> <a>info@chillleaf.com<\/a><\/p>","protected":false},"excerpt":{"rendered":"<p>Welcome to Chillleaf! This Cookie Policy explains how and why we use cookies on https:\/\/chillleaf.com. By continuing to browse our site, you agree to the use of cookies as outlined below. What Are Cookies? Cookies are small text files stored on your device when you visit a website. They help websites function smoothly, remember your [&hellip;]<\/p>","protected":false},"author":1,"featured_media":0,"parent":0,"menu_order":0,"comment_status":"closed","ping_status":"closed","template":"","meta":{"footnotes":""},"class_list":["post-22538","page","type-page","status-publish","hentry"],"_links":{"self":[{"href":"https:\/\/chillleaf.eu\/es\/wp-json\/wp\/v2\/pages\/22538","targetHints":{"allow":["GET"]}}],"collection":[{"href":"https:\/\/chillleaf.eu\/es\/wp-json\/wp\/v2\/pages"}],"about":[{"href":"https:\/\/chillleaf.eu\/es\/wp-json\/wp\/v2\/types\/page"}],"author":[{"embeddable":true,"href":"https:\/\/chillleaf.eu\/es\/wp-json\/wp\/v2\/users\/1"}],"replies":[{"embeddable":true,"href":"https:\/\/chillleaf.eu\/es\/wp-json\/wp\/v2\/comments?post=22538"}],"version-history":[{"count":0,"href":"https:\/\/chillleaf.eu\/es\/wp-json\/wp\/v2\/pages\/22538\/revisions"}],"wp:attachment":[{"href":"https:\/\/chillleaf.eu\/es\/wp-json\/wp\/v2\/media?parent=22538"}],"curies":[{"name":"wp","href":"https:\/\/api.w.org\/{rel}","templated":true}]}}