{"id":22543,"date":"2025-09-18T21:42:11","date_gmt":"2025-09-18T21:42:11","guid":{"rendered":"https:\/\/chillleaf.eu\/?page_id=22543"},"modified":"2025-09-18T21:45:42","modified_gmt":"2025-09-18T21:45:42","slug":"refunds-return-policy","status":"publish","type":"page","link":"https:\/\/chillleaf.eu\/es\/politica-de-devoluciones-y-reembolsos\/","title":{"rendered":"Pol\u00edtica de reembolsos y devoluciones"},"content":{"rendered":"<h2 class=\"wp-block-heading\">Pol\u00edtica de reembolsos y devoluciones de Chillleaf<\/h2>\n\n\n\n<p>En Chillleaf, valoramos a nuestros clientes y nos esforzamos por ofrecer productos de alta calidad y un servicio confiable. Sin embargo, debido a la naturaleza de nuestra industria y la volatilidad de las criptomonedas, nuestra pol\u00edtica de reembolsos y devoluciones es m\u00e1s limitada que la de las tiendas tradicionales. Por favor, revise detenidamente la informaci\u00f3n a continuaci\u00f3n antes de realizar su pedido.<\/p>\n\n\n\n<hr class=\"wp-block-separator has-alpha-channel-opacity\"\/>\n\n\n\n<h2 class=\"wp-block-heading\">Ventana de elegibilidad<\/h2>\n\n\n\n<p>Nuestra pol\u00edtica de reembolso y devoluci\u00f3n es v\u00e1lida para <strong>2 d\u00edas (48 horas) despu\u00e9s de recibir su paquete<\/strong>Si han transcurrido m\u00e1s de 48 horas desde que se marc\u00f3 su pedido como entregado, lamentablemente no podemos ofrecerle un reembolso, cambio o reenv\u00edo.<\/p>\n\n\n\n<p>Para calificar para una devoluci\u00f3n:<\/p>\n\n\n\n<ul class=\"wp-block-list\">\n<li>El art\u00edculo debe ser <strong>no usado<\/strong>, <strong>sin abrir<\/strong>, y en las mismas condiciones en que lo recibiste.<\/li>\n\n\n\n<li>El art\u00edculo debe estar en su <strong>embalaje original<\/strong>, con todos los sellos intactos.<\/li>\n<\/ul>\n\n\n\n<p>No podemos aceptar devoluciones ni emitir reembolsos por productos que hayan sido abiertos, usados o manipulados.<\/p>\n\n\n\n<hr class=\"wp-block-separator has-alpha-channel-opacity\"\/>\n\n\n\n<h2 class=\"wp-block-heading\">Reembolsos y reenv\u00edos<\/h2>\n\n\n\n<p>Una vez que recibamos su devoluci\u00f3n, nuestro equipo la inspeccionar\u00e1 para verificar su elegibilidad. Recibir\u00e1 una notificaci\u00f3n por correo electr\u00f3nico confirmando la recepci\u00f3n de su art\u00edculo, junto con la aprobaci\u00f3n o el rechazo de su solicitud de reembolso.<\/p>\n\n\n\n<ul class=\"wp-block-list\">\n<li><strong>Si se aprueba:<\/strong> Se procesar\u00e1 tu reembolso y los fondos se acreditar\u00e1n a tu m\u00e9todo de pago original (como tu monedero de criptomonedas). La transacci\u00f3n tardar\u00e1 unos d\u00edas h\u00e1biles en aparecer.<\/li>\n\n\n\n<li><strong>En caso de rechazo:<\/strong> Le notificaremos el motivo y, lamentablemente, no se emitir\u00e1 ning\u00fan reembolso.<\/li>\n<\/ul>\n\n\n\n<hr class=\"wp-block-separator has-alpha-channel-opacity\"\/>\n\n\n\n<h2 class=\"wp-block-heading\">Pol\u00edtica de direcciones de env\u00edo<\/h2>\n\n\n\n<p>Es su responsabilidad proporcionar una direcci\u00f3n de env\u00edo precisa y completa durante el proceso de compra. Tenga en cuenta lo siguiente:<\/p>\n\n\n\n<ul class=\"wp-block-list\">\n<li>Las direcciones de env\u00edo pueden <strong>S\u00f3lo se actualizar\u00e1 el mismo d\u00eda en que se realiza el pedido.<\/strong>, y s\u00f3lo hasta <strong>23:59 ese d\u00eda<\/strong>.<\/li>\n\n\n\n<li>Una vez que se marca un pedido <strong>&quot;Completo&quot;<\/strong> (y has recibido el correo electr\u00f3nico de confirmaci\u00f3n), <strong>La direcci\u00f3n ya no se puede cambiar<\/strong>.<\/li>\n\n\n\n<li>Los pedidos realizados con una direcci\u00f3n incorrecta ser\u00e1n <strong>no<\/strong> ser reenviado o reembolsado.<\/li>\n\n\n\n<li>Cualquier pedido con direcciones incompletas (como n\u00fameros de casa o apartamento faltantes) o pedidos dirigidos a <strong>hoteles, propiedades de alquiler o alojamientos temporales<\/strong> Tambi\u00e9n se considerar\u00e1 <strong>No reembolsable ni reenviable<\/strong>.<\/li>\n<\/ul>\n\n\n\n<hr class=\"wp-block-separator has-alpha-channel-opacity\"\/>\n\n\n\n<h2 class=\"wp-block-heading\">Art\u00edculos en oferta y con descuento<\/h2>\n\n\n\n<p>Solo art\u00edculos comprados en su <strong>precio regular<\/strong> son elegibles para reembolsos. Lamentablemente, los art\u00edculos comprados en <strong>venta o promoci\u00f3n<\/strong> no son reembolsables.<\/p>\n\n\n\n<hr class=\"wp-block-separator has-alpha-channel-opacity\"\/>\n\n\n\n<h2 class=\"wp-block-heading\">Intercambios<\/h2>\n\n\n\n<p>Solo reemplazamos art\u00edculos en los siguientes casos:<\/p>\n\n\n\n<ul class=\"wp-block-list\">\n<li>Si tu art\u00edculo llega <strong>defectuoso o da\u00f1ado<\/strong>, o<\/li>\n\n\n\n<li>Si usted recibi\u00f3 el <strong>producto equivocado<\/strong> por error.<\/li>\n<\/ul>\n\n\n\n<p>Si califica para un cambio, le proporcionaremos instrucciones para devolver el art\u00edculo y, una vez recibido, le enviaremos el reemplazo lo m\u00e1s r\u00e1pido posible.<\/p>\n\n\n\n<p>Tenga en cuenta: los cambios siempre se procesan por <strong>mismo art\u00edculo<\/strong> comprado originalmente<\/p>\n\n\n\n<hr class=\"wp-block-separator has-alpha-channel-opacity\"\/>\n\n\n\n<h2 class=\"wp-block-heading\">Notas importantes<\/h2>\n\n\n\n<ul class=\"wp-block-list\">\n<li>Los reembolsos solo se emitir\u00e1n una vez que hayamos recibido e inspeccionado el art\u00edculo devuelto.<\/li>\n\n\n\n<li>Chillleaf no es responsable de las p\u00e9rdidas resultantes de detalles de env\u00edo incorrectos proporcionados por el cliente.<\/li>\n\n\n\n<li>No se aceptar\u00e1n art\u00edculos devueltos sin aprobaci\u00f3n previa.<\/li>\n<\/ul>\n\n\n\n<hr class=\"wp-block-separator has-alpha-channel-opacity\"\/>\n\n\n\n<h2 class=\"wp-block-heading\">\u00bfNecesita ayuda?<\/h2>\n\n\n\n<p>Estamos aqu\u00ed para ayudarte. Si tienes preguntas sobre reembolsos, devoluciones o cambios, cont\u00e1ctanos a trav\u00e9s de nuestro <strong><a href=\"https:\/\/chillleaf.eu\/es\/contacto\/\" data-type=\"link\" data-id=\"https:\/\/chillleaf.eu\/contact\/\">[Formulario de contacto]<\/a><\/strong> o env\u00edenos un correo electr\u00f3nico directamente a:<br><strong><a>info@chillleaf.com<\/a><\/strong><\/p>\n\n\n\n<p>Nuestro equipo revisar\u00e1 su caso y har\u00e1 todo lo posible para ayudarle.<\/p>\n\n\n\n<hr class=\"wp-block-separator has-alpha-channel-opacity\"\/>\n\n\n\n<p>En Chillleaf, la satisfacci\u00f3n del cliente es importante para nosotros, pero tambi\u00e9n lo es la equidad. Esta pol\u00edtica nos garantiza seguir ofreciendo productos de alta calidad y, al mismo tiempo, ser transparentes sobre lo que podemos y no podemos hacer en materia de reembolsos y devoluciones.<\/p>","protected":false},"excerpt":{"rendered":"<p>Chillleaf Refund &amp; Returns Policy At Chillleaf, we value our customers and strive to deliver high-quality products and reliable service. However, due to the nature of our industry and the volatility of cryptocurrencies, our refund and return policy is more limited than traditional retail. Please take a moment to carefully review the details below before [&hellip;]<\/p>","protected":false},"author":1,"featured_media":0,"parent":0,"menu_order":0,"comment_status":"closed","ping_status":"closed","template":"","meta":{"footnotes":""},"class_list":["post-22543","page","type-page","status-publish","hentry"],"_links":{"self":[{"href":"https:\/\/chillleaf.eu\/es\/wp-json\/wp\/v2\/pages\/22543","targetHints":{"allow":["GET"]}}],"collection":[{"href":"https:\/\/chillleaf.eu\/es\/wp-json\/wp\/v2\/pages"}],"about":[{"href":"https:\/\/chillleaf.eu\/es\/wp-json\/wp\/v2\/types\/page"}],"author":[{"embeddable":true,"href":"https:\/\/chillleaf.eu\/es\/wp-json\/wp\/v2\/users\/1"}],"replies":[{"embeddable":true,"href":"https:\/\/chillleaf.eu\/es\/wp-json\/wp\/v2\/comments?post=22543"}],"version-history":[{"count":0,"href":"https:\/\/chillleaf.eu\/es\/wp-json\/wp\/v2\/pages\/22543\/revisions"}],"wp:attachment":[{"href":"https:\/\/chillleaf.eu\/es\/wp-json\/wp\/v2\/media?parent=22543"}],"curies":[{"name":"wp","href":"https:\/\/api.w.org\/{rel}","templated":true}]}}