{"id":22901,"date":"2025-09-19T23:20:18","date_gmt":"2025-09-19T23:20:18","guid":{"rendered":"https:\/\/chillleaf.eu\/?page_id=22901"},"modified":"2025-09-19T23:23:05","modified_gmt":"2025-09-19T23:23:05","slug":"chillleaf-sitemap","status":"publish","type":"page","link":"https:\/\/chillleaf.eu\/es\/mapa-del-sitio-de-chillleaf\/","title":{"rendered":"Mapa del sitio de ChillLeaf"},"content":{"rendered":"<div data-elementor-type=\"wp-page\" data-elementor-id=\"22901\" class=\"elementor elementor-22901\" data-elementor-post-type=\"page\">\n\t\t\t\t<div class=\"elementor-element elementor-element-4b373cf e-flex e-con-boxed e-con e-parent\" data-id=\"4b373cf\" data-element_type=\"container\" data-e-type=\"container\">\n\t\t\t\t\t<div class=\"e-con-inner\">\n\t\t\t\t<div class=\"elementor-element elementor-element-014d437 elementor-widget elementor-widget-heading\" data-id=\"014d437\" data-element_type=\"widget\" data-e-type=\"widget\" data-settings=\"{&quot;ekit_we_effect_on&quot;:&quot;none&quot;}\" data-widget_type=\"heading.default\">\n\t\t\t\t<div class=\"elementor-widget-container\">\n\t\t\t\t\t<h2 class=\"elementor-heading-title elementor-size-default\">Mapa del sitio de ChillLeaf<\/h2>\t\t\t\t<\/div>\n\t\t\t\t<\/div>\n\t\t\t\t\t<\/div>\n\t\t\t\t<\/div>\n\t\t<div class=\"elementor-element elementor-element-c5dca19 e-flex e-con-boxed e-con e-parent\" data-id=\"c5dca19\" data-element_type=\"container\" data-e-type=\"container\">\n\t\t\t\t\t<div class=\"e-con-inner\">\n\t\t\t\t<div class=\"elementor-element elementor-element-6d3056b elementor-widget elementor-widget-shortcode\" data-id=\"6d3056b\" data-element_type=\"widget\" data-e-type=\"widget\" data-settings=\"{&quot;ekit_we_effect_on&quot;:&quot;none&quot;}\" data-widget_type=\"shortcode.default\">\n\t\t\t\t<div class=\"elementor-widget-container\">\n\t\t\t\t\t\t\t<div class=\"elementor-shortcode\"><div class=\"rank-math-html-sitemap\"><div class=\"rank-math-html-sitemap__section rank-math-html-sitemap__section--post-type rank-math-html-sitemap__section--post\"><h2 class=\"rank-math-html-sitemap__title\">Entradas<\/h2><ul class=\"rank-math-html-sitemap__list\"><li class=\"rank-math-html-sitemap__item\"><a href=\"https:\/\/chillleaf.eu\/es\/blog\/compra-vaporizadores-de-thc-online-de-forma-segura-legal-y-con-productos-de-thc-de-primera-calidad-en-chillleaf\/\" class=\"rank-math-html-sitemap__link\">Compra vaporizadores de THC en l\u00ednea: productos de THC seguros, legales y de primera calidad en ChillLeaf - 5 cosas que debes saber | ChillLeaf | Consumibles de THC Premium<\/a><\/li><li class=\"rank-math-html-sitemap__item\"><a href=\"https:\/\/chillleaf.eu\/es\/blog\/explicacion-de-los-vaporizadores-de-thc\/\" class=\"rank-math-html-sitemap__link\">Vapeadores de THC: \u00bfPor qu\u00e9 Chillleaf ofrece la mejor experiencia en tiendas de vapeo de Europa? | ChillLeaf | Consumibles de THC premium<\/a><\/li><\/ul><\/div><div class=\"rank-math-html-sitemap__section rank-math-html-sitemap__section--post-type rank-math-html-sitemap__section--page\"><h2 class=\"rank-math-html-sitemap__title\">P\u00e1ginas<\/h2><ul class=\"rank-math-html-sitemap__list\"><li class=\"rank-math-html-sitemap__item\"><a href=\"https:\/\/chillleaf.eu\/es\/sobre-nosotros\/\" class=\"rank-math-html-sitemap__link\">Sobre nosotros | Vaporizadores de THC | ChillLeaf | Consumibles premium de THC<\/a><\/li><li class=\"rank-math-html-sitemap__item\"><a href=\"https:\/\/chillleaf.eu\/es\/carro\/\" class=\"rank-math-html-sitemap__link\">Carrito | ChillLeaf | Consumibles premium de THC<\/a><\/li><li class=\"rank-math-html-sitemap__item\"><a href=\"https:\/\/chillleaf.eu\/es\/checkout\/\" class=\"rank-math-html-sitemap__link\">Caja | ChillLeaf | Consumibles de THC premium<\/a><\/li><li class=\"rank-math-html-sitemap__item\"><a href=\"https:\/\/chillleaf.eu\/es\/mapa-del-sitio-de-chillleaf\/\" class=\"rank-math-html-sitemap__link\">Mapa del sitio de ChillLeaf | ChillLeaf | Consumibles premium de THC<\/a><\/li><li class=\"rank-math-html-sitemap__item\"><a href=\"https:\/\/chillleaf.eu\/es\/contacto\/\" class=\"rank-math-html-sitemap__link\">Contacto | ChillLeaf | Consumibles de THC premium<\/a><\/li><li class=\"rank-math-html-sitemap__item\"><a href=\"https:\/\/chillleaf.eu\/es\/politica-de-cookies\/\" class=\"rank-math-html-sitemap__link\">Pol\u00edtica de cookies | ChillLeaf | Consumibles premium de THC<\/a><\/li><li class=\"rank-math-html-sitemap__item\"><a href=\"https:\/\/chillleaf.eu\/es\/entrega-de-thc\/\" class=\"rank-math-html-sitemap__link\">Suministro de THC | ChillLeaf | Consumibles premium de THC<\/a><\/li><li class=\"rank-math-html-sitemap__item\"><a href=\"https:\/\/chillleaf.eu\/es\/preguntas-frecuentes\/\" class=\"rank-math-html-sitemap__link\">Preguntas frecuentes | ChillLeaf | Consumibles de THC premium<\/a><\/li><li class=\"rank-math-html-sitemap__item\"><a href=\"https:\/\/chillleaf.eu\/es\/\" class=\"rank-math-html-sitemap__link\">Inicio | Vaporizadores de THC | ChillLeaf | Consumibles de THC premium<\/a><\/li><li class=\"rank-math-html-sitemap__item\"><a href=\"https:\/\/chillleaf.eu\/es\/aprender\/\" class=\"rank-math-html-sitemap__link\">Aprende | ChillLeaf | Consumibles de THC Premium<\/a><\/li><li class=\"rank-math-html-sitemap__item\"><a href=\"https:\/\/chillleaf.eu\/es\/mi-cuenta\/\" class=\"rank-math-html-sitemap__link\">Mi cuenta | ChillLeaf | Consumibles de THC premium<\/a><\/li><li class=\"rank-math-html-sitemap__item\"><a href=\"https:\/\/chillleaf.eu\/es\/politica-de-privacidad\/\" class=\"rank-math-html-sitemap__link\">Pol\u00edtica de privacidad | ChillLeaf | Consumibles premium de THC<\/a><\/li><li class=\"rank-math-html-sitemap__item\"><a href=\"https:\/\/chillleaf.eu\/es\/politica-de-devoluciones-y-reembolsos\/\" class=\"rank-math-html-sitemap__link\">Pol\u00edtica de reembolsos y devoluciones | ChillLeaf | Consumibles de THC premium<\/a><\/li><li class=\"rank-math-html-sitemap__item\"><a href=\"https:\/\/chillleaf.eu\/es\/tienda-de-thc\/\" class=\"rank-math-html-sitemap__link\">Tienda | ChillLeaf | Consumibles de THC premium<\/a><\/li><li class=\"rank-math-html-sitemap__item\"><a href=\"https:\/\/chillleaf.eu\/es\/comercio\/\" class=\"rank-math-html-sitemap__link\">Tienda | ChillLeaf | Consumibles de THC premium<\/a><\/li><li class=\"rank-math-html-sitemap__item\"><a href=\"https:\/\/chillleaf.eu\/es\/terminos-y-condiciones\/\" class=\"rank-math-html-sitemap__link\">T\u00e9rminos y condiciones | ChillLeaf | Consumibles premium de THC<\/a><\/li><li class=\"rank-math-html-sitemap__item\"><a href=\"https:\/\/chillleaf.eu\/es\/blog\/\" class=\"rank-math-html-sitemap__link\">Blog de THC | ChillLeaf | Consumibles premium de THC<\/a><\/li><li class=\"rank-math-html-sitemap__item\"><a href=\"https:\/\/chillleaf.eu\/es\/thc-knowledge-hub\/\" class=\"rank-math-html-sitemap__link\">Centro de conocimiento sobre THC | ChillLeaf | Consumibles premium de THC<\/a><\/li><\/ul><\/div><div class=\"rank-math-html-sitemap__section rank-math-html-sitemap__section--post-type rank-math-html-sitemap__section--keydesign-portfolio\"><h2 class=\"rank-math-html-sitemap__title\">Cartera<\/h2><ul class=\"rank-math-html-sitemap__list\"><li class=\"rank-math-html-sitemap__item\"><a href=\"https:\/\/chillleaf.eu\/es\/centro-de-conocimiento-de-thc\/cannabis-para-el-tinnitus\/\" class=\"rank-math-html-sitemap__link\">Cannabis para el tinnitus | ChillLeaf | Consumibles premium de THC<\/a><\/li><li class=\"rank-math-html-sitemap__item\"><a href=\"https:\/\/chillleaf.eu\/es\/centro-de-conocimiento-de-thc\/cannabis-medicinal-para-el-tdah\/\" class=\"rank-math-html-sitemap__link\">Cannabis medicinal para el TDAH | ChillLeaf | Consumibles premium de THC<\/a><\/li><li class=\"rank-math-html-sitemap__item\"><a href=\"https:\/\/chillleaf.eu\/es\/centro-de-conocimiento-de-thc\/cannabis-medicinal-para-el-cancer\/\" class=\"rank-math-html-sitemap__link\">Cannabis medicinal para el c\u00e1ncer | ChillLeaf | Consumibles premium de THC<\/a><\/li><li class=\"rank-math-html-sitemap__item\"><a href=\"https:\/\/chillleaf.eu\/es\/centro-de-conocimiento-de-thc\/cannabis-medicinal-para-el-dolor-cronico\/\" class=\"rank-math-html-sitemap__link\">Cannabis medicinal para el dolor cr\u00f3nico | ChillLeaf | Consumibles premium de THC<\/a><\/li><li class=\"rank-math-html-sitemap__item\"><a href=\"https:\/\/chillleaf.eu\/es\/centro-de-conocimiento-de-thc\/cannabis-medicinal-para-la-depresion\/\" class=\"rank-math-html-sitemap__link\">Cannabis medicinal para la depresi\u00f3n | ChillLeaf | Consumibles premium de THC<\/a><\/li><li class=\"rank-math-html-sitemap__item\"><a href=\"https:\/\/chillleaf.eu\/es\/centro-de-conocimiento-de-thc\/cannabis-medicinal-para-el-dolor-menstrual\/\" class=\"rank-math-html-sitemap__link\">Cannabis medicinal para el dolor menstrual | ChillLeaf | Consumibles de THC Premium<\/a><\/li><li class=\"rank-math-html-sitemap__item\"><a href=\"https:\/\/chillleaf.eu\/es\/centro-de-conocimiento-de-thc\/cannabis-medicinal-para-las-migranas\/\" class=\"rank-math-html-sitemap__link\">Cannabis medicinal para la migra\u00f1a | ChillLeaf | Consumibles premium con THC<\/a><\/li><li class=\"rank-math-html-sitemap__item\"><a href=\"https:\/\/chillleaf.eu\/es\/centro-de-conocimiento-de-thc\/thc-para-los-trastornos-del-sueno\/\" class=\"rank-math-html-sitemap__link\">THC para trastornos del sue\u00f1o e insomnio | ChillLeaf | Consumibles premium de THC<\/a><\/li><\/ul><\/div><div class=\"rank-math-html-sitemap__section rank-math-html-sitemap__section--post-type rank-math-html-sitemap__section--product\"><h2 class=\"rank-math-html-sitemap__title\">Productos<\/h2><ul class=\"rank-math-html-sitemap__list\"><li class=\"rank-math-html-sitemap__item\"><a href=\"https:\/\/chillleaf.eu\/es\/thc-shop\/thc-vapes\/paquete-de-mezcla-de-trio-azul-para-vapear-con-thc-de-vader\/\" class=\"rank-math-html-sitemap__link\">Vader THC Vape - Pack Tr\u00edo Azul - Mix | ChillLeaf | Consumibles de THC Premium<\/a><\/li><li class=\"rank-math-html-sitemap__item\"><a href=\"https:\/\/chillleaf.eu\/es\/thc-shop\/thc-vapes\/indica\/vader-thc-vape-classic-blueberry-cookies\/\" class=\"rank-math-html-sitemap__link\">Vader THC Vape - Cl\u00e1sico - Galletas de Ar\u00e1ndanos | ChillLeaf | Consumibles Premium de THC<\/a><\/li><li class=\"rank-math-html-sitemap__item\"><a href=\"https:\/\/chillleaf.eu\/es\/thc-shop\/thc-vapes\/sativa\/vader-thc-vape-classic-lemon-twist\/\" class=\"rank-math-html-sitemap__link\">Vader THC Vape - Cl\u00e1sico - Lemon Twist | ChillLeaf | Consumibles premium de THC<\/a><\/li><li class=\"rank-math-html-sitemap__item\"><a href=\"https:\/\/chillleaf.eu\/es\/thc-shop\/thc-vapes\/sativa\/vader-thc-vape-classic-pineapple-haze\/\" class=\"rank-math-html-sitemap__link\">Vader THC Vape - Cl\u00e1sico - Pi\u00f1a Haze <\/a><\/li><li class=\"rank-math-html-sitemap__item\"><a href=\"https:\/\/chillleaf.eu\/es\/thc-shop\/thc-vapes\/hybrid\/vader-thc-vape-classic-zkittlez\/\" class=\"rank-math-html-sitemap__link\">Vader THC Vape - Cl\u00e1sico - Zkittlez | ChillLeaf | Consumibles premium de THC<\/a><\/li><li class=\"rank-math-html-sitemap__item\"><a href=\"https:\/\/chillleaf.eu\/es\/thc-shop\/thc-vapes\/indica\/paquete-clasico-de-vader-thc-para-vapear-con-galletas-de-arandanos\/\" class=\"rank-math-html-sitemap__link\">Vader THC Vape - Paquete Cl\u00e1sico - Galletas de Ar\u00e1ndanos | ChillLeaf | Consumibles Premium de THC<\/a><\/li><li class=\"rank-math-html-sitemap__item\"><a href=\"https:\/\/chillleaf.eu\/es\/thc-shop\/thc-vapes\/sativa\/vader-thc-vape-pens-paquete-verde-toque-de-limon\/\" class=\"rank-math-html-sitemap__link\">Vader THC Vape - Paquete Cl\u00e1sico - Lemon Twist | ChillLeaf | Consumibles de THC Premium<\/a><\/li><li class=\"rank-math-html-sitemap__item\"><a href=\"https:\/\/chillleaf.eu\/es\/thc-shop\/thc-vapes\/sativa\/vader-thc-vape-classic-paquete-pina-haze\/\" class=\"rank-math-html-sitemap__link\">Vader THC Vape - Paquete Cl\u00e1sico - Pineapple Haze | ChillLeaf | Consumibles Premium de THC<\/a><\/li><li class=\"rank-math-html-sitemap__item\"><a href=\"https:\/\/chillleaf.eu\/es\/thc-shop\/thc-vapes\/hybrid\/paquete-clasico-de-vapeo-vader-thc-zkittlez\/\" class=\"rank-math-html-sitemap__link\">Vader THC Vape - Paquete Cl\u00e1sico - Zkittlez | ChillLeaf | Consumibles Premium de THC<\/a><\/li><li class=\"rank-math-html-sitemap__item\"><a href=\"https:\/\/chillleaf.eu\/es\/thc-shop\/thc-vapes\/hybrid\/vader-thc-vape-classic-paquete-de-helado-n\u22c541\/\" class=\"rank-math-html-sitemap__link\">Vader THC Vape - Paquete Cl\u00e1sico \u2013 Gelato N\u22c541 | ChillLeaf | Consumibles Premium de THC<\/a><\/li><li class=\"rank-math-html-sitemap__item\"><a href=\"https:\/\/chillleaf.eu\/es\/thc-shop\/thc-vapes\/sativa\/vader-thc-vape-classic-rainbow-pack-clasicos\/\" class=\"rank-math-html-sitemap__link\">Vader THC Vape - Paquete Arco\u00edris Cl\u00e1sico - Cl\u00e1sicos | ChillLeaf | Consumibles de THC Premium<\/a><\/li><li class=\"rank-math-html-sitemap__item\"><a href=\"https:\/\/chillleaf.eu\/es\/thc-shop\/thc-vapes\/sativa\/vader-thc-vape-exotico-california-naranja\/\" class=\"rank-math-html-sitemap__link\">Vader THC Vape - Ex\u00f3tico - Naranja de California <\/a><\/li><li class=\"rank-math-html-sitemap__item\"><a href=\"https:\/\/chillleaf.eu\/es\/thc-shop\/thc-vapes\/hybrid\/vader-thc-vape-mentas-kush-exoticas\/\" class=\"rank-math-html-sitemap__link\">Vader THC Vape - Ex\u00f3tico - Mentas Kush | ChillLeaf | Consumibles premium de THC<\/a><\/li><li class=\"rank-math-html-sitemap__item\"><a href=\"https:\/\/chillleaf.eu\/es\/thc-shop\/thc-vapes\/hybrid\/vader-thc-vape-lavender-jones-exotico\/\" class=\"rank-math-html-sitemap__link\">Vapeador de THC Vader - Ex\u00f3tico - Lavender Jones | ChillLeaf | Consumibles de THC premium<\/a><\/li><li class=\"rank-math-html-sitemap__item\"><a href=\"https:\/\/chillleaf.eu\/es\/thc-shop\/thc-vapes\/indica\/pastel-exotico-londinense-de-vader-thc-para-vapear\/\" class=\"rank-math-html-sitemap__link\">Vader THC Vape - Ex\u00f3tico - London Pound Cake | ChillLeaf | Consumibles premium de THC<\/a><\/li><li class=\"rank-math-html-sitemap__item\"><a href=\"https:\/\/chillleaf.eu\/es\/thc-shop\/thc-vapes\/hybrid\/vader-thc-vape-exotico-purpura-crack\/\" class=\"rank-math-html-sitemap__link\">Vader THC Vape - Ex\u00f3tico - Purple Crack | ChillLeaf | Consumibles premium de THC<\/a><\/li><li class=\"rank-math-html-sitemap__item\"><a href=\"https:\/\/chillleaf.eu\/es\/thc-shop\/thc-vapes\/sativa\/vader-thc-vape-paquete-exotico-california-naranja\/\" class=\"rank-math-html-sitemap__link\">Vader THC Vape - Paquete ex\u00f3tico - Naranja California | ChillLeaf | Consumibles premium de THC<\/a><\/li><li class=\"rank-math-html-sitemap__item\"><a href=\"https:\/\/chillleaf.eu\/es\/thc-shop\/thc-vapes\/hybrid\/vader-thc-vape-paquete-exotico-kush-mints\/\" class=\"rank-math-html-sitemap__link\">Vapeador de THC Vader - Paquete ex\u00f3tico - Mentas Kush | ChillLeaf | Consumibles premium de THC<\/a><\/li><li class=\"rank-math-html-sitemap__item\"><a href=\"https:\/\/chillleaf.eu\/es\/thc-shop\/thc-vapes\/hybrid\/paquete-exotico-de-vaporizador-vader-thc-lavender-jones\/\" class=\"rank-math-html-sitemap__link\">Vapeador de THC Vader - Paquete ex\u00f3tico - Lavender Jones | ChillLeaf | Consumibles premium de THC<\/a><\/li><li class=\"rank-math-html-sitemap__item\"><a href=\"https:\/\/chillleaf.eu\/es\/thc-shop\/thc-vapes\/indica\/paquete-exotico-de-pastel-de-libra-londinense-de-vader-thc-para-vapear\/\" class=\"rank-math-html-sitemap__link\">Vader THC Vape - Paquete ex\u00f3tico - London Pound Cake | ChillLeaf | Consumibles premium de THC<\/a><\/li><li class=\"rank-math-html-sitemap__item\"><a href=\"https:\/\/chillleaf.eu\/es\/thc-shop\/thc-vapes\/hybrid\/paquete-exotico-de-vapeo-de-thc-vader-crack-morado\/\" class=\"rank-math-html-sitemap__link\">Vader THC Vape - Paquete ex\u00f3tico - Purple Crack | ChillLeaf | Consumibles premium de THC<\/a><\/li><li class=\"rank-math-html-sitemap__item\"><a href=\"https:\/\/chillleaf.eu\/es\/thc-shop\/thc-vapes\/sativa\/vader-thc-vape-exotico-paquete-arcoiris-exoticos\/\" class=\"rank-math-html-sitemap__link\">Vader THC Vape - Paquete Arco\u00edris Ex\u00f3tico - Ex\u00f3ticos | ChillLeaf | Consumibles Premium de THC<\/a><\/li><li class=\"rank-math-html-sitemap__item\"><a href=\"https:\/\/chillleaf.eu\/es\/thc-shop\/thc-vapes\/sativa\/paquete-duo-verde-para-vapear-con-thc-de-vader\/\" class=\"rank-math-html-sitemap__link\">Vader THC Vape - Pack d\u00fao verde | ChillLeaf | Consumibles premium de THC<\/a><\/li><li class=\"rank-math-html-sitemap__item\"><a href=\"https:\/\/chillleaf.eu\/es\/thc-shop\/thc-vapes\/sativa\/paquete-duo-naranja-para-vapear-con-thc-de-vader\/\" class=\"rank-math-html-sitemap__link\">Vader THC Vape - Pack d\u00fao naranja | ChillLeaf | Consumibles premium de THC<\/a><\/li><li class=\"rank-math-html-sitemap__item\"><a href=\"https:\/\/chillleaf.eu\/es\/thc-shop\/thc-vapes\/sativa\/paquete-de-mezcla-arcoiris-para-vapear-vader-thc-para-todos-los-gustos\/\" class=\"rank-math-html-sitemap__link\">Vader THC Vape - Paquete Rainbow Mix \u2013 Todos los sabores | ChillLeaf | Consumibles premium de THC<\/a><\/li><li class=\"rank-math-html-sitemap__item\"><a href=\"https:\/\/chillleaf.eu\/es\/thc-shop\/thc-vapes\/hybrid\/vader-thc-vape-pluma-rosa-gelato-n\u22c541\/\" class=\"rank-math-html-sitemap__link\">Vapeador Vader THC - Cl\u00e1sico - Gelato N\u22c541 | ChillLeaf | Consumibles premium de THC<\/a><\/li><\/ul><\/div><div class=\"rank-math-html-sitemap__section rank-math-html-sitemap__section--taxonomy rank-math-html-sitemap__section--category\"><h2 class=\"rank-math-html-sitemap__title\">Categor\u00edas<\/h2><ul class=\"rank-math-html-sitemap__list\"><li class=\"rank-math-html-sitemap__item\"><a href=\"https:\/\/chillleaf.eu\/es\/base-de-categorias\/thc-chocolate\/\" class=\"rank-math-html-sitemap__link\">Chocolate con THC | ChillLeaf | Consumibles premium de THC<\/a><\/li><li class=\"rank-math-html-sitemap__item\"><a href=\"https:\/\/chillleaf.eu\/es\/base-de-categorias\/thc-consumables\/\" class=\"rank-math-html-sitemap__link\">Consumibles de THC | ChillLeaf | Consumibles de THC premium<\/a><\/li><li class=\"rank-math-html-sitemap__item\"><a href=\"https:\/\/chillleaf.eu\/es\/base-de-categorias\/thc-gummies\/\" class=\"rank-math-html-sitemap__link\">Gomitas de THC | ChillLeaf | Consumibles premium de THC<\/a><\/li><li class=\"rank-math-html-sitemap__item\"><a href=\"https:\/\/chillleaf.eu\/es\/base-de-categorias\/thc-vapes\/\" class=\"rank-math-html-sitemap__link\">Vapeadores de THC | ChillLeaf | Consumibles premium de THC<\/a><\/li><\/ul><\/div><div class=\"rank-math-html-sitemap__section rank-math-html-sitemap__section--taxonomy rank-math-html-sitemap__section--product_cat\"><h2 class=\"rank-math-html-sitemap__title\">Categor\u00edas del producto<\/h2><ul class=\"rank-math-html-sitemap__list\"><li class=\"rank-math-html-sitemap__item\"><a href=\"https:\/\/chillleaf.eu\/es\/categoria-de-producto\/thc-vapes\/\" class=\"rank-math-html-sitemap__link\">Archivo de vaporizadores de THC | ChillLeaf | Consumibles premium de THC<\/a><ul class=\"rank-math-html-sitemap__list\"><li class=\"rank-math-html-sitemap__item\"><a href=\"https:\/\/chillleaf.eu\/es\/categoria-de-producto\/thc-vapes\/hybrid\/\" class=\"rank-math-html-sitemap__link\">Archivos de h\u00edbridos | ChillLeaf | Consumibles premium de THC<\/a><\/li><li class=\"rank-math-html-sitemap__item\"><a href=\"https:\/\/chillleaf.eu\/es\/categoria-de-producto\/thc-vapes\/indica\/\" class=\"rank-math-html-sitemap__link\">Archivos de Indica | ChillLeaf | Consumibles premium de THC<\/a><\/li><li class=\"rank-math-html-sitemap__item\"><a href=\"https:\/\/chillleaf.eu\/es\/categoria-de-producto\/thc-vapes\/sativa\/\" class=\"rank-math-html-sitemap__link\">Archivo de Sativa | ChillLeaf | Consumibles premium de THC<\/a><\/li><\/ul><\/li><li class=\"rank-math-html-sitemap__item\"><a href=\"https:\/\/chillleaf.eu\/es\/categoria-de-producto\/clasicos-de-vader\/\" class=\"rank-math-html-sitemap__link\">Archivo de Vader Classics | ChillLeaf | Consumibles premium de THC<\/a><\/li><li class=\"rank-math-html-sitemap__item\"><a href=\"https:\/\/chillleaf.eu\/es\/categoria-de-producto\/exoticos-de-vader\/\" class=\"rank-math-html-sitemap__link\">Archivo de Vader Exotics | ChillLeaf | Consumibles premium de THC<\/a><\/li><\/ul><\/div><\/div><\/div>\n\t\t\t\t\t\t<\/div>\n\t\t\t\t<\/div>\n\t\t\t\t\t<\/div>\n\t\t\t\t<\/div>\n\t\t\t\t<\/div>","protected":false},"excerpt":{"rendered":"<p>Mapa del sitio de ChillLeaf<\/p>","protected":false},"author":1,"featured_media":0,"parent":0,"menu_order":0,"comment_status":"closed","ping_status":"closed","template":"","meta":{"footnotes":""},"class_list":["post-22901","page","type-page","status-publish","hentry"],"_links":{"self":[{"href":"https:\/\/chillleaf.eu\/es\/wp-json\/wp\/v2\/pages\/22901","targetHints":{"allow":["GET"]}}],"collection":[{"href":"https:\/\/chillleaf.eu\/es\/wp-json\/wp\/v2\/pages"}],"about":[{"href":"https:\/\/chillleaf.eu\/es\/wp-json\/wp\/v2\/types\/page"}],"author":[{"embeddable":true,"href":"https:\/\/chillleaf.eu\/es\/wp-json\/wp\/v2\/users\/1"}],"replies":[{"embeddable":true,"href":"https:\/\/chillleaf.eu\/es\/wp-json\/wp\/v2\/comments?post=22901"}],"version-history":[{"count":10,"href":"https:\/\/chillleaf.eu\/es\/wp-json\/wp\/v2\/pages\/22901\/revisions"}],"predecessor-version":[{"id":22915,"href":"https:\/\/chillleaf.eu\/es\/wp-json\/wp\/v2\/pages\/22901\/revisions\/22915"}],"wp:attachment":[{"href":"https:\/\/chillleaf.eu\/es\/wp-json\/wp\/v2\/media?parent=22901"}],"curies":[{"name":"wp","href":"https:\/\/api.w.org\/{rel}","templated":true}]}}