{"id":22543,"date":"2025-09-18T21:42:11","date_gmt":"2025-09-18T21:42:11","guid":{"rendered":"https:\/\/chillleaf.eu\/?page_id=22543"},"modified":"2025-09-18T21:45:42","modified_gmt":"2025-09-18T21:45:42","slug":"refunds-return-policy","status":"publish","type":"page","link":"https:\/\/chillleaf.eu\/fr\/politique-de-retour-des-remboursements\/","title":{"rendered":"Politique de remboursement et de retour"},"content":{"rendered":"<h2 class=\"wp-block-heading\">Politique de remboursement et de retour de Chillleaf<\/h2>\n\n\n\n<p>Chez Chillleaf, nous accordons une grande importance \u00e0 nos clients et nous nous effor\u00e7ons de leur offrir des produits de haute qualit\u00e9 et un service fiable. Cependant, en raison de la nature de notre secteur et de la volatilit\u00e9 des cryptomonnaies, notre politique de remboursement et de retour est plus limit\u00e9e que celle des commerces de d\u00e9tail traditionnels. Veuillez prendre le temps de lire attentivement les informations ci-dessous avant de passer commande.<\/p>\n\n\n\n<hr class=\"wp-block-separator has-alpha-channel-opacity\"\/>\n\n\n\n<h2 class=\"wp-block-heading\">Fen\u00eatre d&#039;\u00e9ligibilit\u00e9<\/h2>\n\n\n\n<p>Notre politique de remboursement et de retour est valable pour <strong>2 jours (48 heures) apr\u00e8s r\u00e9ception de votre colis<\/strong>Si plus de 48 heures se sont \u00e9coul\u00e9es depuis que votre commande a \u00e9t\u00e9 marqu\u00e9e comme livr\u00e9e, nous ne pouvons malheureusement pas offrir de remboursement, d&#039;\u00e9change ou de r\u00e9exp\u00e9dition.<\/p>\n\n\n\n<p>Pour b\u00e9n\u00e9ficier d&#039;un retour :<\/p>\n\n\n\n<ul class=\"wp-block-list\">\n<li>L&#039;article doit \u00eatre <strong>inutilis\u00e9<\/strong>, <strong>non ouvert<\/strong>, et dans l&#039;\u00e9tat exact o\u00f9 vous l&#039;avez re\u00e7u.<\/li>\n\n\n\n<li>L&#039;article doit \u00eatre dans son <strong>emballage d&#039;origine<\/strong>, avec tous les sceaux intacts.<\/li>\n<\/ul>\n\n\n\n<p>Nous ne pouvons pas accepter les retours ni \u00e9mettre de remboursements pour les produits qui ont \u00e9t\u00e9 ouverts, utilis\u00e9s ou alt\u00e9r\u00e9s.<\/p>\n\n\n\n<hr class=\"wp-block-separator has-alpha-channel-opacity\"\/>\n\n\n\n<h2 class=\"wp-block-heading\">Remboursements et r\u00e9exp\u00e9ditions<\/h2>\n\n\n\n<p>D\u00e8s r\u00e9ception de votre retour, notre \u00e9quipe l&#039;inspectera pour v\u00e9rifier son \u00e9ligibilit\u00e9. Vous recevrez ensuite un e-mail confirmant la r\u00e9ception de votre article, ainsi que l&#039;approbation ou le rejet de votre demande de remboursement.<\/p>\n\n\n\n<ul class=\"wp-block-list\">\n<li><strong>Si approuv\u00e9 :<\/strong> Votre remboursement sera trait\u00e9 et les fonds seront recr\u00e9dit\u00e9s sur votre moyen de paiement initial (par exemple, votre portefeuille crypto). Veuillez pr\u00e9voir quelques jours ouvr\u00e9s pour que la transaction apparaisse.<\/li>\n\n\n\n<li><strong>En cas de rejet :<\/strong> Nous vous informerons de la raison et, malheureusement, aucun remboursement ne sera effectu\u00e9.<\/li>\n<\/ul>\n\n\n\n<hr class=\"wp-block-separator has-alpha-channel-opacity\"\/>\n\n\n\n<h2 class=\"wp-block-heading\">Politique d&#039;adresse de livraison<\/h2>\n\n\n\n<p>Il est de votre responsabilit\u00e9 de fournir une adresse de livraison exacte et compl\u00e8te lors du paiement. Remarque\u00a0:<\/p>\n\n\n\n<ul class=\"wp-block-list\">\n<li>Les adresses de livraison peuvent <strong>ne sera mis \u00e0 jour que le jour m\u00eame de la commande<\/strong>, et seulement jusqu&#039;\u00e0 <strong>23h59 ce jour-l\u00e0<\/strong>.<\/li>\n\n\n\n<li>Une fois qu&#039;une commande est marqu\u00e9e <strong>&quot;Complet&quot;<\/strong> (et vous avez re\u00e7u l&#039;email de confirmation), <strong>l&#039;adresse ne peut plus \u00eatre modifi\u00e9e<\/strong>.<\/li>\n\n\n\n<li>Les commandes pass\u00e9es avec une adresse incorrecte seront <strong>pas<\/strong> \u00eatre r\u00e9exp\u00e9di\u00e9 ou rembours\u00e9.<\/li>\n\n\n\n<li>Toute commande avec des adresses incompl\u00e8tes (telles que des num\u00e9ros de maison\/appartement manquants) ou des commandes adress\u00e9es \u00e0 <strong>h\u00f4tels, propri\u00e9t\u00e9s locatives ou h\u00e9bergements temporaires<\/strong> sera \u00e9galement consid\u00e9r\u00e9 <strong>non remboursable et non r\u00e9exp\u00e9dable<\/strong>.<\/li>\n<\/ul>\n\n\n\n<hr class=\"wp-block-separator has-alpha-channel-opacity\"\/>\n\n\n\n<h2 class=\"wp-block-heading\">Articles en solde et \u00e0 prix r\u00e9duit<\/h2>\n\n\n\n<p>Seuls les articles achet\u00e9s chez eux <strong>prix r\u00e9gulier<\/strong> sont \u00e9ligibles \u00e0 un remboursement. Malheureusement, les articles achet\u00e9s sur <strong>vente ou promotion<\/strong> ne sont pas remboursables.<\/p>\n\n\n\n<hr class=\"wp-block-separator has-alpha-channel-opacity\"\/>\n\n\n\n<h2 class=\"wp-block-heading\">\u00c9changes<\/h2>\n\n\n\n<p>Nous rempla\u00e7ons les articles uniquement dans les cas suivants :<\/p>\n\n\n\n<ul class=\"wp-block-list\">\n<li>Si votre article arrive <strong>d\u00e9fectueux ou endommag\u00e9<\/strong>, ou<\/li>\n\n\n\n<li>Si vous avez re\u00e7u le <strong>mauvais produit<\/strong> par erreur.<\/li>\n<\/ul>\n\n\n\n<p>Si vous \u00eates admissible \u00e0 un \u00e9change, nous vous fournirons des instructions pour retourner l&#039;article et, une fois re\u00e7u, nous vous enverrons le remplacement le plus rapidement possible.<\/p>\n\n\n\n<p>Attention : les \u00e9changes sont toujours trait\u00e9s pour le <strong>m\u00eame article<\/strong> achet\u00e9 \u00e0 l&#039;origine.<\/p>\n\n\n\n<hr class=\"wp-block-separator has-alpha-channel-opacity\"\/>\n\n\n\n<h2 class=\"wp-block-heading\">Notes importantes<\/h2>\n\n\n\n<ul class=\"wp-block-list\">\n<li>Les remboursements ne seront \u00e9mis qu&#039;une fois que nous aurons re\u00e7u et inspect\u00e9 l&#039;article retourn\u00e9.<\/li>\n\n\n\n<li>Chillleaf n&#039;est pas responsable des pertes r\u00e9sultant de d\u00e9tails d&#039;exp\u00e9dition incorrects fournis par le client.<\/li>\n\n\n\n<li>Les articles retourn\u00e9s sans autorisation pr\u00e9alable ne seront pas accept\u00e9s.<\/li>\n<\/ul>\n\n\n\n<hr class=\"wp-block-separator has-alpha-channel-opacity\"\/>\n\n\n\n<h2 class=\"wp-block-heading\">Besoin d&#039;aide?<\/h2>\n\n\n\n<p>Nous sommes l\u00e0 pour vous aider. Pour toute question concernant les remboursements, les retours ou les \u00e9changes, veuillez nous contacter via notre <strong><a href=\"https:\/\/chillleaf.eu\/fr\/contact\/\" data-type=\"link\" data-id=\"https:\/\/chillleaf.eu\/contact\/\">[Formulaire de contact]<\/a><\/strong> ou envoyez-nous un e-mail directement \u00e0 :<br><strong><a>info@chillleaf.com<\/a><\/strong><\/p>\n\n\n\n<p>Notre \u00e9quipe examinera votre cas et fera de son mieux pour vous aider.<\/p>\n\n\n\n<hr class=\"wp-block-separator has-alpha-channel-opacity\"\/>\n\n\n\n<p>\u2728 Chez Chillleaf, la satisfaction client est notre priorit\u00e9, tout comme l&#039;\u00e9quit\u00e9. Cette politique nous permet de continuer \u00e0 proposer des produits de haute qualit\u00e9 tout en \u00e9tant transparents sur nos conditions de remboursement et de retour.<\/p>","protected":false},"excerpt":{"rendered":"<p>Chillleaf Refund &amp; Returns Policy At Chillleaf, we value our customers and strive to deliver high-quality products and reliable service. However, due to the nature of our industry and the volatility of cryptocurrencies, our refund and return policy is more limited than traditional retail. Please take a moment to carefully review the details below before [&hellip;]<\/p>","protected":false},"author":1,"featured_media":0,"parent":0,"menu_order":0,"comment_status":"closed","ping_status":"closed","template":"","meta":{"footnotes":""},"class_list":["post-22543","page","type-page","status-publish","hentry"],"_links":{"self":[{"href":"https:\/\/chillleaf.eu\/fr\/wp-json\/wp\/v2\/pages\/22543","targetHints":{"allow":["GET"]}}],"collection":[{"href":"https:\/\/chillleaf.eu\/fr\/wp-json\/wp\/v2\/pages"}],"about":[{"href":"https:\/\/chillleaf.eu\/fr\/wp-json\/wp\/v2\/types\/page"}],"author":[{"embeddable":true,"href":"https:\/\/chillleaf.eu\/fr\/wp-json\/wp\/v2\/users\/1"}],"replies":[{"embeddable":true,"href":"https:\/\/chillleaf.eu\/fr\/wp-json\/wp\/v2\/comments?post=22543"}],"version-history":[{"count":0,"href":"https:\/\/chillleaf.eu\/fr\/wp-json\/wp\/v2\/pages\/22543\/revisions"}],"wp:attachment":[{"href":"https:\/\/chillleaf.eu\/fr\/wp-json\/wp\/v2\/media?parent=22543"}],"curies":[{"name":"wp","href":"https:\/\/api.w.org\/{rel}","templated":true}]}}