{"id":22901,"date":"2025-09-19T23:20:18","date_gmt":"2025-09-19T23:20:18","guid":{"rendered":"https:\/\/chillleaf.eu\/?page_id=22901"},"modified":"2025-09-19T23:23:05","modified_gmt":"2025-09-19T23:23:05","slug":"chillleaf-sitemap","status":"publish","type":"page","link":"https:\/\/chillleaf.eu\/fr\/plan-du-site-chillleaf\/","title":{"rendered":"Plan du site ChillLeaf"},"content":{"rendered":"<div data-elementor-type=\"wp-page\" data-elementor-id=\"22901\" class=\"elementor elementor-22901\" data-elementor-post-type=\"page\">\n\t\t\t\t<div class=\"elementor-element elementor-element-4b373cf e-flex e-con-boxed e-con e-parent\" data-id=\"4b373cf\" data-element_type=\"container\" data-e-type=\"container\">\n\t\t\t\t\t<div class=\"e-con-inner\">\n\t\t\t\t<div class=\"elementor-element elementor-element-014d437 elementor-widget elementor-widget-heading\" data-id=\"014d437\" data-element_type=\"widget\" data-e-type=\"widget\" data-settings=\"{&quot;ekit_we_effect_on&quot;:&quot;none&quot;}\" data-widget_type=\"heading.default\">\n\t\t\t\t<div class=\"elementor-widget-container\">\n\t\t\t\t\t<h2 class=\"elementor-heading-title elementor-size-default\">Plan du site ChillLeaf<\/h2>\t\t\t\t<\/div>\n\t\t\t\t<\/div>\n\t\t\t\t\t<\/div>\n\t\t\t\t<\/div>\n\t\t<div class=\"elementor-element elementor-element-c5dca19 e-flex e-con-boxed e-con e-parent\" data-id=\"c5dca19\" data-element_type=\"container\" data-e-type=\"container\">\n\t\t\t\t\t<div class=\"e-con-inner\">\n\t\t\t\t<div class=\"elementor-element elementor-element-6d3056b elementor-widget elementor-widget-shortcode\" data-id=\"6d3056b\" data-element_type=\"widget\" data-e-type=\"widget\" data-settings=\"{&quot;ekit_we_effect_on&quot;:&quot;none&quot;}\" data-widget_type=\"shortcode.default\">\n\t\t\t\t<div class=\"elementor-widget-container\">\n\t\t\t\t\t\t\t<div class=\"elementor-shortcode\"><div class=\"rank-math-html-sitemap\"><div class=\"rank-math-html-sitemap__section rank-math-html-sitemap__section--post-type rank-math-html-sitemap__section--post\"><h2 class=\"rank-math-html-sitemap__title\">Articles<\/h2><ul class=\"rank-math-html-sitemap__list\"><li class=\"rank-math-html-sitemap__item\"><a href=\"https:\/\/chillleaf.eu\/fr\/blog\/achetez-des-vaporisateurs-de-thc-en-ligne-en-toute-securite-legalement-et-avec-des-produits-de-thc-de-qualite-superieure-chez-chillleaf\/\" class=\"rank-math-html-sitemap__link\">Achetez des vaporisateurs de THC en ligne \u2013 Produits THC s\u00fbrs, l\u00e9gaux et de qualit\u00e9 sup\u00e9rieure chez ChillLeaf \u2013 5 choses \u00e0 savoir | ChillLeaf | Consommables THC de qualit\u00e9 sup\u00e9rieure<\/a><\/li><li class=\"rank-math-html-sitemap__item\"><a href=\"https:\/\/chillleaf.eu\/fr\/blog\/les-vapes-au-thc-expliquees\/\" class=\"rank-math-html-sitemap__link\">Les vapes au THC expliqu\u00e9es\u00a0: pourquoi Chillleaf offre la meilleure exp\u00e9rience de vape shop en Europe | ChillLeaf | Consommables THC premium<\/a><\/li><\/ul><\/div><div class=\"rank-math-html-sitemap__section rank-math-html-sitemap__section--post-type rank-math-html-sitemap__section--page\"><h2 class=\"rank-math-html-sitemap__title\">Pages<\/h2><ul class=\"rank-math-html-sitemap__list\"><li class=\"rank-math-html-sitemap__item\"><a href=\"https:\/\/chillleaf.eu\/fr\/a-propos-de-nous\/\" class=\"rank-math-html-sitemap__link\">\u00c0 propos de nous | Vapes au THC | ChillLeaf | Consommables au THC haut de gamme<\/a><\/li><li class=\"rank-math-html-sitemap__item\"><a href=\"https:\/\/chillleaf.eu\/fr\/chariot\/\" class=\"rank-math-html-sitemap__link\">Panier | ChillLeaf | Consommables THC premium<\/a><\/li><li class=\"rank-math-html-sitemap__item\"><a href=\"https:\/\/chillleaf.eu\/fr\/verifier\/\" class=\"rank-math-html-sitemap__link\">Paiement | ChillLeaf | Consommables THC premium<\/a><\/li><li class=\"rank-math-html-sitemap__item\"><a href=\"https:\/\/chillleaf.eu\/fr\/plan-du-site-chillleaf\/\" class=\"rank-math-html-sitemap__link\">Plan du site ChillLeaf | ChillLeaf | Consommables THC premium<\/a><\/li><li class=\"rank-math-html-sitemap__item\"><a href=\"https:\/\/chillleaf.eu\/fr\/contact\/\" class=\"rank-math-html-sitemap__link\">Contact | ChillLeaf | Consommables THC premium<\/a><\/li><li class=\"rank-math-html-sitemap__item\"><a href=\"https:\/\/chillleaf.eu\/fr\/politique-de-cookies\/\" class=\"rank-math-html-sitemap__link\">Politique relative aux cookies | ChillLeaf | Consommables THC premium<\/a><\/li><li class=\"rank-math-html-sitemap__item\"><a href=\"https:\/\/chillleaf.eu\/fr\/livraison-de-thc\/\" class=\"rank-math-html-sitemap__link\">Livraison de THC | ChillLeaf | Consommables THC premium<\/a><\/li><li class=\"rank-math-html-sitemap__item\"><a href=\"https:\/\/chillleaf.eu\/fr\/faq\/\" class=\"rank-math-html-sitemap__link\">FAQ | ChillLeaf | Consommables THC premium<\/a><\/li><li class=\"rank-math-html-sitemap__item\"><a href=\"https:\/\/chillleaf.eu\/fr\/\" class=\"rank-math-html-sitemap__link\">Accueil | Vapes au THC | ChillLeaf | Consommables au THC haut de gamme<\/a><\/li><li class=\"rank-math-html-sitemap__item\"><a href=\"https:\/\/chillleaf.eu\/fr\/apprendre\/\" class=\"rank-math-html-sitemap__link\">Apprendre | ChillLeaf | Consommateurs de THC de qualit\u00e9 sup\u00e9rieure<\/a><\/li><li class=\"rank-math-html-sitemap__item\"><a href=\"https:\/\/chillleaf.eu\/fr\/mon-compte\/\" class=\"rank-math-html-sitemap__link\">Mon compte | ChillLeaf | Consommables THC premium<\/a><\/li><li class=\"rank-math-html-sitemap__item\"><a href=\"https:\/\/chillleaf.eu\/fr\/politique-de-confidentialite\/\" class=\"rank-math-html-sitemap__link\">Politique de confidentialit\u00e9 | ChillLeaf | Consommables THC premium<\/a><\/li><li class=\"rank-math-html-sitemap__item\"><a href=\"https:\/\/chillleaf.eu\/fr\/politique-de-retour-des-remboursements\/\" class=\"rank-math-html-sitemap__link\">Politique de remboursement et de retour | ChillLeaf | Consommables THC premium<\/a><\/li><li class=\"rank-math-html-sitemap__item\"><a href=\"https:\/\/chillleaf.eu\/fr\/boutique-de-thc\/\" class=\"rank-math-html-sitemap__link\">Boutique | ChillLeaf | Consommables THC premium<\/a><\/li><li class=\"rank-math-html-sitemap__item\"><a href=\"https:\/\/chillleaf.eu\/fr\/boutique\/\" class=\"rank-math-html-sitemap__link\">Boutique | ChillLeaf | Consommables THC premium<\/a><\/li><li class=\"rank-math-html-sitemap__item\"><a href=\"https:\/\/chillleaf.eu\/fr\/termes-et-conditions\/\" class=\"rank-math-html-sitemap__link\">Conditions g\u00e9n\u00e9rales | ChillLeaf | Consommables THC premium<\/a><\/li><li class=\"rank-math-html-sitemap__item\"><a href=\"https:\/\/chillleaf.eu\/fr\/blog\/\" class=\"rank-math-html-sitemap__link\">Blog THC | ChillLeaf | Consommables THC premium<\/a><\/li><li class=\"rank-math-html-sitemap__item\"><a href=\"https:\/\/chillleaf.eu\/fr\/thc-knowledge-hub\/\" class=\"rank-math-html-sitemap__link\">Centre de connaissances sur le THC | ChillLeaf | Consommables THC haut de gamme<\/a><\/li><\/ul><\/div><div class=\"rank-math-html-sitemap__section rank-math-html-sitemap__section--post-type rank-math-html-sitemap__section--keydesign-portfolio\"><h2 class=\"rank-math-html-sitemap__title\">Portefeuille<\/h2><ul class=\"rank-math-html-sitemap__list\"><li class=\"rank-math-html-sitemap__item\"><a href=\"https:\/\/chillleaf.eu\/fr\/centre-de-connaissances-sur-le-thc-2\/cannabis-pour-les-acouphenes\/\" class=\"rank-math-html-sitemap__link\">Cannabis contre les acouph\u00e8nes | ChillLeaf | Consommables THC premium<\/a><\/li><li class=\"rank-math-html-sitemap__item\"><a href=\"https:\/\/chillleaf.eu\/fr\/centre-de-connaissances-sur-le-thc-2\/cannabis-medical-pour-le-tdah\/\" class=\"rank-math-html-sitemap__link\">Cannabis m\u00e9dical pour le TDAH | ChillLeaf | Consommables au THC de qualit\u00e9 sup\u00e9rieure<\/a><\/li><li class=\"rank-math-html-sitemap__item\"><a href=\"https:\/\/chillleaf.eu\/fr\/centre-de-connaissances-sur-le-thc-2\/cannabis-medical-pour-le-cancer\/\" class=\"rank-math-html-sitemap__link\">Cannabis m\u00e9dical contre le cancer | ChillLeaf | Consommables au THC de qualit\u00e9 sup\u00e9rieure<\/a><\/li><li class=\"rank-math-html-sitemap__item\"><a href=\"https:\/\/chillleaf.eu\/fr\/centre-de-connaissances-sur-le-thc-2\/cannabis-medical-pour-la-douleur-chronique\/\" class=\"rank-math-html-sitemap__link\">Cannabis m\u00e9dical pour les douleurs chroniques | ChillLeaf | Consommables au THC de qualit\u00e9 sup\u00e9rieure<\/a><\/li><li class=\"rank-math-html-sitemap__item\"><a href=\"https:\/\/chillleaf.eu\/fr\/centre-de-connaissances-sur-le-thc-2\/cannabis-medical-pour-la-depression\/\" class=\"rank-math-html-sitemap__link\">Cannabis m\u00e9dical contre la d\u00e9pression | ChillLeaf | Consommables au THC de qualit\u00e9 sup\u00e9rieure<\/a><\/li><li class=\"rank-math-html-sitemap__item\"><a href=\"https:\/\/chillleaf.eu\/fr\/centre-de-connaissances-sur-le-thc-2\/cannabis-medical-pour-les-douleurs-menstruelles\/\" class=\"rank-math-html-sitemap__link\">Cannabis th\u00e9rapeutique pour les douleurs menstruelles | ChillLeaf | Produits de qualit\u00e9 sup\u00e9rieure \u00e0 base de THC<\/a><\/li><li class=\"rank-math-html-sitemap__item\"><a href=\"https:\/\/chillleaf.eu\/fr\/centre-de-connaissances-sur-le-thc-2\/cannabis-medical-pour-les-migraines\/\" class=\"rank-math-html-sitemap__link\">Cannabis m\u00e9dical contre les migraines | ChillLeaf | Consommables au THC de qualit\u00e9 sup\u00e9rieure<\/a><\/li><li class=\"rank-math-html-sitemap__item\"><a href=\"https:\/\/chillleaf.eu\/fr\/centre-de-connaissances-sur-le-thc-2\/le-thc-pour-les-troubles-du-sommeil\/\" class=\"rank-math-html-sitemap__link\">THC pour les troubles du sommeil et l&#039;insomnie | ChillLeaf | Consommables THC premium<\/a><\/li><\/ul><\/div><div class=\"rank-math-html-sitemap__section rank-math-html-sitemap__section--post-type rank-math-html-sitemap__section--product\"><h2 class=\"rank-math-html-sitemap__title\">Produits<\/h2><ul class=\"rank-math-html-sitemap__list\"><li class=\"rank-math-html-sitemap__item\"><a href=\"https:\/\/chillleaf.eu\/fr\/thc-shop\/thc-vapes\/pack-trio-bleu-vape-vader-thc\/\" class=\"rank-math-html-sitemap__link\">Vader THC Vape - Pack Trio Bleu - Mix | ChillLeaf | Consommables THC premium<\/a><\/li><li class=\"rank-math-html-sitemap__item\"><a href=\"https:\/\/chillleaf.eu\/fr\/thc-shop\/thc-vapes\/indica\/biscuits-classiques-aux-myrtilles-vaper-au-thc-vader\/\" class=\"rank-math-html-sitemap__link\">Vader THC Vape - Classique - Cookies aux myrtilles | ChillLeaf | Consommables THC premium<\/a><\/li><li class=\"rank-math-html-sitemap__item\"><a href=\"https:\/\/chillleaf.eu\/fr\/thc-shop\/thc-vapes\/sativa\/vape-classique-au-citron-et-au-thc-vader\/\" class=\"rank-math-html-sitemap__link\">Vader THC Vape - Classique - Lemon Twist | ChillLeaf | Consommables THC premium<\/a><\/li><li class=\"rank-math-html-sitemap__item\"><a href=\"https:\/\/chillleaf.eu\/fr\/thc-shop\/thc-vapes\/sativa\/vape-vader-thc-classique-ananas-haze\/\" class=\"rank-math-html-sitemap__link\">Vader THC Vape - Classique - Brume d&#039;ananas <\/a><\/li><li class=\"rank-math-html-sitemap__item\"><a href=\"https:\/\/chillleaf.eu\/fr\/thc-shop\/thc-vapes\/hybrid\/vape-classique-vader-thc-zkittlez\/\" class=\"rank-math-html-sitemap__link\">Vader THC Vape - Classique - Zkittlez | ChillLeaf | Consommables THC premium<\/a><\/li><li class=\"rank-math-html-sitemap__item\"><a href=\"https:\/\/chillleaf.eu\/fr\/thc-shop\/thc-vapes\/indica\/vader-thc-vape-classic-package-biscuits-aux-myrtilles\/\" class=\"rank-math-html-sitemap__link\">Vape Vader THC - Pack Classique - Cookies aux Myrtilles | ChillLeaf | Consommables THC Premium<\/a><\/li><li class=\"rank-math-html-sitemap__item\"><a href=\"https:\/\/chillleaf.eu\/fr\/thc-shop\/thc-vapes\/sativa\/vader-thc-vape-stylos-paquet-vert-zeste-de-citron\/\" class=\"rank-math-html-sitemap__link\">Vader THC Vape - Pack Classique - Lemon Twist | ChillLeaf | Consommables THC premium<\/a><\/li><li class=\"rank-math-html-sitemap__item\"><a href=\"https:\/\/chillleaf.eu\/fr\/thc-shop\/thc-vapes\/sativa\/vape-classique-vader-thc-paquet-de-brume-dananas\/\" class=\"rank-math-html-sitemap__link\">Vader THC Vape - Pack Classique - Ananas | ChillLeaf | Consommables THC Premium<\/a><\/li><li class=\"rank-math-html-sitemap__item\"><a href=\"https:\/\/chillleaf.eu\/fr\/thc-shop\/thc-vapes\/hybrid\/pack-vape-classique-vader-thc-zkittlez\/\" class=\"rank-math-html-sitemap__link\">Vader THC Vape - Pack Classique - Zkittlez | ChillLeaf | Consommables THC Premium<\/a><\/li><li class=\"rank-math-html-sitemap__item\"><a href=\"https:\/\/chillleaf.eu\/fr\/thc-shop\/thc-vapes\/hybrid\/vader-thc-vape-classic-package-gelato-n\u22c541\/\" class=\"rank-math-html-sitemap__link\">Vape Vader THC - Pack Classique \u2013 Gelato N\u22c541 | ChillLeaf | Consommables THC Premium<\/a><\/li><li class=\"rank-math-html-sitemap__item\"><a href=\"https:\/\/chillleaf.eu\/fr\/thc-shop\/thc-vapes\/sativa\/vader-thc-vape-classic-rainbow-pack-classiques\/\" class=\"rank-math-html-sitemap__link\">Vader THC Vape - Pack Arc-en-ciel Classique - Classiques | ChillLeaf | Consommables THC Premium<\/a><\/li><li class=\"rank-math-html-sitemap__item\"><a href=\"https:\/\/chillleaf.eu\/fr\/thc-shop\/thc-vapes\/sativa\/vapoteuse-vader-thc-orange-exotique-de-californie\/\" class=\"rank-math-html-sitemap__link\">Vader THC Vape - Exotique - Orange de Californie <\/a><\/li><li class=\"rank-math-html-sitemap__item\"><a href=\"https:\/\/chillleaf.eu\/fr\/thc-shop\/thc-vapes\/hybrid\/vapotage-vader-thc-menthes-kush-exotiques\/\" class=\"rank-math-html-sitemap__link\">Vader THC Vape \u2013 Exotic \u2013 Menthes Kush | ChillLeaf | Consommables THC premium<\/a><\/li><li class=\"rank-math-html-sitemap__item\"><a href=\"https:\/\/chillleaf.eu\/fr\/thc-shop\/thc-vapes\/hybrid\/vapoteuse-vader-thc-lavande-exotique-jones\/\" class=\"rank-math-html-sitemap__link\">Vader THC Vape - Exotic - Lavender Jones | ChillLeaf | Consommables THC premium<\/a><\/li><li class=\"rank-math-html-sitemap__item\"><a href=\"https:\/\/chillleaf.eu\/fr\/thc-shop\/thc-vapes\/indica\/gateau-quatre-quarts-exotique-londonien-vape-vader-thc\/\" class=\"rank-math-html-sitemap__link\">Vape Vader THC - Exotique - London Pound Cake | ChillLeaf | Consommables THC premium<\/a><\/li><li class=\"rank-math-html-sitemap__item\"><a href=\"https:\/\/chillleaf.eu\/fr\/thc-shop\/thc-vapes\/hybrid\/vapotage-vader-thc-crack-violet-exotique\/\" class=\"rank-math-html-sitemap__link\">Vader THC Vape \u2013 Exotic \u2013 Purple Crack | ChillLeaf | Consommables THC premium<\/a><\/li><li class=\"rank-math-html-sitemap__item\"><a href=\"https:\/\/chillleaf.eu\/fr\/thc-shop\/thc-vapes\/sativa\/vape-vader-thc-paquet-exotique-orange-californie\/\" class=\"rank-math-html-sitemap__link\">Vader THC Vape - Pack Exotique - Orange de Californie | ChillLeaf | Consommables THC premium<\/a><\/li><li class=\"rank-math-html-sitemap__item\"><a href=\"https:\/\/chillleaf.eu\/fr\/thc-shop\/thc-vapes\/hybrid\/vape-vader-thc-paquet-exotique-menthes-kush\/\" class=\"rank-math-html-sitemap__link\">Vader THC Vape - Pack exotique - Menthes Kush | ChillLeaf | Consommables THC premium<\/a><\/li><li class=\"rank-math-html-sitemap__item\"><a href=\"https:\/\/chillleaf.eu\/fr\/thc-shop\/thc-vapes\/hybrid\/vape-vader-thc-paquet-exotique-lavande-jones\/\" class=\"rank-math-html-sitemap__link\">Vader THC Vape - Pack exotique - Lavender Jones | ChillLeaf | Consommables THC premium<\/a><\/li><li class=\"rank-math-html-sitemap__item\"><a href=\"https:\/\/chillleaf.eu\/fr\/thc-shop\/thc-vapes\/indica\/vape-vader-thc-paquet-exotique-quatre-quarts-de-londres\/\" class=\"rank-math-html-sitemap__link\">Vape Vader THC - Pack exotique - London Pound Cake | ChillLeaf | Consommables THC premium<\/a><\/li><li class=\"rank-math-html-sitemap__item\"><a href=\"https:\/\/chillleaf.eu\/fr\/thc-shop\/thc-vapes\/hybrid\/vapoteuse-vader-thc-paquet-exotique-crack-violet\/\" class=\"rank-math-html-sitemap__link\">Vader THC Vape - Pack Exotique - Purple Crack | ChillLeaf | Consommables THC Premium<\/a><\/li><li class=\"rank-math-html-sitemap__item\"><a href=\"https:\/\/chillleaf.eu\/fr\/thc-shop\/thc-vapes\/sativa\/vape-vader-thc-pack-arc-en-ciel-exotique-exotiques\/\" class=\"rank-math-html-sitemap__link\">Vader THC Vape - Pack Exotic Rainbow - Exotics | ChillLeaf | Consommables THC premium<\/a><\/li><li class=\"rank-math-html-sitemap__item\"><a href=\"https:\/\/chillleaf.eu\/fr\/thc-shop\/thc-vapes\/sativa\/pack-duo-vape-vert-vader-thc\/\" class=\"rank-math-html-sitemap__link\">Vader THC Vape - Pack Duo Vert | ChillLeaf | Consommables THC Premium<\/a><\/li><li class=\"rank-math-html-sitemap__item\"><a href=\"https:\/\/chillleaf.eu\/fr\/thc-shop\/thc-vapes\/sativa\/pack-duo-vape-orange-vader-thc\/\" class=\"rank-math-html-sitemap__link\">Vader THC Vape - Pack Duo Orange | ChillLeaf | Consommables THC premium<\/a><\/li><li class=\"rank-math-html-sitemap__item\"><a href=\"https:\/\/chillleaf.eu\/fr\/thc-shop\/thc-vapes\/sativa\/vader-thc-vape-rainbow-mix-package-tous-les-gouts\/\" class=\"rank-math-html-sitemap__link\">Vader THC Vape - Pack Rainbow Mix \u2013 Tous les go\u00fbts | ChillLeaf | Consommables THC premium<\/a><\/li><li class=\"rank-math-html-sitemap__item\"><a href=\"https:\/\/chillleaf.eu\/fr\/thc-shop\/thc-vapes\/hybrid\/vader-thc-vape-stylo-rose-gelato-n\u22c541\/\" class=\"rank-math-html-sitemap__link\">Stylo vape Vader THC \u2013 Classique \u2013 Gelato N\u22c541 | ChillLeaf | Consommables THC premium<\/a><\/li><\/ul><\/div><div class=\"rank-math-html-sitemap__section rank-math-html-sitemap__section--taxonomy rank-math-html-sitemap__section--category\"><h2 class=\"rank-math-html-sitemap__title\">Cat\u00e9gories<\/h2><ul class=\"rank-math-html-sitemap__list\"><li class=\"rank-math-html-sitemap__item\"><a href=\"https:\/\/chillleaf.eu\/fr\/base-de-categorie\/thc-chocolate\/\" class=\"rank-math-html-sitemap__link\">Chocolat au THC | ChillLeaf | Consommables au THC de qualit\u00e9 sup\u00e9rieure<\/a><\/li><li class=\"rank-math-html-sitemap__item\"><a href=\"https:\/\/chillleaf.eu\/fr\/base-de-categorie\/thc-consumables\/\" class=\"rank-math-html-sitemap__link\">Consommables THC | ChillLeaf | Consommables THC premium<\/a><\/li><li class=\"rank-math-html-sitemap__item\"><a href=\"https:\/\/chillleaf.eu\/fr\/base-de-categorie\/thc-gummies\/\" class=\"rank-math-html-sitemap__link\">Gummies au THC | ChillLeaf | Consommables au THC de qualit\u00e9 sup\u00e9rieure<\/a><\/li><li class=\"rank-math-html-sitemap__item\"><a href=\"https:\/\/chillleaf.eu\/fr\/base-de-categorie\/thc-vapes\/\" class=\"rank-math-html-sitemap__link\">Vapes au THC | ChillLeaf | Consommables au THC haut de gamme<\/a><\/li><\/ul><\/div><div class=\"rank-math-html-sitemap__section rank-math-html-sitemap__section--taxonomy rank-math-html-sitemap__section--product_cat\"><h2 class=\"rank-math-html-sitemap__title\">Cat\u00e9gories de produits<\/h2><ul class=\"rank-math-html-sitemap__list\"><li class=\"rank-math-html-sitemap__item\"><a href=\"https:\/\/chillleaf.eu\/fr\/categorie-de-produit\/thc-vapes\/\" class=\"rank-math-html-sitemap__link\">Archives des vapes au THC | ChillLeaf | Consommables au THC haut de gamme<\/a><ul class=\"rank-math-html-sitemap__list\"><li class=\"rank-math-html-sitemap__item\"><a href=\"https:\/\/chillleaf.eu\/fr\/categorie-de-produit\/thc-vapes\/hybrid\/\" class=\"rank-math-html-sitemap__link\">Archives hybrides | ChillLeaf | Consommables THC premium<\/a><\/li><li class=\"rank-math-html-sitemap__item\"><a href=\"https:\/\/chillleaf.eu\/fr\/categorie-de-produit\/thc-vapes\/indica\/\" class=\"rank-math-html-sitemap__link\">Archives Indica | ChillLeaf | Consommables THC premium<\/a><\/li><li class=\"rank-math-html-sitemap__item\"><a href=\"https:\/\/chillleaf.eu\/fr\/categorie-de-produit\/thc-vapes\/sativa\/\" class=\"rank-math-html-sitemap__link\">Archives Sativa | ChillLeaf | Consommables THC premium<\/a><\/li><\/ul><\/li><li class=\"rank-math-html-sitemap__item\"><a href=\"https:\/\/chillleaf.eu\/fr\/categorie-de-produit\/classiques-de-vador\/\" class=\"rank-math-html-sitemap__link\">Archives Vader Classics | ChillLeaf | Consommables THC premium<\/a><\/li><li class=\"rank-math-html-sitemap__item\"><a href=\"https:\/\/chillleaf.eu\/fr\/categorie-de-produit\/vador-exotics\/\" class=\"rank-math-html-sitemap__link\">Archives Vader Exotics | ChillLeaf | Consommables THC premium<\/a><\/li><\/ul><\/div><\/div><\/div>\n\t\t\t\t\t\t<\/div>\n\t\t\t\t<\/div>\n\t\t\t\t\t<\/div>\n\t\t\t\t<\/div>\n\t\t\t\t<\/div>","protected":false},"excerpt":{"rendered":"<p>Plan du site ChillLeaf<\/p>","protected":false},"author":1,"featured_media":0,"parent":0,"menu_order":0,"comment_status":"closed","ping_status":"closed","template":"","meta":{"footnotes":""},"class_list":["post-22901","page","type-page","status-publish","hentry"],"_links":{"self":[{"href":"https:\/\/chillleaf.eu\/fr\/wp-json\/wp\/v2\/pages\/22901","targetHints":{"allow":["GET"]}}],"collection":[{"href":"https:\/\/chillleaf.eu\/fr\/wp-json\/wp\/v2\/pages"}],"about":[{"href":"https:\/\/chillleaf.eu\/fr\/wp-json\/wp\/v2\/types\/page"}],"author":[{"embeddable":true,"href":"https:\/\/chillleaf.eu\/fr\/wp-json\/wp\/v2\/users\/1"}],"replies":[{"embeddable":true,"href":"https:\/\/chillleaf.eu\/fr\/wp-json\/wp\/v2\/comments?post=22901"}],"version-history":[{"count":10,"href":"https:\/\/chillleaf.eu\/fr\/wp-json\/wp\/v2\/pages\/22901\/revisions"}],"predecessor-version":[{"id":22915,"href":"https:\/\/chillleaf.eu\/fr\/wp-json\/wp\/v2\/pages\/22901\/revisions\/22915"}],"wp:attachment":[{"href":"https:\/\/chillleaf.eu\/fr\/wp-json\/wp\/v2\/media?parent=22901"}],"curies":[{"name":"wp","href":"https:\/\/api.w.org\/{rel}","templated":true}]}}