{"id":21889,"date":"2025-09-09T20:54:14","date_gmt":"2025-09-09T20:54:14","guid":{"rendered":"https:\/\/chillleaf.eu\/?post_type=product&#038;p=21889"},"modified":"2026-03-31T06:02:29","modified_gmt":"2026-03-31T06:02:29","slug":"vader-thc-vape-classic-pineapple-haze","status":"publish","type":"product","link":"https:\/\/chillleaf.eu\/fr\/thc-shop\/thc-vapes\/sativa\/vape-vader-thc-classique-ananas-haze\/","title":{"rendered":"Vader THC Vape \u2013 Classique \u2013 Brume d&#039;ananas"},"content":{"rendered":"<div><strong>Description:<\/strong><\/div>\n<div>Stylo vape THC jetable \u2013 Orange \u2013 Ananas<br \/>\n1 ml<br \/>\n1000 mg de THC\/ml<br \/>\nTHC ultra-pur<br \/>\nDure jusqu&#039;\u00e0 2 mois \u2013 800 coups<\/div>\n<div>Distillat de THC de qualit\u00e9 sup\u00e9rieure<\/div>\n<div>\n<p>Cannabino\u00efdes totaux 95%<br \/>\nBatterie rechargeable USB-C<br \/>\nTirez pour activer<\/p>\n<p><span style=\"font-size: 16px;\"><strong>Informations compl\u00e9mentaires :<\/strong><br \/>\nIngr\u00e9dients : Distillat de THC, Terp\u00e8nes<br \/>\n<\/span><span style=\"font-size: 16px;\">Ce stylo vape jetable est pr\u00eat \u00e0 l&#039;emploi. Produit sans porcelaine\u00a0\u2013 Qualit\u00e9 garantie\u00a0!<\/span><\/p>\n<p><strong><span style=\"font-size: 16px;\">Avis de non-responsabilit\u00e9 :<br \/>\n<\/span><\/strong><span style=\"font-size: 16px;\">Chaque pays a ses propres lois concernant les produits \u00e0 base de cannabis.<br \/>\n<\/span><span style=\"font-size: 16px;\">Veuillez tenir compte des lois en vigueur dans votre pays.<br \/>\n<\/span><span style=\"font-size: 16px;\">Ne conduisez pas de v\u00e9hicule apr\u00e8s avoir consomm\u00e9 ce produit.\u00a0<\/span><\/p>\n<\/div>","protected":false},"excerpt":{"rendered":"<div>Stylo vape THC jetable \u2013 Orange \u2013 Ananas<br \/>\n1 ml<br \/>\n1000 mg de THC\/ml<br \/>\nTHC ultra-pur<br \/>\nDure jusqu&#039;\u00e0 2 mois \u2013 800 coups<\/div>\n<div>Distillat de THC de qualit\u00e9 sup\u00e9rieure<\/div>\n<div>\n<p>Cannabino\u00efdes totaux 95%<br \/>\nBatterie rechargeable USB-C<br \/>\nTirez pour activer<\/p>\n<\/div>","protected":false},"featured_media":21744,"comment_status":"open","ping_status":"closed","template":"","meta":[],"product_brand":[59],"product_cat":[40,39,41],"product_tag":[42,43,44,45,46,47,48,49,50,51],"class_list":{"0":"post-21889","1":"product","2":"type-product","3":"status-publish","4":"has-post-thumbnail","6":"product_brand-vader","7":"product_cat-sativa","8":"product_cat-thc-vapes","9":"product_cat-vader-classics","10":"product_tag-austria","11":"product_tag-buy-thc-vape","12":"product_tag-france","13":"product_tag-germany","14":"product_tag-italy","15":"product_tag-switzerland","16":"product_tag-thc-vape","17":"product_tag-thc-vape-pen","18":"product_tag-vape","19":"product_tag-vape-pen","21":"first","22":"instock","23":"sale","24":"featured","25":"shipping-taxable","26":"purchasable","27":"product-type-simple"},"_links":{"self":[{"href":"https:\/\/chillleaf.eu\/fr\/wp-json\/wp\/v2\/product\/21889","targetHints":{"allow":["GET"]}}],"collection":[{"href":"https:\/\/chillleaf.eu\/fr\/wp-json\/wp\/v2\/product"}],"about":[{"href":"https:\/\/chillleaf.eu\/fr\/wp-json\/wp\/v2\/types\/product"}],"replies":[{"embeddable":true,"href":"https:\/\/chillleaf.eu\/fr\/wp-json\/wp\/v2\/comments?post=21889"}],"version-history":[{"count":0,"href":"https:\/\/chillleaf.eu\/fr\/wp-json\/wp\/v2\/product\/21889\/revisions"}],"wp:featuredmedia":[{"embeddable":true,"href":"https:\/\/chillleaf.eu\/fr\/wp-json\/wp\/v2\/media\/21744"}],"wp:attachment":[{"href":"https:\/\/chillleaf.eu\/fr\/wp-json\/wp\/v2\/media?parent=21889"}],"wp:term":[{"taxonomy":"product_brand","embeddable":true,"href":"https:\/\/chillleaf.eu\/fr\/wp-json\/wp\/v2\/product_brand?post=21889"},{"taxonomy":"product_cat","embeddable":true,"href":"https:\/\/chillleaf.eu\/fr\/wp-json\/wp\/v2\/product_cat?post=21889"},{"taxonomy":"product_tag","embeddable":true,"href":"https:\/\/chillleaf.eu\/fr\/wp-json\/wp\/v2\/product_tag?post=21889"}],"curies":[{"name":"wp","href":"https:\/\/api.w.org\/{rel}","templated":true}]}}