{"id":21913,"date":"2025-09-09T20:54:15","date_gmt":"2025-09-09T20:54:15","guid":{"rendered":"https:\/\/chillleaf.eu\/?post_type=product&#038;p=21913"},"modified":"2025-12-03T23:55:04","modified_gmt":"2025-12-03T23:55:04","slug":"vader-thc-vape-green-duo-pack","status":"publish","type":"product","link":"https:\/\/chillleaf.eu\/fr\/thc-shop\/thc-vapes\/hybrid\/pack-duo-vape-vert-vader-thc\/","title":{"rendered":"Vader THC Vape \u2013 Pack Duo Vert"},"content":{"rendered":"<div><strong>Description:<\/strong><\/div>\n<div>Stylos \u00e0 vapotage Vader THC \u2013 Pack duo vert<br \/>\n1x Stylo vape THC jetable \u2013 Vert \u2013 Lemon Twist<br \/>\n1x Stylo vape THC jetable \u2013 Exotique \u2013 Kush Mints<br \/>\n1 ml<br \/>\n1000 mg de THC\/ml<br \/>\nTHC ultra-pur<br \/>\nDure jusqu&#039;\u00e0 2 mois \u2013 800 coups<\/div>\n<div>Distillat de THC de qualit\u00e9 sup\u00e9rieure<\/div>\n<div>\n<p>Cannabino\u00efdes totaux 95%<br \/>\nBatterie rechargeable USB-C<br \/>\nTirez pour activer<\/p>\n<p><strong>Informations compl\u00e9mentaires :<\/strong><br \/>\nIngr\u00e9dients : Distillat de THC, Terp\u00e8nes<br \/>\nCe stylo vape jetable est pr\u00eat \u00e0 l&#039;emploi. Produit sans porcelaine\u00a0\u2013 Qualit\u00e9 garantie\u00a0!<\/p>\n<p><strong>Avis de non-responsabilit\u00e9 :<br \/>\n<\/strong>Chaque pays a ses propres lois concernant les produits \u00e0 base de cannabis.<br \/>\nVeuillez tenir compte des lois en vigueur dans votre pays.<br \/>\nNe conduisez pas de v\u00e9hicule apr\u00e8s avoir consomm\u00e9 ce produit.<\/p>\n<\/div>","protected":false},"excerpt":{"rendered":"<div>\n<div><strong>Description:<\/strong><\/div>\n<div>Stylos \u00e0 vapotage Vader THC \u2013 Pack duo vert<br \/>\n1 x Stylo vape THC jetable \u2013 Vert \u2013 Lemon Twist<br \/>\n1 x Stylo vape THC jetable \u2013 Exotique \u2013 Kush Mints<\/div>\n<\/div>\n<div>1 ml<br \/>\n1000 mg de THC\/ml<br \/>\nTHC ultra-pur<br \/>\nDure jusqu&#039;\u00e0 2 mois \u2013 800 coups<\/div>\n<div>Distillat de THC de qualit\u00e9 sup\u00e9rieure<\/div>\n<div>\n<p>Cannabino\u00efdes totaux 95%<br \/>\nBatterie rechargeable USB-C<br \/>\nTirez pour activer<\/p>\n<\/div>","protected":false},"featured_media":21854,"comment_status":"open","ping_status":"closed","template":"","meta":[],"product_brand":[59],"product_cat":[52,40,39,41,55],"product_tag":[56],"class_list":{"0":"post-21913","1":"product","2":"type-product","3":"status-publish","4":"has-post-thumbnail","6":"product_brand-vader","7":"product_cat-hybrid","8":"product_cat-sativa","9":"product_cat-thc-vapes","10":"product_cat-vader-classics","11":"product_cat-vader-exotics","12":"product_tag-thc-vapes","14":"first","15":"instock","16":"sale","17":"featured","18":"shipping-taxable","19":"purchasable","20":"product-type-simple"},"_links":{"self":[{"href":"https:\/\/chillleaf.eu\/fr\/wp-json\/wp\/v2\/product\/21913","targetHints":{"allow":["GET"]}}],"collection":[{"href":"https:\/\/chillleaf.eu\/fr\/wp-json\/wp\/v2\/product"}],"about":[{"href":"https:\/\/chillleaf.eu\/fr\/wp-json\/wp\/v2\/types\/product"}],"replies":[{"embeddable":true,"href":"https:\/\/chillleaf.eu\/fr\/wp-json\/wp\/v2\/comments?post=21913"}],"version-history":[{"count":1,"href":"https:\/\/chillleaf.eu\/fr\/wp-json\/wp\/v2\/product\/21913\/revisions"}],"predecessor-version":[{"id":23146,"href":"https:\/\/chillleaf.eu\/fr\/wp-json\/wp\/v2\/product\/21913\/revisions\/23146"}],"wp:featuredmedia":[{"embeddable":true,"href":"https:\/\/chillleaf.eu\/fr\/wp-json\/wp\/v2\/media\/21854"}],"wp:attachment":[{"href":"https:\/\/chillleaf.eu\/fr\/wp-json\/wp\/v2\/media?parent=21913"}],"wp:term":[{"taxonomy":"product_brand","embeddable":true,"href":"https:\/\/chillleaf.eu\/fr\/wp-json\/wp\/v2\/product_brand?post=21913"},{"taxonomy":"product_cat","embeddable":true,"href":"https:\/\/chillleaf.eu\/fr\/wp-json\/wp\/v2\/product_cat?post=21913"},{"taxonomy":"product_tag","embeddable":true,"href":"https:\/\/chillleaf.eu\/fr\/wp-json\/wp\/v2\/product_tag?post=21913"}],"curies":[{"name":"wp","href":"https:\/\/api.w.org\/{rel}","templated":true}]}}