{"id":21914,"date":"2025-09-09T20:54:15","date_gmt":"2025-09-09T20:54:15","guid":{"rendered":"https:\/\/chillleaf.eu\/?post_type=product&#038;p=21914"},"modified":"2025-12-03T23:55:18","modified_gmt":"2025-12-03T23:55:18","slug":"vader-thc-vape-orange-duo-pack","status":"publish","type":"product","link":"https:\/\/chillleaf.eu\/fr\/thc-shop\/thc-vapes\/sativa\/pack-duo-vape-orange-vader-thc\/","title":{"rendered":"Vader THC Vape \u2013 Pack Duo Orange"},"content":{"rendered":"<div><strong>Description:<\/strong><\/div>\n<div>Vader THC Vapes \u2013 Pack Duo Orange<br \/>\n1x Vape THC jetable \u2013 Orange \u2013 Ananas<br \/>\n1x Vape THC jetable \u2013 Exotique \u2013 Orange de Californie<br \/>\n1 ml<br \/>\n1000 mg de THC\/ml<br \/>\nTHC ultra-pur<br \/>\nDure jusqu&#039;\u00e0 2 mois \u2013 800 coups<\/div>\n<div>Distillat de THC de qualit\u00e9 sup\u00e9rieure<\/div>\n<div>\n<p>Cannabino\u00efdes totaux 95%<br \/>\nBatterie rechargeable USB-C<br \/>\nTirez pour activer<\/p>\n<p><strong>Informations compl\u00e9mentaires :<\/strong><br \/>\nIngr\u00e9dients : Distillat de THC, Terp\u00e8nes<br \/>\nCe stylo vape jetable est pr\u00eat \u00e0 l&#039;emploi. Produit sans porcelaine\u00a0\u2013 Qualit\u00e9 garantie\u00a0!<\/p>\n<p><strong>Avis de non-responsabilit\u00e9 :<br \/>\n<\/strong>Chaque pays a ses propres lois concernant les produits \u00e0 base de cannabis.<br \/>\nVeuillez tenir compte des lois en vigueur dans votre pays.<br \/>\nNe conduisez pas de v\u00e9hicule apr\u00e8s avoir consomm\u00e9 ce produit.<\/p>\n<\/div>","protected":false},"excerpt":{"rendered":"<p>&nbsp;<\/p>\n<p>D\u00e9couvrez le NOUVEAU Vader THC Vape Pen \u2013 Pack Duo Orange. Ce pack comprend un stylo jetable au THC au parfum rafra\u00eechissant d&#039;ananas et un stylo jetable au parfum exotique d&#039;orange de Californie. Chaque stylo contient 1 ml de THC ultra pur \u00e0 une concentration de 1000 mg de THC\/ml, pour une exp\u00e9rience de vapotage haut de gamme. Avec une teneur totale en cannabino\u00efdes de 95% et une batterie rechargeable USB-C, ces stylos offrent jusqu&#039;\u00e0 800 bouff\u00e9es et une autonomie de 2 mois. Il suffit de tirer pour activer et plonger dans l&#039;univers des vapes au THC.<\/p>","protected":false},"featured_media":21861,"comment_status":"open","ping_status":"closed","template":"","meta":[],"product_brand":[59],"product_cat":[40,39,41,55],"product_tag":[42,43,45,46,57,47,48,49,56],"class_list":{"0":"post-21914","1":"product","2":"type-product","3":"status-publish","4":"has-post-thumbnail","6":"product_brand-vader","7":"product_cat-sativa","8":"product_cat-thc-vapes","9":"product_cat-vader-classics","10":"product_cat-vader-exotics","11":"product_tag-austria","12":"product_tag-buy-thc-vape","13":"product_tag-germany","14":"product_tag-italy","15":"product_tag-spain","16":"product_tag-switzerland","17":"product_tag-thc-vape","18":"product_tag-thc-vape-pen","19":"product_tag-thc-vapes","21":"first","22":"instock","23":"sale","24":"featured","25":"shipping-taxable","26":"purchasable","27":"product-type-simple"},"_links":{"self":[{"href":"https:\/\/chillleaf.eu\/fr\/wp-json\/wp\/v2\/product\/21914","targetHints":{"allow":["GET"]}}],"collection":[{"href":"https:\/\/chillleaf.eu\/fr\/wp-json\/wp\/v2\/product"}],"about":[{"href":"https:\/\/chillleaf.eu\/fr\/wp-json\/wp\/v2\/types\/product"}],"replies":[{"embeddable":true,"href":"https:\/\/chillleaf.eu\/fr\/wp-json\/wp\/v2\/comments?post=21914"}],"version-history":[{"count":1,"href":"https:\/\/chillleaf.eu\/fr\/wp-json\/wp\/v2\/product\/21914\/revisions"}],"predecessor-version":[{"id":23147,"href":"https:\/\/chillleaf.eu\/fr\/wp-json\/wp\/v2\/product\/21914\/revisions\/23147"}],"wp:featuredmedia":[{"embeddable":true,"href":"https:\/\/chillleaf.eu\/fr\/wp-json\/wp\/v2\/media\/21861"}],"wp:attachment":[{"href":"https:\/\/chillleaf.eu\/fr\/wp-json\/wp\/v2\/media?parent=21914"}],"wp:term":[{"taxonomy":"product_brand","embeddable":true,"href":"https:\/\/chillleaf.eu\/fr\/wp-json\/wp\/v2\/product_brand?post=21914"},{"taxonomy":"product_cat","embeddable":true,"href":"https:\/\/chillleaf.eu\/fr\/wp-json\/wp\/v2\/product_cat?post=21914"},{"taxonomy":"product_tag","embeddable":true,"href":"https:\/\/chillleaf.eu\/fr\/wp-json\/wp\/v2\/product_tag?post=21914"}],"curies":[{"name":"wp","href":"https:\/\/api.w.org\/{rel}","templated":true}]}}