{"id":22543,"date":"2025-09-18T21:42:11","date_gmt":"2025-09-18T21:42:11","guid":{"rendered":"https:\/\/chillleaf.eu\/?page_id=22543"},"modified":"2025-09-18T21:45:42","modified_gmt":"2025-09-18T21:45:42","slug":"refunds-return-policy","status":"publish","type":"page","link":"https:\/\/chillleaf.eu\/it\/politica-di-reso-e-rimborso\/","title":{"rendered":"Politica di rimborso e reso"},"content":{"rendered":"<h2 class=\"wp-block-heading\">Politica di rimborso e reso di Chillleaf<\/h2>\n\n\n\n<p>Noi di Chillleaf diamo valore ai nostri clienti e ci impegniamo a fornire prodotti di alta qualit\u00e0 e un servizio affidabile. Tuttavia, a causa della natura del nostro settore e della volatilit\u00e0 delle criptovalute, la nostra politica di rimborso e reso \u00e8 pi\u00f9 limitata rispetto alla vendita al dettaglio tradizionale. Ti preghiamo di leggere attentamente i dettagli qui sotto prima di effettuare l&#039;ordine.<\/p>\n\n\n\n<hr class=\"wp-block-separator has-alpha-channel-opacity\"\/>\n\n\n\n<h2 class=\"wp-block-heading\">Finestra di ammissibilit\u00e0<\/h2>\n\n\n\n<p>La nostra politica di rimborso e reso \u00e8 valida per <strong>2 giorni (48 ore) dopo aver ricevuto il pacco<\/strong>Se sono trascorse pi\u00f9 di 48 ore da quando il tuo ordine \u00e8 stato contrassegnato come consegnato, purtroppo non possiamo offrirti un rimborso, un cambio o una nuova spedizione.<\/p>\n\n\n\n<p>Per avere diritto al reso:<\/p>\n\n\n\n<ul class=\"wp-block-list\">\n<li>L&#039;articolo deve essere <strong>inutilizzato<\/strong>, <strong>non aperto<\/strong>e nelle esatte condizioni in cui l&#039;hai ricevuto.<\/li>\n\n\n\n<li>L&#039;articolo deve essere nella sua <strong>confezione originale<\/strong>, con tutti i sigilli intatti.<\/li>\n<\/ul>\n\n\n\n<p>Non possiamo accettare resi o emettere rimborsi per prodotti che sono stati aperti, utilizzati o manomessi.<\/p>\n\n\n\n<hr class=\"wp-block-separator has-alpha-channel-opacity\"\/>\n\n\n\n<h2 class=\"wp-block-heading\">Rimborsi e rispedizioni<\/h2>\n\n\n\n<p>Una volta ricevuto il tuo reso, il nostro team lo ispezioner\u00e0 per verificarne l&#039;idoneit\u00e0. Riceverai quindi un&#039;e-mail di conferma dell&#039;avvenuta ricezione del tuo articolo, insieme all&#039;approvazione o al rifiuto della tua richiesta di rimborso.<\/p>\n\n\n\n<ul class=\"wp-block-list\">\n<li><strong>Se approvato:<\/strong> Il rimborso verr\u00e0 elaborato e i fondi verranno accreditati sul metodo di pagamento originale (ad esempio, il tuo portafoglio di criptovalute). Si prega di attendere alcuni giorni lavorativi affinch\u00e9 la transazione venga visualizzata.<\/li>\n\n\n\n<li><strong>Se rifiutato:<\/strong> Ti informeremo del motivo e purtroppo non verr\u00e0 emesso alcun rimborso.<\/li>\n<\/ul>\n\n\n\n<hr class=\"wp-block-separator has-alpha-channel-opacity\"\/>\n\n\n\n<h2 class=\"wp-block-heading\">Politica sull&#039;indirizzo di spedizione<\/h2>\n\n\n\n<p>\u00c8 tua responsabilit\u00e0 fornire un indirizzo di spedizione accurato e completo al momento del pagamento. Nota bene:<\/p>\n\n\n\n<ul class=\"wp-block-list\">\n<li>Gli indirizzi di spedizione possono <strong>essere aggiornato solo lo stesso giorno in cui viene effettuato l&#039;ordine<\/strong>, e solo fino a quando <strong>23:59 (23:59) di quel giorno<\/strong>.<\/li>\n\n\n\n<li>Una volta che un ordine \u00e8 contrassegnato <strong>&quot;Completare&quot;<\/strong> (e hai ricevuto l&#039;email di conferma), <strong>l&#039;indirizzo non pu\u00f2 pi\u00f9 essere modificato<\/strong>.<\/li>\n\n\n\n<li>Gli ordini effettuati con un indirizzo errato saranno <strong>non<\/strong> essere rispedito o rimborsato.<\/li>\n\n\n\n<li>Tutti gli ordini con indirizzi incompleti (ad esempio numeri civici\/di appartamenti mancanti) o ordini indirizzati a <strong>hotel, immobili in affitto o alloggi temporanei<\/strong> sar\u00e0 anche considerato <strong>non rimborsabile e non rispedibile<\/strong>.<\/li>\n<\/ul>\n\n\n\n<hr class=\"wp-block-separator has-alpha-channel-opacity\"\/>\n\n\n\n<h2 class=\"wp-block-heading\">Saldi e articoli scontati<\/h2>\n\n\n\n<p>Solo gli articoli acquistati presso il loro <strong>prezzo normale<\/strong> sono idonei al rimborso. Purtroppo, gli articoli acquistati su <strong>vendita o promozione<\/strong> non sono rimborsabili.<\/p>\n\n\n\n<hr class=\"wp-block-separator has-alpha-channel-opacity\"\/>\n\n\n\n<h2 class=\"wp-block-heading\">Scambi<\/h2>\n\n\n\n<p>Sostituiamo gli articoli solo nei seguenti casi:<\/p>\n\n\n\n<ul class=\"wp-block-list\">\n<li>Se il tuo articolo arriva <strong>difettoso o danneggiato<\/strong>, O<\/li>\n\n\n\n<li>Se hai ricevuto il <strong>prodotto sbagliato<\/strong> per errore.<\/li>\n<\/ul>\n\n\n\n<p>Se hai diritto a un cambio, ti forniremo le istruzioni per restituire l&#039;articolo e, una volta ricevuto, ti invieremo la sostituzione il pi\u00f9 rapidamente possibile.<\/p>\n\n\n\n<p>Nota bene: gli scambi vengono sempre elaborati per il <strong>stesso articolo<\/strong> originariamente acquistato.<\/p>\n\n\n\n<hr class=\"wp-block-separator has-alpha-channel-opacity\"\/>\n\n\n\n<h2 class=\"wp-block-heading\">Note importanti<\/h2>\n\n\n\n<ul class=\"wp-block-list\">\n<li>I rimborsi saranno effettuati solo dopo aver ricevuto e ispezionato l&#039;articolo restituito.<\/li>\n\n\n\n<li>Chillleaf non \u00e8 responsabile per eventuali perdite derivanti da dati di spedizione errati forniti dal cliente.<\/li>\n\n\n\n<li>Gli articoli restituiti senza previa approvazione non saranno accettati.<\/li>\n<\/ul>\n\n\n\n<hr class=\"wp-block-separator has-alpha-channel-opacity\"\/>\n\n\n\n<h2 class=\"wp-block-heading\">Hai bisogno di assistenza?<\/h2>\n\n\n\n<p>Siamo qui per aiutarti. Se hai domande su rimborsi, resi o cambi, contattaci tramite il nostro <strong><a href=\"https:\/\/chillleaf.eu\/it\/contatto\/\" data-type=\"link\" data-id=\"https:\/\/chillleaf.eu\/contact\/\">[Modulo di contatto]<\/a><\/strong> oppure inviaci un&#039;e-mail direttamente a:<br><strong><a>info@chillleaf.com<\/a><\/strong><\/p>\n\n\n\n<p>Il nostro team esaminer\u00e0 il tuo caso e far\u00e0 del suo meglio per assisterti.<\/p>\n\n\n\n<hr class=\"wp-block-separator has-alpha-channel-opacity\"\/>\n\n\n\n<p>\u2728 Per Chillleaf, la soddisfazione del cliente \u00e8 importante, ma lo \u00e8 anche l&#039;equit\u00e0. Questa politica ci garantisce di poter continuare a offrire prodotti di alta qualit\u00e0, garantendo al contempo la trasparenza su ci\u00f2 che possiamo e non possiamo fare in termini di rimborsi e resi.<\/p>","protected":false},"excerpt":{"rendered":"<p>Chillleaf Refund &amp; Returns Policy At Chillleaf, we value our customers and strive to deliver high-quality products and reliable service. However, due to the nature of our industry and the volatility of cryptocurrencies, our refund and return policy is more limited than traditional retail. Please take a moment to carefully review the details below before [&hellip;]<\/p>","protected":false},"author":1,"featured_media":0,"parent":0,"menu_order":0,"comment_status":"closed","ping_status":"closed","template":"","meta":{"footnotes":""},"class_list":["post-22543","page","type-page","status-publish","hentry"],"_links":{"self":[{"href":"https:\/\/chillleaf.eu\/it\/wp-json\/wp\/v2\/pages\/22543","targetHints":{"allow":["GET"]}}],"collection":[{"href":"https:\/\/chillleaf.eu\/it\/wp-json\/wp\/v2\/pages"}],"about":[{"href":"https:\/\/chillleaf.eu\/it\/wp-json\/wp\/v2\/types\/page"}],"author":[{"embeddable":true,"href":"https:\/\/chillleaf.eu\/it\/wp-json\/wp\/v2\/users\/1"}],"replies":[{"embeddable":true,"href":"https:\/\/chillleaf.eu\/it\/wp-json\/wp\/v2\/comments?post=22543"}],"version-history":[{"count":0,"href":"https:\/\/chillleaf.eu\/it\/wp-json\/wp\/v2\/pages\/22543\/revisions"}],"wp:attachment":[{"href":"https:\/\/chillleaf.eu\/it\/wp-json\/wp\/v2\/media?parent=22543"}],"curies":[{"name":"wp","href":"https:\/\/api.w.org\/{rel}","templated":true}]}}