{"id":21911,"date":"2025-09-09T20:54:15","date_gmt":"2025-09-09T20:54:15","guid":{"rendered":"https:\/\/chillleaf.eu\/?post_type=product&#038;p=21911"},"modified":"2025-09-18T22:54:42","modified_gmt":"2025-09-18T22:54:42","slug":"vader-thc-vape-rainbow-mix-package-all-tastes","status":"publish","type":"product","link":"https:\/\/chillleaf.eu\/it\/thc-shop\/thc-vapes\/hybrid\/vader-thc-vape-rainbow-mix-pacchetto-tutti-i-gusti\/","title":{"rendered":"Vader THC Vape \u2013 Pacchetto Rainbow Mix \u2013 Tutti i gusti"},"content":{"rendered":"<div id=\"proton-root\">\n<div id=\"proton-blockquote\">\n<div class=\"protonmail_quote\">\n<div><strong>Descrizione:<\/strong><\/div>\n<div>Ottieni 1\/2\/5\/10 Vader THC Vape pen di ogni gusto<br \/>\n1 ml<br \/>\n1000 mg di THC\/ml<br \/>\nTHC ultra puro<br \/>\nDura fino a 2 mesi \u2013 800 visite<\/div>\n<div>Distillato di THC premium<\/div>\n<div>\n<p>Cannabinoidi totali 95%<br \/>\nBatteria ricaricabile USB-C<br \/>\nTirare per attivare<\/p>\n<p><span style=\"font-size: 16px;\"><strong>Informazioni aggiuntive:<\/strong><br \/>\nIngredienti: distillato di THC, terpeni<br \/>\n<\/span><span style=\"font-size: 16px;\">Questa penna per svapare usa e getta \u00e8 pronta all&#039;uso. Non \u00e8 un prodotto cinese: qualit\u00e0 garantita!<\/span><\/p>\n<p><strong><span style=\"font-size: 16px;\">Dichiarazione di esclusione di responsabilit\u00e0:<br \/>\n<\/span><\/strong><span style=\"font-size: 16px;\">Ogni Paese ha le sue leggi specifiche per quanto riguarda i prodotti a base di cannabis.<br \/>\n<\/span><span style=\"font-size: 16px;\">Si prega di prestare attenzione alle leggi vigenti nel proprio Paese.<br \/>\n<\/span><span style=\"font-size: 16px;\">Non guidare un veicolo dopo aver consumato questo prodotto.\u00a0<\/span><\/p>\n<\/div>\n<\/div>\n<\/div>\n<\/div>","protected":false},"excerpt":{"rendered":"<div>Ottieni 1\/2\/5\/10 Vader THC Vape pen di ogni gusto<\/div>\n<div>1 ml<br \/>\n1000 mg di THC\/ml<br \/>\nTHC ultra puro<br \/>\nDura fino a 2 mesi \u2013 800 visite<\/div>\n<div>Distillato di THC premium<\/div>\n<div>\n<p>Cannabinoidi totali 95%<br \/>\nBatteria ricaricabile USB-C<br \/>\nTirare per attivare<\/p>\n<\/div>","protected":false},"featured_media":21850,"comment_status":"open","ping_status":"closed","template":"","meta":[],"product_brand":[59],"product_cat":[52,53,40,39,41,55],"product_tag":[42,43,44,45,46,47,48,49,50,51],"class_list":{"0":"post-21911","1":"product","2":"type-product","3":"status-publish","4":"has-post-thumbnail","6":"product_brand-vader","7":"product_cat-hybrid","8":"product_cat-indica","9":"product_cat-sativa","10":"product_cat-thc-vapes","11":"product_cat-vader-classics","12":"product_cat-vader-exotics","13":"product_tag-austria","14":"product_tag-buy-thc-vape","15":"product_tag-france","16":"product_tag-germany","17":"product_tag-italy","18":"product_tag-switzerland","19":"product_tag-thc-vape","20":"product_tag-thc-vape-pen","21":"product_tag-vape","22":"product_tag-vape-pen","23":"product_shipping_class-54","25":"first","26":"instock","27":"sale","28":"featured","29":"shipping-taxable","30":"purchasable","31":"product-type-variable","32":"has-default-attributes"},"_links":{"self":[{"href":"https:\/\/chillleaf.eu\/it\/wp-json\/wp\/v2\/product\/21911","targetHints":{"allow":["GET"]}}],"collection":[{"href":"https:\/\/chillleaf.eu\/it\/wp-json\/wp\/v2\/product"}],"about":[{"href":"https:\/\/chillleaf.eu\/it\/wp-json\/wp\/v2\/types\/product"}],"replies":[{"embeddable":true,"href":"https:\/\/chillleaf.eu\/it\/wp-json\/wp\/v2\/comments?post=21911"}],"version-history":[{"count":0,"href":"https:\/\/chillleaf.eu\/it\/wp-json\/wp\/v2\/product\/21911\/revisions"}],"wp:featuredmedia":[{"embeddable":true,"href":"https:\/\/chillleaf.eu\/it\/wp-json\/wp\/v2\/media\/21850"}],"wp:attachment":[{"href":"https:\/\/chillleaf.eu\/it\/wp-json\/wp\/v2\/media?parent=21911"}],"wp:term":[{"taxonomy":"product_brand","embeddable":true,"href":"https:\/\/chillleaf.eu\/it\/wp-json\/wp\/v2\/product_brand?post=21911"},{"taxonomy":"product_cat","embeddable":true,"href":"https:\/\/chillleaf.eu\/it\/wp-json\/wp\/v2\/product_cat?post=21911"},{"taxonomy":"product_tag","embeddable":true,"href":"https:\/\/chillleaf.eu\/it\/wp-json\/wp\/v2\/product_tag?post=21911"}],"curies":[{"name":"wp","href":"https:\/\/api.w.org\/{rel}","templated":true}]}}