{"id":21912,"date":"2025-09-09T20:54:15","date_gmt":"2025-09-09T20:54:15","guid":{"rendered":"https:\/\/chillleaf.eu\/?post_type=product&#038;p=21912"},"modified":"2025-12-03T23:54:49","modified_gmt":"2025-12-03T23:54:49","slug":"vader-thc-vape-blue-trio-pack-mix","status":"publish","type":"product","link":"https:\/\/chillleaf.eu\/it\/thc-shop\/thc-vapes\/mix-di-tre-confezioni-di-sigarette-elettroniche-vader-thc-vape-blue\/","title":{"rendered":"Vader THC Vape \u2013 Confezione Trio Blu \u2013 Mix"},"content":{"rendered":"<div><strong>Descrizione:<\/strong><\/div>\n<div>Vader THC Vape Pen \u2013 Confezione da tre blu \u2013 Mix:<br \/>\n1 x penna per svapo THC usa e getta \u2013 Exotic \u2013 London Pound Cake<br \/>\n1 x penna per svapo THC monouso \u2013 Exotic \u2013 Lavender Jones<br \/>\n1 x Penna per svapo THC usa e getta \u2013 Blu \u2013 Biscotti ai mirtilli<br \/>\n1 ml<br \/>\n1000 mg di THC\/ml<br \/>\nTHC ultra puro<br \/>\nDura fino a 2 mesi \u2013 800 visite<\/div>\n<div>Distillato di THC premium<\/div>\n<div>\n<p>Cannabinoidi totali 95%<br \/>\nBatteria ricaricabile USB-C<br \/>\nTirare per attivare<\/p>\n<p><strong>Informazioni aggiuntive:<\/strong><br \/>\nIngredienti: distillato di THC, terpeni<br \/>\nQuesta penna per svapare usa e getta \u00e8 pronta all&#039;uso. Non \u00e8 un prodotto cinese: qualit\u00e0 garantita!<\/p>\n<p><strong>Dichiarazione di esclusione di responsabilit\u00e0:<br \/>\n<\/strong>Ogni Paese ha le sue leggi specifiche per quanto riguarda i prodotti a base di cannabis.<br \/>\nSi prega di prestare attenzione alle leggi vigenti nel proprio Paese.<br \/>\nNon guidare un veicolo dopo aver consumato questo prodotto.<\/p>\n<\/div>","protected":false},"excerpt":{"rendered":"<div>\n<div><strong>Descrizione:<\/strong><\/div>\n<div>Vader THC Vape Pen \u2013 Confezione da tre blu \u2013 Mix:<br \/>\n1 x penna per svapo THC usa e getta \u2013 Exotic \u2013 London Pound Cake<br \/>\n1 x penna per svapo THC monouso \u2013 Exotic \u2013 Lavender Jones<br \/>\n1 x Penna per svapo THC usa e getta \u2013 Blu \u2013 Biscotti ai mirtilli<\/div>\n<\/div>\n<div>1 ml<br \/>\n1000 mg di THC\/ml<br \/>\nTHC ultra puro<br \/>\nDura fino a 2 mesi \u2013 800 visite<\/div>\n<div>Distillato di THC premium<\/div>\n<div>\n<p>Cannabinoidi totali 95%<br \/>\nBatteria ricaricabile USB-C<br \/>\nTirare per attivare<\/p>\n<\/div>","protected":false},"featured_media":21852,"comment_status":"open","ping_status":"closed","template":"","meta":[],"product_brand":[59],"product_cat":[39,41,55],"product_tag":[56],"class_list":{"0":"post-21912","1":"product","2":"type-product","3":"status-publish","4":"has-post-thumbnail","6":"product_brand-vader","7":"product_cat-thc-vapes","8":"product_cat-vader-classics","9":"product_cat-vader-exotics","10":"product_tag-thc-vapes","12":"first","13":"instock","14":"sale","15":"featured","16":"shipping-taxable","17":"purchasable","18":"product-type-simple"},"_links":{"self":[{"href":"https:\/\/chillleaf.eu\/it\/wp-json\/wp\/v2\/product\/21912","targetHints":{"allow":["GET"]}}],"collection":[{"href":"https:\/\/chillleaf.eu\/it\/wp-json\/wp\/v2\/product"}],"about":[{"href":"https:\/\/chillleaf.eu\/it\/wp-json\/wp\/v2\/types\/product"}],"replies":[{"embeddable":true,"href":"https:\/\/chillleaf.eu\/it\/wp-json\/wp\/v2\/comments?post=21912"}],"version-history":[{"count":2,"href":"https:\/\/chillleaf.eu\/it\/wp-json\/wp\/v2\/product\/21912\/revisions"}],"predecessor-version":[{"id":23145,"href":"https:\/\/chillleaf.eu\/it\/wp-json\/wp\/v2\/product\/21912\/revisions\/23145"}],"wp:featuredmedia":[{"embeddable":true,"href":"https:\/\/chillleaf.eu\/it\/wp-json\/wp\/v2\/media\/21852"}],"wp:attachment":[{"href":"https:\/\/chillleaf.eu\/it\/wp-json\/wp\/v2\/media?parent=21912"}],"wp:term":[{"taxonomy":"product_brand","embeddable":true,"href":"https:\/\/chillleaf.eu\/it\/wp-json\/wp\/v2\/product_brand?post=21912"},{"taxonomy":"product_cat","embeddable":true,"href":"https:\/\/chillleaf.eu\/it\/wp-json\/wp\/v2\/product_cat?post=21912"},{"taxonomy":"product_tag","embeddable":true,"href":"https:\/\/chillleaf.eu\/it\/wp-json\/wp\/v2\/product_tag?post=21912"}],"curies":[{"name":"wp","href":"https:\/\/api.w.org\/{rel}","templated":true}]}}