{"id":21913,"date":"2025-09-09T20:54:15","date_gmt":"2025-09-09T20:54:15","guid":{"rendered":"https:\/\/chillleaf.eu\/?post_type=product&#038;p=21913"},"modified":"2025-12-03T23:55:04","modified_gmt":"2025-12-03T23:55:04","slug":"vader-thc-vape-green-duo-pack","status":"publish","type":"product","link":"https:\/\/chillleaf.eu\/it\/thc-shop\/thc-vapes\/hybrid\/vader-thc-vape-green-duo-pack\/","title":{"rendered":"Vader THC Vape \u2013 Confezione Duo Verde"},"content":{"rendered":"<div><strong>Descrizione:<\/strong><\/div>\n<div>Vader THC Vape Pen - Confezione Duo Verde<br \/>\n1x penna per svapo THC monouso \u2013 Verde \u2013 Lemon Twist<br \/>\n1x penna per svapo THC monouso \u2013 Exotic \u2013 Kush Mints<br \/>\n1 ml<br \/>\n1000 mg di THC\/ml<br \/>\nTHC ultra puro<br \/>\nDura fino a 2 mesi \u2013 800 visite<\/div>\n<div>Distillato di THC premium<\/div>\n<div>\n<p>Cannabinoidi totali 95%<br \/>\nBatteria ricaricabile USB-C<br \/>\nTirare per attivare<\/p>\n<p><strong>Informazioni aggiuntive:<\/strong><br \/>\nIngredienti: distillato di THC, terpeni<br \/>\nQuesta penna per svapare usa e getta \u00e8 pronta all&#039;uso. Non \u00e8 un prodotto cinese: qualit\u00e0 garantita!<\/p>\n<p><strong>Dichiarazione di esclusione di responsabilit\u00e0:<br \/>\n<\/strong>Ogni Paese ha le sue leggi specifiche per quanto riguarda i prodotti a base di cannabis.<br \/>\nSi prega di prestare attenzione alle leggi vigenti nel proprio Paese.<br \/>\nNon guidare un veicolo dopo aver consumato questo prodotto.<\/p>\n<\/div>","protected":false},"excerpt":{"rendered":"<div>\n<div><strong>Descrizione:<\/strong><\/div>\n<div>Vader THC Vape Pen - Confezione Duo Verde<br \/>\n1 x penna per svapo THC monouso \u2013 Verde \u2013 Lemon Twist<br \/>\n1 x penna per svapo THC monouso \u2013 Exotic \u2013 Kush Mints<\/div>\n<\/div>\n<div>1 ml<br \/>\n1000 mg di THC\/ml<br \/>\nTHC ultra puro<br \/>\nDura fino a 2 mesi \u2013 800 visite<\/div>\n<div>Distillato di THC premium<\/div>\n<div>\n<p>Cannabinoidi totali 95%<br \/>\nBatteria ricaricabile USB-C<br \/>\nTirare per attivare<\/p>\n<\/div>","protected":false},"featured_media":21854,"comment_status":"open","ping_status":"closed","template":"","meta":[],"product_brand":[59],"product_cat":[52,40,39,41,55],"product_tag":[56],"class_list":{"0":"post-21913","1":"product","2":"type-product","3":"status-publish","4":"has-post-thumbnail","6":"product_brand-vader","7":"product_cat-hybrid","8":"product_cat-sativa","9":"product_cat-thc-vapes","10":"product_cat-vader-classics","11":"product_cat-vader-exotics","12":"product_tag-thc-vapes","14":"first","15":"instock","16":"sale","17":"featured","18":"shipping-taxable","19":"purchasable","20":"product-type-simple"},"_links":{"self":[{"href":"https:\/\/chillleaf.eu\/it\/wp-json\/wp\/v2\/product\/21913","targetHints":{"allow":["GET"]}}],"collection":[{"href":"https:\/\/chillleaf.eu\/it\/wp-json\/wp\/v2\/product"}],"about":[{"href":"https:\/\/chillleaf.eu\/it\/wp-json\/wp\/v2\/types\/product"}],"replies":[{"embeddable":true,"href":"https:\/\/chillleaf.eu\/it\/wp-json\/wp\/v2\/comments?post=21913"}],"version-history":[{"count":1,"href":"https:\/\/chillleaf.eu\/it\/wp-json\/wp\/v2\/product\/21913\/revisions"}],"predecessor-version":[{"id":23146,"href":"https:\/\/chillleaf.eu\/it\/wp-json\/wp\/v2\/product\/21913\/revisions\/23146"}],"wp:featuredmedia":[{"embeddable":true,"href":"https:\/\/chillleaf.eu\/it\/wp-json\/wp\/v2\/media\/21854"}],"wp:attachment":[{"href":"https:\/\/chillleaf.eu\/it\/wp-json\/wp\/v2\/media?parent=21913"}],"wp:term":[{"taxonomy":"product_brand","embeddable":true,"href":"https:\/\/chillleaf.eu\/it\/wp-json\/wp\/v2\/product_brand?post=21913"},{"taxonomy":"product_cat","embeddable":true,"href":"https:\/\/chillleaf.eu\/it\/wp-json\/wp\/v2\/product_cat?post=21913"},{"taxonomy":"product_tag","embeddable":true,"href":"https:\/\/chillleaf.eu\/it\/wp-json\/wp\/v2\/product_tag?post=21913"}],"curies":[{"name":"wp","href":"https:\/\/api.w.org\/{rel}","templated":true}]}}