{"id":21914,"date":"2025-09-09T20:54:15","date_gmt":"2025-09-09T20:54:15","guid":{"rendered":"https:\/\/chillleaf.eu\/?post_type=product&#038;p=21914"},"modified":"2025-12-03T23:55:18","modified_gmt":"2025-12-03T23:55:18","slug":"vader-thc-vape-orange-duo-pack","status":"publish","type":"product","link":"https:\/\/chillleaf.eu\/it\/thc-shop\/thc-vapes\/sativa\/vader-thc-vape-orange-duo-pack\/","title":{"rendered":"Vader THC Vape \u2013 Confezione Duo Arancione"},"content":{"rendered":"<div><strong>Descrizione:<\/strong><\/div>\n<div>Vader THC Vapes \u2013 Confezione Duo Arancione<br \/>\n1x vaporizzatore THC monouso \u2013 Arancia \u2013 Ananas<br \/>\n1x vaporizzatore THC monouso \u2013 Exotic \u2013 California Orange<br \/>\n1 ml<br \/>\n1000 mg di THC\/ml<br \/>\nTHC ultra puro<br \/>\nDura fino a 2 mesi \u2013 800 visite<\/div>\n<div>Distillato di THC premium<\/div>\n<div>\n<p>Cannabinoidi totali 95%<br \/>\nBatteria ricaricabile USB-C<br \/>\nTirare per attivare<\/p>\n<p><strong>Informazioni aggiuntive:<\/strong><br \/>\nIngredienti: distillato di THC, terpeni<br \/>\nQuesta penna per svapare usa e getta \u00e8 pronta all&#039;uso. Non \u00e8 un prodotto cinese: qualit\u00e0 garantita!<\/p>\n<p><strong>Dichiarazione di esclusione di responsabilit\u00e0:<br \/>\n<\/strong>Ogni Paese ha le sue leggi specifiche per quanto riguarda i prodotti a base di cannabis.<br \/>\nSi prega di prestare attenzione alle leggi vigenti nel proprio Paese.<br \/>\nNon guidare un veicolo dopo aver consumato questo prodotto.<\/p>\n<\/div>","protected":false},"excerpt":{"rendered":"<p>&nbsp;<\/p>\n<p>Vi presentiamo le NUOVE penne Vader THC Vape - Orange Duo Pack. Questa confezione include 1 penna Vape THC monouso nel rinfrescante gusto Pineapple Haze e 1 penna Vape THC monouso nell&#039;esotico gusto California Orange. Ogni penna contiene 1 ml di THC ultra puro con una concentrazione di 1000 mg di THC\/ml, garantendo un&#039;esperienza di svapo premium. Con un contenuto totale di cannabinoidi di 95% e una batteria USB-C ricaricabile, queste penne offrono fino a 800 tiri e possono durare fino a 2 mesi. Basta tirare per attivarle e immergersi nel mondo dello svapo THC.<\/p>","protected":false},"featured_media":21861,"comment_status":"open","ping_status":"closed","template":"","meta":[],"product_brand":[59],"product_cat":[40,39,41,55],"product_tag":[42,43,45,46,57,47,48,49,56],"class_list":{"0":"post-21914","1":"product","2":"type-product","3":"status-publish","4":"has-post-thumbnail","6":"product_brand-vader","7":"product_cat-sativa","8":"product_cat-thc-vapes","9":"product_cat-vader-classics","10":"product_cat-vader-exotics","11":"product_tag-austria","12":"product_tag-buy-thc-vape","13":"product_tag-germany","14":"product_tag-italy","15":"product_tag-spain","16":"product_tag-switzerland","17":"product_tag-thc-vape","18":"product_tag-thc-vape-pen","19":"product_tag-thc-vapes","21":"first","22":"instock","23":"sale","24":"featured","25":"shipping-taxable","26":"purchasable","27":"product-type-simple"},"_links":{"self":[{"href":"https:\/\/chillleaf.eu\/it\/wp-json\/wp\/v2\/product\/21914","targetHints":{"allow":["GET"]}}],"collection":[{"href":"https:\/\/chillleaf.eu\/it\/wp-json\/wp\/v2\/product"}],"about":[{"href":"https:\/\/chillleaf.eu\/it\/wp-json\/wp\/v2\/types\/product"}],"replies":[{"embeddable":true,"href":"https:\/\/chillleaf.eu\/it\/wp-json\/wp\/v2\/comments?post=21914"}],"version-history":[{"count":1,"href":"https:\/\/chillleaf.eu\/it\/wp-json\/wp\/v2\/product\/21914\/revisions"}],"predecessor-version":[{"id":23147,"href":"https:\/\/chillleaf.eu\/it\/wp-json\/wp\/v2\/product\/21914\/revisions\/23147"}],"wp:featuredmedia":[{"embeddable":true,"href":"https:\/\/chillleaf.eu\/it\/wp-json\/wp\/v2\/media\/21861"}],"wp:attachment":[{"href":"https:\/\/chillleaf.eu\/it\/wp-json\/wp\/v2\/media?parent=21914"}],"wp:term":[{"taxonomy":"product_brand","embeddable":true,"href":"https:\/\/chillleaf.eu\/it\/wp-json\/wp\/v2\/product_brand?post=21914"},{"taxonomy":"product_cat","embeddable":true,"href":"https:\/\/chillleaf.eu\/it\/wp-json\/wp\/v2\/product_cat?post=21914"},{"taxonomy":"product_tag","embeddable":true,"href":"https:\/\/chillleaf.eu\/it\/wp-json\/wp\/v2\/product_tag?post=21914"}],"curies":[{"name":"wp","href":"https:\/\/api.w.org\/{rel}","templated":true}]}}