{"id":22543,"date":"2025-09-18T21:42:11","date_gmt":"2025-09-18T21:42:11","guid":{"rendered":"https:\/\/chillleaf.eu\/?page_id=22543"},"modified":"2025-09-18T21:45:42","modified_gmt":"2025-09-18T21:45:42","slug":"refunds-return-policy","status":"publish","type":"page","link":"https:\/\/chillleaf.eu\/pt\/politica-de-devolucao-de-reembolsos\/","title":{"rendered":"Pol\u00edtica de reembolso e devolu\u00e7\u00e3o"},"content":{"rendered":"<h2 class=\"wp-block-heading\">Pol\u00edtica de reembolso e devolu\u00e7\u00e3o da Chillleaf<\/h2>\n\n\n\n<p>Na Chillleaf, valorizamos nossos clientes e nos esfor\u00e7amos para oferecer produtos de alta qualidade e um servi\u00e7o confi\u00e1vel. No entanto, devido \u00e0 natureza do nosso setor e \u00e0 volatilidade das criptomoedas, nossa pol\u00edtica de reembolso e devolu\u00e7\u00e3o \u00e9 mais limitada do que a do varejo tradicional. Reserve um momento para analisar cuidadosamente os detalhes abaixo antes de fazer seu pedido.<\/p>\n\n\n\n<hr class=\"wp-block-separator has-alpha-channel-opacity\"\/>\n\n\n\n<h2 class=\"wp-block-heading\">Janela de Elegibilidade<\/h2>\n\n\n\n<p>Nossa pol\u00edtica de reembolso e devolu\u00e7\u00e3o \u00e9 v\u00e1lida para <strong>2 dias (48 horas) ap\u00f3s o recebimento do seu pacote<\/strong>. Se mais de 48 horas se passaram desde que seu pedido foi marcado como entregue, infelizmente, n\u00e3o podemos oferecer reembolso, troca ou reenvio.<\/p>\n\n\n\n<p>Para se qualificar para uma devolu\u00e7\u00e3o:<\/p>\n\n\n\n<ul class=\"wp-block-list\">\n<li>O item deve ser <strong>n\u00e3o utilizado<\/strong>, <strong>fechado<\/strong>, e nas condi\u00e7\u00f5es exatas em que voc\u00ea o recebeu.<\/li>\n\n\n\n<li>O item deve estar em sua <strong>embalagem original<\/strong>, com todos os selos intactos.<\/li>\n<\/ul>\n\n\n\n<p>N\u00e3o podemos aceitar devolu\u00e7\u00f5es ou emitir reembolsos para produtos que foram abertos, usados ou adulterados.<\/p>\n\n\n\n<hr class=\"wp-block-separator has-alpha-channel-opacity\"\/>\n\n\n\n<h2 class=\"wp-block-heading\">Reembolsos e Reenvios<\/h2>\n\n\n\n<p>Assim que recebermos sua devolu\u00e7\u00e3o, nossa equipe a inspecionar\u00e1 para verificar a elegibilidade. Voc\u00ea receber\u00e1 uma notifica\u00e7\u00e3o por e-mail confirmando o recebimento do seu item, juntamente com a aprova\u00e7\u00e3o ou rejei\u00e7\u00e3o da sua solicita\u00e7\u00e3o de reembolso.<\/p>\n\n\n\n<ul class=\"wp-block-list\">\n<li><strong>Se aprovado:<\/strong> Seu reembolso ser\u00e1 processado e os fundos ser\u00e3o creditados de volta no seu m\u00e9todo de pagamento original (como sua carteira de criptomoedas). Aguarde alguns dias \u00fateis para que a transa\u00e7\u00e3o seja reconhecida.<\/li>\n\n\n\n<li><strong>Se rejeitado:<\/strong> N\u00f3s o notificaremos sobre o motivo e, infelizmente, nenhum reembolso ser\u00e1 emitido.<\/li>\n<\/ul>\n\n\n\n<hr class=\"wp-block-separator has-alpha-channel-opacity\"\/>\n\n\n\n<h2 class=\"wp-block-heading\">Pol\u00edtica de endere\u00e7o de entrega<\/h2>\n\n\n\n<p>\u00c9 sua responsabilidade fornecer um endere\u00e7o de entrega preciso e completo durante a finaliza\u00e7\u00e3o da compra. Observa\u00e7\u00e3o:<\/p>\n\n\n\n<ul class=\"wp-block-list\">\n<li>Endere\u00e7os de entrega podem <strong>s\u00f3 ser\u00e1 atualizado no mesmo dia em que o pedido for feito<\/strong>, e somente at\u00e9 <strong>23:59 (23:59) daquele dia<\/strong>.<\/li>\n\n\n\n<li>Uma vez que um pedido \u00e9 marcado <strong>&quot;Completo&quot;<\/strong> (e voc\u00ea recebeu o e-mail de confirma\u00e7\u00e3o), <strong>o endere\u00e7o n\u00e3o pode mais ser alterado<\/strong>.<\/li>\n\n\n\n<li>Os pedidos feitos com endere\u00e7o incorreto ser\u00e3o <strong>n\u00e3o<\/strong> ser reenviado ou reembolsado.<\/li>\n\n\n\n<li>Quaisquer pedidos com endere\u00e7os incompletos (como n\u00fameros de casas\/apartamentos faltantes) ou pedidos direcionados a <strong>hot\u00e9is, propriedades para alugar ou acomoda\u00e7\u00f5es tempor\u00e1rias<\/strong> tamb\u00e9m ser\u00e1 considerado <strong>n\u00e3o reembols\u00e1vel e n\u00e3o reexped\u00edvel<\/strong>.<\/li>\n<\/ul>\n\n\n\n<hr class=\"wp-block-separator has-alpha-channel-opacity\"\/>\n\n\n\n<h2 class=\"wp-block-heading\">Itens em promo\u00e7\u00e3o e com desconto<\/h2>\n\n\n\n<p>Somente itens comprados em seu <strong>pre\u00e7o normal<\/strong> s\u00e3o eleg\u00edveis para reembolso. Infelizmente, os itens comprados em <strong>venda ou promo\u00e7\u00e3o<\/strong> n\u00e3o s\u00e3o reembols\u00e1veis.<\/p>\n\n\n\n<hr class=\"wp-block-separator has-alpha-channel-opacity\"\/>\n\n\n\n<h2 class=\"wp-block-heading\">Trocas<\/h2>\n\n\n\n<p>N\u00f3s apenas substitu\u00edmos itens nos seguintes casos:<\/p>\n\n\n\n<ul class=\"wp-block-list\">\n<li>Se o seu item chegar <strong>defeituoso ou danificado<\/strong>, ou<\/li>\n\n\n\n<li>Se voc\u00ea recebeu o <strong>produto errado<\/strong> por engano.<\/li>\n<\/ul>\n\n\n\n<p>Se voc\u00ea se qualificar para uma troca, forneceremos instru\u00e7\u00f5es para devolver o item e, ap\u00f3s o recebimento, enviaremos a substitui\u00e7\u00e3o o mais r\u00e1pido poss\u00edvel.<\/p>\n\n\n\n<p>Aten\u00e7\u00e3o: as trocas s\u00e3o sempre processadas para o <strong>mesmo item<\/strong> comprado originalmente.<\/p>\n\n\n\n<hr class=\"wp-block-separator has-alpha-channel-opacity\"\/>\n\n\n\n<h2 class=\"wp-block-heading\">Notas importantes<\/h2>\n\n\n\n<ul class=\"wp-block-list\">\n<li>Os reembolsos s\u00f3 ser\u00e3o emitidos ap\u00f3s recebermos e inspecionarmos o item devolvido.<\/li>\n\n\n\n<li>A Chillleaf n\u00e3o se responsabiliza por perdas resultantes de detalhes de envio incorretos fornecidos pelo cliente.<\/li>\n\n\n\n<li>Itens devolvidos sem aprova\u00e7\u00e3o pr\u00e9via n\u00e3o ser\u00e3o aceitos.<\/li>\n<\/ul>\n\n\n\n<hr class=\"wp-block-separator has-alpha-channel-opacity\"\/>\n\n\n\n<h2 class=\"wp-block-heading\">Precisa de ajuda?<\/h2>\n\n\n\n<p>Estamos aqui para ajudar. Se tiver d\u00favidas sobre reembolsos, devolu\u00e7\u00f5es ou trocas, entre em contato conosco pelo nosso <strong><a href=\"https:\/\/chillleaf.eu\/pt\/contato\/\" data-type=\"link\" data-id=\"https:\/\/chillleaf.eu\/contact\/\">[Formul\u00e1rio de contato]<\/a><\/strong> ou envie-nos um e-mail diretamente para:<br><strong><a>info@chillleaf.com<\/a><\/strong><\/p>\n\n\n\n<p>Nossa equipe analisar\u00e1 seu caso e far\u00e1 o melhor para ajud\u00e1-lo.<\/p>\n\n\n\n<hr class=\"wp-block-separator has-alpha-channel-opacity\"\/>\n\n\n\n<p>\u2728 Na Chillleaf, a satisfa\u00e7\u00e3o do cliente \u00e9 importante para n\u00f3s, mas a justi\u00e7a tamb\u00e9m. Esta pol\u00edtica garante que possamos continuar oferecendo produtos de alta qualidade, sendo transparentes sobre o que podemos e n\u00e3o podemos fazer em rela\u00e7\u00e3o a reembolsos e devolu\u00e7\u00f5es.<\/p>","protected":false},"excerpt":{"rendered":"<p>Chillleaf Refund &amp; Returns Policy At Chillleaf, we value our customers and strive to deliver high-quality products and reliable service. However, due to the nature of our industry and the volatility of cryptocurrencies, our refund and return policy is more limited than traditional retail. Please take a moment to carefully review the details below before [&hellip;]<\/p>","protected":false},"author":1,"featured_media":0,"parent":0,"menu_order":0,"comment_status":"closed","ping_status":"closed","template":"","meta":{"footnotes":""},"class_list":["post-22543","page","type-page","status-publish","hentry"],"_links":{"self":[{"href":"https:\/\/chillleaf.eu\/pt\/wp-json\/wp\/v2\/pages\/22543","targetHints":{"allow":["GET"]}}],"collection":[{"href":"https:\/\/chillleaf.eu\/pt\/wp-json\/wp\/v2\/pages"}],"about":[{"href":"https:\/\/chillleaf.eu\/pt\/wp-json\/wp\/v2\/types\/page"}],"author":[{"embeddable":true,"href":"https:\/\/chillleaf.eu\/pt\/wp-json\/wp\/v2\/users\/1"}],"replies":[{"embeddable":true,"href":"https:\/\/chillleaf.eu\/pt\/wp-json\/wp\/v2\/comments?post=22543"}],"version-history":[{"count":0,"href":"https:\/\/chillleaf.eu\/pt\/wp-json\/wp\/v2\/pages\/22543\/revisions"}],"wp:attachment":[{"href":"https:\/\/chillleaf.eu\/pt\/wp-json\/wp\/v2\/media?parent=22543"}],"curies":[{"name":"wp","href":"https:\/\/api.w.org\/{rel}","templated":true}]}}