{"id":22901,"date":"2025-09-19T23:20:18","date_gmt":"2025-09-19T23:20:18","guid":{"rendered":"https:\/\/chillleaf.eu\/?page_id=22901"},"modified":"2025-09-19T23:23:05","modified_gmt":"2025-09-19T23:23:05","slug":"chillleaf-sitemap","status":"publish","type":"page","link":"https:\/\/chillleaf.eu\/pt\/mapa-do-site-chillleaf\/","title":{"rendered":"Mapa do site ChillLeaf"},"content":{"rendered":"<div data-elementor-type=\"wp-page\" data-elementor-id=\"22901\" class=\"elementor elementor-22901\" data-elementor-post-type=\"page\">\n\t\t\t\t<div class=\"elementor-element elementor-element-4b373cf e-flex e-con-boxed e-con e-parent\" data-id=\"4b373cf\" data-element_type=\"container\" data-e-type=\"container\">\n\t\t\t\t\t<div class=\"e-con-inner\">\n\t\t\t\t<div class=\"elementor-element elementor-element-014d437 elementor-widget elementor-widget-heading\" data-id=\"014d437\" data-element_type=\"widget\" data-e-type=\"widget\" data-settings=\"{&quot;ekit_we_effect_on&quot;:&quot;none&quot;}\" data-widget_type=\"heading.default\">\n\t\t\t\t<div class=\"elementor-widget-container\">\n\t\t\t\t\t<h2 class=\"elementor-heading-title elementor-size-default\">Mapa do site ChillLeaf<\/h2>\t\t\t\t<\/div>\n\t\t\t\t<\/div>\n\t\t\t\t\t<\/div>\n\t\t\t\t<\/div>\n\t\t<div class=\"elementor-element elementor-element-c5dca19 e-flex e-con-boxed e-con e-parent\" data-id=\"c5dca19\" data-element_type=\"container\" data-e-type=\"container\">\n\t\t\t\t\t<div class=\"e-con-inner\">\n\t\t\t\t<div class=\"elementor-element elementor-element-6d3056b elementor-widget elementor-widget-shortcode\" data-id=\"6d3056b\" data-element_type=\"widget\" data-e-type=\"widget\" data-settings=\"{&quot;ekit_we_effect_on&quot;:&quot;none&quot;}\" data-widget_type=\"shortcode.default\">\n\t\t\t\t<div class=\"elementor-widget-container\">\n\t\t\t\t\t\t\t<div class=\"elementor-shortcode\"><div class=\"rank-math-html-sitemap\"><div class=\"rank-math-html-sitemap__section rank-math-html-sitemap__section--post-type rank-math-html-sitemap__section--post\"><h2 class=\"rank-math-html-sitemap__title\">Artigos<\/h2><ul class=\"rank-math-html-sitemap__list\"><li class=\"rank-math-html-sitemap__item\"><a href=\"https:\/\/chillleaf.eu\/pt\/blog\/compre-vapes-de-thc-online-com-seguranca-legalidade-e-produtos-de-thc-premium-na-chillleaf\/\" class=\"rank-math-html-sitemap__link\">Compre vaporizadores de THC online \u2013 Produtos de THC seguros, legais e de alta qualidade na ChillLeaf - 5 coisas que voc\u00ea precisa saber | ChillLeaf | Consum\u00edveis de THC Premium<\/a><\/li><li class=\"rank-math-html-sitemap__item\"><a href=\"https:\/\/chillleaf.eu\/pt\/blog\/vapes-de-thc-explicados\/\" class=\"rank-math-html-sitemap__link\">Vapes de THC explicados: por que a Chillleaf tem a melhor experi\u00eancia em lojas de vape da Europa | ChillLeaf | Consum\u00edveis de THC premium<\/a><\/li><\/ul><\/div><div class=\"rank-math-html-sitemap__section rank-math-html-sitemap__section--post-type rank-math-html-sitemap__section--page\"><h2 class=\"rank-math-html-sitemap__title\">P\u00e1ginas<\/h2><ul class=\"rank-math-html-sitemap__list\"><li class=\"rank-math-html-sitemap__item\"><a href=\"https:\/\/chillleaf.eu\/pt\/sobre-nos\/\" class=\"rank-math-html-sitemap__link\">Sobre n\u00f3s | Vapes de THC | ChillLeaf | Consum\u00edveis de THC Premium<\/a><\/li><li class=\"rank-math-html-sitemap__item\"><a href=\"https:\/\/chillleaf.eu\/pt\/carrinho\/\" class=\"rank-math-html-sitemap__link\">Carrinho | ChillLeaf | Consum\u00edveis THC Premium<\/a><\/li><li class=\"rank-math-html-sitemap__item\"><a href=\"https:\/\/chillleaf.eu\/pt\/checkout\/\" class=\"rank-math-html-sitemap__link\">Finalizar compra | ChillLeaf | Consum\u00edveis THC Premium<\/a><\/li><li class=\"rank-math-html-sitemap__item\"><a href=\"https:\/\/chillleaf.eu\/pt\/mapa-do-site-chillleaf\/\" class=\"rank-math-html-sitemap__link\">Mapa do site ChillLeaf | ChillLeaf | Consum\u00edveis de THC Premium<\/a><\/li><li class=\"rank-math-html-sitemap__item\"><a href=\"https:\/\/chillleaf.eu\/pt\/contato\/\" class=\"rank-math-html-sitemap__link\">Contato | ChillLeaf | Consum\u00edveis THC Premium<\/a><\/li><li class=\"rank-math-html-sitemap__item\"><a href=\"https:\/\/chillleaf.eu\/pt\/politica-de-cookies\/\" class=\"rank-math-html-sitemap__link\">Pol\u00edtica de cookies | ChillLeaf | Consum\u00edveis Premium THC<\/a><\/li><li class=\"rank-math-html-sitemap__item\"><a href=\"https:\/\/chillleaf.eu\/pt\/entrega-de-thc\/\" class=\"rank-math-html-sitemap__link\">Entrega de THC | ChillLeaf | Consum\u00edveis de THC Premium<\/a><\/li><li class=\"rank-math-html-sitemap__item\"><a href=\"https:\/\/chillleaf.eu\/pt\/perguntas-frequentes\/\" class=\"rank-math-html-sitemap__link\">Perguntas frequentes | ChillLeaf | Consum\u00edveis de THC Premium<\/a><\/li><li class=\"rank-math-html-sitemap__item\"><a href=\"https:\/\/chillleaf.eu\/pt\/\" class=\"rank-math-html-sitemap__link\">In\u00edcio | Vapes de THC | ChillLeaf | Consum\u00edveis de THC Premium<\/a><\/li><li class=\"rank-math-html-sitemap__item\"><a href=\"https:\/\/chillleaf.eu\/pt\/aprender\/\" class=\"rank-math-html-sitemap__link\">Aprenda | ChillLeaf | Consum\u00edveis Premium com THC<\/a><\/li><li class=\"rank-math-html-sitemap__item\"><a href=\"https:\/\/chillleaf.eu\/pt\/minha-conta\/\" class=\"rank-math-html-sitemap__link\">Minha conta | ChillLeaf | Consum\u00edveis THC Premium<\/a><\/li><li class=\"rank-math-html-sitemap__item\"><a href=\"https:\/\/chillleaf.eu\/pt\/politica-de-privacidade\/\" class=\"rank-math-html-sitemap__link\">Pol\u00edtica de Privacidade | ChillLeaf | Consum\u00edveis Premium THC<\/a><\/li><li class=\"rank-math-html-sitemap__item\"><a href=\"https:\/\/chillleaf.eu\/pt\/politica-de-devolucao-de-reembolsos\/\" class=\"rank-math-html-sitemap__link\">Pol\u00edtica de reembolso e devolu\u00e7\u00e3o | ChillLeaf | Consum\u00edveis THC Premium<\/a><\/li><li class=\"rank-math-html-sitemap__item\"><a href=\"https:\/\/chillleaf.eu\/pt\/loja-de-thc\/\" class=\"rank-math-html-sitemap__link\">Loja | ChillLeaf | Consum\u00edveis THC Premium<\/a><\/li><li class=\"rank-math-html-sitemap__item\"><a href=\"https:\/\/chillleaf.eu\/pt\/comprar\/\" class=\"rank-math-html-sitemap__link\">Loja | ChillLeaf | Consum\u00edveis THC Premium<\/a><\/li><li class=\"rank-math-html-sitemap__item\"><a href=\"https:\/\/chillleaf.eu\/pt\/termos-e-condicoes\/\" class=\"rank-math-html-sitemap__link\">Termos e condi\u00e7\u00f5es | ChillLeaf | Consum\u00edveis THC Premium<\/a><\/li><li class=\"rank-math-html-sitemap__item\"><a href=\"https:\/\/chillleaf.eu\/pt\/blog\/\" class=\"rank-math-html-sitemap__link\">Blog THC | ChillLeaf | Consum\u00edveis THC Premium<\/a><\/li><li class=\"rank-math-html-sitemap__item\"><a href=\"https:\/\/chillleaf.eu\/pt\/thc-knowledge-hub\/\" class=\"rank-math-html-sitemap__link\">Centro de Conhecimento THC | ChillLeaf | Consum\u00edveis THC Premium<\/a><\/li><\/ul><\/div><div class=\"rank-math-html-sitemap__section rank-math-html-sitemap__section--post-type rank-math-html-sitemap__section--keydesign-portfolio\"><h2 class=\"rank-math-html-sitemap__title\">Portf\u00f3lio<\/h2><ul class=\"rank-math-html-sitemap__list\"><li class=\"rank-math-html-sitemap__item\"><a href=\"https:\/\/chillleaf.eu\/pt\/centro-de-conhecimento-thc-2\/cannabis-para-zumbido\/\" class=\"rank-math-html-sitemap__link\">Cannabis para zumbido | ChillLeaf | Consum\u00edveis Premium de THC<\/a><\/li><li class=\"rank-math-html-sitemap__item\"><a href=\"https:\/\/chillleaf.eu\/pt\/centro-de-conhecimento-thc-2\/cannabis-medicinal-para-tdah\/\" class=\"rank-math-html-sitemap__link\">Cannabis medicinal para TDAH | ChillLeaf | Consum\u00edveis de THC Premium<\/a><\/li><li class=\"rank-math-html-sitemap__item\"><a href=\"https:\/\/chillleaf.eu\/pt\/centro-de-conhecimento-thc-2\/cannabis-medicinal-para-cancer\/\" class=\"rank-math-html-sitemap__link\">Cannabis medicinal para c\u00e2ncer | ChillLeaf | Consum\u00edveis de THC Premium<\/a><\/li><li class=\"rank-math-html-sitemap__item\"><a href=\"https:\/\/chillleaf.eu\/pt\/centro-de-conhecimento-thc-2\/cannabis-medicinal-para-dor-cronica\/\" class=\"rank-math-html-sitemap__link\">Cannabis medicinal para dor cr\u00f4nica | ChillLeaf | Consum\u00edveis de THC Premium<\/a><\/li><li class=\"rank-math-html-sitemap__item\"><a href=\"https:\/\/chillleaf.eu\/pt\/centro-de-conhecimento-thc-2\/cannabis-medicinal-para-depressao\/\" class=\"rank-math-html-sitemap__link\">Cannabis medicinal para depress\u00e3o | ChillLeaf | Consum\u00edveis de THC Premium<\/a><\/li><li class=\"rank-math-html-sitemap__item\"><a href=\"https:\/\/chillleaf.eu\/pt\/centro-de-conhecimento-thc-2\/cannabis-medicinal-para-dores-menstruais\/\" class=\"rank-math-html-sitemap__link\">Cannabis medicinal para dores menstruais | ChillLeaf | Produtos com THC premium<\/a><\/li><li class=\"rank-math-html-sitemap__item\"><a href=\"https:\/\/chillleaf.eu\/pt\/centro-de-conhecimento-thc-2\/cannabis-medicinal-para-enxaquecas\/\" class=\"rank-math-html-sitemap__link\">Cannabis medicinal para enxaquecas | ChillLeaf | Consum\u00edveis Premium de THC<\/a><\/li><li class=\"rank-math-html-sitemap__item\"><a href=\"https:\/\/chillleaf.eu\/pt\/centro-de-conhecimento-thc-2\/thc-para-disturbios-do-sono\/\" class=\"rank-math-html-sitemap__link\">THC para dist\u00farbios do sono e ins\u00f4nia | ChillLeaf | Consum\u00edveis de THC Premium<\/a><\/li><\/ul><\/div><div class=\"rank-math-html-sitemap__section rank-math-html-sitemap__section--post-type rank-math-html-sitemap__section--product\"><h2 class=\"rank-math-html-sitemap__title\">Produtos<\/h2><ul class=\"rank-math-html-sitemap__list\"><li class=\"rank-math-html-sitemap__item\"><a href=\"https:\/\/chillleaf.eu\/pt\/thc-shop\/thc-vapes\/vader-thc-vape-blue-trio-pack-mix\/\" class=\"rank-math-html-sitemap__link\">Vader THC Vape - Pacote Trio Azul - Mix | ChillLeaf | Consum\u00edveis THC Premium<\/a><\/li><li class=\"rank-math-html-sitemap__item\"><a href=\"https:\/\/chillleaf.eu\/pt\/thc-shop\/thc-vapes\/indica\/vader-thc-vape-classic-blueberry-cookies\/\" class=\"rank-math-html-sitemap__link\">Vader THC Vape - Cl\u00e1ssico - Biscoitos de Mirtilo | ChillLeaf | Consum\u00edveis Premium de THC<\/a><\/li><li class=\"rank-math-html-sitemap__item\"><a href=\"https:\/\/chillleaf.eu\/pt\/thc-shop\/thc-vapes\/sativa\/vader-thc-vape-classic-lemon-twist\/\" class=\"rank-math-html-sitemap__link\">Vader THC Vape - Cl\u00e1ssico - Lemon Twist | ChillLeaf | Consum\u00edveis THC Premium<\/a><\/li><li class=\"rank-math-html-sitemap__item\"><a href=\"https:\/\/chillleaf.eu\/pt\/thc-shop\/thc-vapes\/sativa\/vader-thc-vape-classic-pineapple-haze\/\" class=\"rank-math-html-sitemap__link\">Vader THC Vape - Cl\u00e1ssico - N\u00e9voa de abacaxi <\/a><\/li><li class=\"rank-math-html-sitemap__item\"><a href=\"https:\/\/chillleaf.eu\/pt\/thc-shop\/thc-vapes\/hybrid\/vader-thc-vape-classico-zkittlez\/\" class=\"rank-math-html-sitemap__link\">Vader THC Vape - Cl\u00e1ssico - Zkittlez | ChillLeaf | Consum\u00edveis Premium de THC<\/a><\/li><li class=\"rank-math-html-sitemap__item\"><a href=\"https:\/\/chillleaf.eu\/pt\/thc-shop\/thc-vapes\/indica\/vader-thc-vape-classic-pack-biscoitos-de-mirtilo\/\" class=\"rank-math-html-sitemap__link\">Vader THC Vape - Pacote Cl\u00e1ssico - Biscoitos de Mirtilo | ChillLeaf | Consum\u00edveis Premium de THC<\/a><\/li><li class=\"rank-math-html-sitemap__item\"><a href=\"https:\/\/chillleaf.eu\/pt\/thc-shop\/thc-vapes\/sativa\/vader-thc-vape-classic-pack-com-toque-de-limao\/\" class=\"rank-math-html-sitemap__link\">Vader THC Vape - Pacote Cl\u00e1ssico - Lemon Twist | ChillLeaf | Consum\u00edveis Premium de THC<\/a><\/li><li class=\"rank-math-html-sitemap__item\"><a href=\"https:\/\/chillleaf.eu\/pt\/thc-shop\/thc-vapes\/sativa\/vader-thc-vape-classic-pack-abacaxi-haze\/\" class=\"rank-math-html-sitemap__link\">Vader THC Vape - Pacote Cl\u00e1ssico - Abacaxi Haze | ChillLeaf | Consum\u00edveis Premium de THC<\/a><\/li><li class=\"rank-math-html-sitemap__item\"><a href=\"https:\/\/chillleaf.eu\/pt\/thc-shop\/thc-vapes\/hybrid\/pacote-classico-vader-thc-vape-zkittlez\/\" class=\"rank-math-html-sitemap__link\">Vader THC Vape - Pacote Cl\u00e1ssico - Zkittlez | ChillLeaf | Consum\u00edveis Premium de THC<\/a><\/li><li class=\"rank-math-html-sitemap__item\"><a href=\"https:\/\/chillleaf.eu\/pt\/thc-shop\/thc-vapes\/hybrid\/vader-thc-vape-classic-pack-gelato-n\u22c541\/\" class=\"rank-math-html-sitemap__link\">Vader THC Vape - Pacote Cl\u00e1ssico \u2013 Gelato N\u22c541 | ChillLeaf | Consum\u00edveis Premium de THC<\/a><\/li><li class=\"rank-math-html-sitemap__item\"><a href=\"https:\/\/chillleaf.eu\/pt\/thc-shop\/thc-vapes\/sativa\/vader-thc-vape-classic-rainbow-pack-classicos\/\" class=\"rank-math-html-sitemap__link\">Vader THC Vape - Pacote Arco-\u00cdris Cl\u00e1ssico - Cl\u00e1ssicos | ChillLeaf | Consum\u00edveis THC Premium<\/a><\/li><li class=\"rank-math-html-sitemap__item\"><a href=\"https:\/\/chillleaf.eu\/pt\/thc-shop\/thc-vapes\/sativa\/vader-thc-vape-exotico-california-laranja\/\" class=\"rank-math-html-sitemap__link\">Vader THC Vape - Ex\u00f3tico - Laranja Calif\u00f3rnia <\/a><\/li><li class=\"rank-math-html-sitemap__item\"><a href=\"https:\/\/chillleaf.eu\/pt\/thc-shop\/thc-vapes\/hybrid\/vader-thc-vape-exotic-kush-mints\/\" class=\"rank-math-html-sitemap__link\">Vader THC Vape - Ex\u00f3tico - Kush Mints | ChillLeaf | Consum\u00edveis Premium de THC<\/a><\/li><li class=\"rank-math-html-sitemap__item\"><a href=\"https:\/\/chillleaf.eu\/pt\/thc-shop\/thc-vapes\/hybrid\/vader-thc-vape-exotico-lavanda-jones\/\" class=\"rank-math-html-sitemap__link\">Vader THC Vape - Ex\u00f3tico - Lavender Jones | ChillLeaf | Consum\u00edveis Premium de THC<\/a><\/li><li class=\"rank-math-html-sitemap__item\"><a href=\"https:\/\/chillleaf.eu\/pt\/thc-shop\/thc-vapes\/indica\/vader-thc-vape-exotico-bolo-de-libra-de-londres\/\" class=\"rank-math-html-sitemap__link\">Vader THC Vape - Ex\u00f3tico - Bolo de Libra de Londres | ChillLeaf | Consum\u00edveis Premium de THC<\/a><\/li><li class=\"rank-math-html-sitemap__item\"><a href=\"https:\/\/chillleaf.eu\/pt\/thc-shop\/thc-vapes\/hybrid\/vader-thc-vape-exotico-roxo-crack\/\" class=\"rank-math-html-sitemap__link\">Vader THC Vape - Ex\u00f3tico - Purple Crack | ChillLeaf | Consum\u00edveis Premium de THC<\/a><\/li><li class=\"rank-math-html-sitemap__item\"><a href=\"https:\/\/chillleaf.eu\/pt\/thc-shop\/thc-vapes\/sativa\/vader-thc-vape-exotico-pacote-california-laranja\/\" class=\"rank-math-html-sitemap__link\">Vader THC Vape - Embalagem Ex\u00f3tica - Laranja Calif\u00f3rnia | ChillLeaf | Consum\u00edveis Premium de THC<\/a><\/li><li class=\"rank-math-html-sitemap__item\"><a href=\"https:\/\/chillleaf.eu\/pt\/thc-shop\/thc-vapes\/hybrid\/vader-thc-vape-exotic-pack-kush-mints\/\" class=\"rank-math-html-sitemap__link\">Vader THC Vape - Pacote Ex\u00f3tico - Kush Mints | ChillLeaf | Consum\u00edveis Premium de THC<\/a><\/li><li class=\"rank-math-html-sitemap__item\"><a href=\"https:\/\/chillleaf.eu\/pt\/thc-shop\/thc-vapes\/hybrid\/vader-thc-vape-exotico-pacote-lavanda-jones\/\" class=\"rank-math-html-sitemap__link\">Vader THC Vape - Pacote Ex\u00f3tico - Lavender Jones | ChillLeaf | Consum\u00edveis Premium de THC<\/a><\/li><li class=\"rank-math-html-sitemap__item\"><a href=\"https:\/\/chillleaf.eu\/pt\/thc-shop\/thc-vapes\/indica\/pacote-exotico-vader-thc-vape-bolo-de-libra-de-londres\/\" class=\"rank-math-html-sitemap__link\">Vader THC Vape - Pacote Ex\u00f3tico - Bolo de Libra de Londres | ChillLeaf | Consum\u00edveis Premium de THC<\/a><\/li><li class=\"rank-math-html-sitemap__item\"><a href=\"https:\/\/chillleaf.eu\/pt\/thc-shop\/thc-vapes\/hybrid\/vader-thc-vape-pacote-exotico-crack-roxo\/\" class=\"rank-math-html-sitemap__link\">Vader THC Vape - Embalagem Ex\u00f3tica - Purple Crack | ChillLeaf | Consum\u00edveis Premium de THC<\/a><\/li><li class=\"rank-math-html-sitemap__item\"><a href=\"https:\/\/chillleaf.eu\/pt\/thc-shop\/thc-vapes\/sativa\/vader-thc-vape-exotico-rainbow-pack-exoticos\/\" class=\"rank-math-html-sitemap__link\">Vader THC Vape - Pacote Arco-\u00cdris Ex\u00f3tico - Ex\u00f3ticos | ChillLeaf | Consum\u00edveis Premium de THC<\/a><\/li><li class=\"rank-math-html-sitemap__item\"><a href=\"https:\/\/chillleaf.eu\/pt\/thc-shop\/thc-vapes\/sativa\/vader-thc-vape-green-duo-pack\/\" class=\"rank-math-html-sitemap__link\">Vader THC Vape - Pacote Duo Verde | ChillLeaf | Consum\u00edveis THC Premium<\/a><\/li><li class=\"rank-math-html-sitemap__item\"><a href=\"https:\/\/chillleaf.eu\/pt\/thc-shop\/thc-vapes\/sativa\/vader-thc-vape-laranja-duo-pack\/\" class=\"rank-math-html-sitemap__link\">Vader THC Vape - Pacote Duplo Laranja | ChillLeaf | Consum\u00edveis Premium de THC<\/a><\/li><li class=\"rank-math-html-sitemap__item\"><a href=\"https:\/\/chillleaf.eu\/pt\/thc-shop\/thc-vapes\/sativa\/pacote-de-mistura-arco-iris-vader-thc-vape-todos-os-sabores\/\" class=\"rank-math-html-sitemap__link\">Vader THC Vape - Pacote Rainbow Mix \u2013 Todos os sabores | ChillLeaf | Consum\u00edveis Premium de THC<\/a><\/li><li class=\"rank-math-html-sitemap__item\"><a href=\"https:\/\/chillleaf.eu\/pt\/thc-shop\/thc-vapes\/hybrid\/caneta-vape-thc-vader-gelato-classico-n\u22c541\/\" class=\"rank-math-html-sitemap__link\">Caneta Vader THC Vape - Cl\u00e1ssica - Gelato N\u22c541 | ChillLeaf | Consum\u00edveis Premium THC<\/a><\/li><\/ul><\/div><div class=\"rank-math-html-sitemap__section rank-math-html-sitemap__section--taxonomy rank-math-html-sitemap__section--category\"><h2 class=\"rank-math-html-sitemap__title\">Categorias<\/h2><ul class=\"rank-math-html-sitemap__list\"><li class=\"rank-math-html-sitemap__item\"><a href=\"https:\/\/chillleaf.eu\/pt\/base-de-categoria\/thc-chocolate\/\" class=\"rank-math-html-sitemap__link\">Chocolate THC | ChillLeaf | Consum\u00edveis THC Premium<\/a><\/li><li class=\"rank-math-html-sitemap__item\"><a href=\"https:\/\/chillleaf.eu\/pt\/base-de-categoria\/thc-consumables\/\" class=\"rank-math-html-sitemap__link\">Consum\u00edveis de THC | ChillLeaf | Consum\u00edveis de THC Premium<\/a><\/li><li class=\"rank-math-html-sitemap__item\"><a href=\"https:\/\/chillleaf.eu\/pt\/base-de-categoria\/thc-gummies\/\" class=\"rank-math-html-sitemap__link\">Gomas de THC | ChillLeaf | Consum\u00edveis de THC Premium<\/a><\/li><li class=\"rank-math-html-sitemap__item\"><a href=\"https:\/\/chillleaf.eu\/pt\/base-de-categoria\/thc-vapes\/\" class=\"rank-math-html-sitemap__link\">Vapes de THC | ChillLeaf | Consum\u00edveis de THC Premium<\/a><\/li><\/ul><\/div><div class=\"rank-math-html-sitemap__section rank-math-html-sitemap__section--taxonomy rank-math-html-sitemap__section--product_cat\"><h2 class=\"rank-math-html-sitemap__title\">Categorias de produto<\/h2><ul class=\"rank-math-html-sitemap__list\"><li class=\"rank-math-html-sitemap__item\"><a href=\"https:\/\/chillleaf.eu\/pt\/categoria-de-produto\/thc-vapes\/\" class=\"rank-math-html-sitemap__link\">Arquivos de Vapes de THC | ChillLeaf | Consum\u00edveis de THC Premium<\/a><ul class=\"rank-math-html-sitemap__list\"><li class=\"rank-math-html-sitemap__item\"><a href=\"https:\/\/chillleaf.eu\/pt\/categoria-de-produto\/thc-vapes\/hybrid\/\" class=\"rank-math-html-sitemap__link\">Arquivos H\u00edbridos | ChillLeaf | Consum\u00edveis Premium de THC<\/a><\/li><li class=\"rank-math-html-sitemap__item\"><a href=\"https:\/\/chillleaf.eu\/pt\/categoria-de-produto\/thc-vapes\/indica\/\" class=\"rank-math-html-sitemap__link\">Arquivos Indica | ChillLeaf | Consum\u00edveis Premium de THC<\/a><\/li><li class=\"rank-math-html-sitemap__item\"><a href=\"https:\/\/chillleaf.eu\/pt\/categoria-de-produto\/thc-vapes\/sativa\/\" class=\"rank-math-html-sitemap__link\">Arquivos Sativa | ChillLeaf | Consum\u00edveis Premium de THC<\/a><\/li><\/ul><\/li><li class=\"rank-math-html-sitemap__item\"><a href=\"https:\/\/chillleaf.eu\/pt\/categoria-de-produto\/classicos-do-vader\/\" class=\"rank-math-html-sitemap__link\">Arquivos Vader Classics | ChillLeaf | Consum\u00edveis Premium de THC<\/a><\/li><li class=\"rank-math-html-sitemap__item\"><a href=\"https:\/\/chillleaf.eu\/pt\/categoria-de-produto\/exoticos-vader\/\" class=\"rank-math-html-sitemap__link\">Arquivos Vader Exotics | ChillLeaf | Consum\u00edveis Premium de THC<\/a><\/li><\/ul><\/div><\/div><\/div>\n\t\t\t\t\t\t<\/div>\n\t\t\t\t<\/div>\n\t\t\t\t\t<\/div>\n\t\t\t\t<\/div>\n\t\t\t\t<\/div>","protected":false},"excerpt":{"rendered":"<p>Mapa do site ChillLeaf<\/p>","protected":false},"author":1,"featured_media":0,"parent":0,"menu_order":0,"comment_status":"closed","ping_status":"closed","template":"","meta":{"footnotes":""},"class_list":["post-22901","page","type-page","status-publish","hentry"],"_links":{"self":[{"href":"https:\/\/chillleaf.eu\/pt\/wp-json\/wp\/v2\/pages\/22901","targetHints":{"allow":["GET"]}}],"collection":[{"href":"https:\/\/chillleaf.eu\/pt\/wp-json\/wp\/v2\/pages"}],"about":[{"href":"https:\/\/chillleaf.eu\/pt\/wp-json\/wp\/v2\/types\/page"}],"author":[{"embeddable":true,"href":"https:\/\/chillleaf.eu\/pt\/wp-json\/wp\/v2\/users\/1"}],"replies":[{"embeddable":true,"href":"https:\/\/chillleaf.eu\/pt\/wp-json\/wp\/v2\/comments?post=22901"}],"version-history":[{"count":10,"href":"https:\/\/chillleaf.eu\/pt\/wp-json\/wp\/v2\/pages\/22901\/revisions"}],"predecessor-version":[{"id":22915,"href":"https:\/\/chillleaf.eu\/pt\/wp-json\/wp\/v2\/pages\/22901\/revisions\/22915"}],"wp:attachment":[{"href":"https:\/\/chillleaf.eu\/pt\/wp-json\/wp\/v2\/media?parent=22901"}],"curies":[{"name":"wp","href":"https:\/\/api.w.org\/{rel}","templated":true}]}}