{"id":21899,"date":"2025-09-09T20:54:14","date_gmt":"2025-09-09T20:54:14","guid":{"rendered":"https:\/\/chillleaf.eu\/?post_type=product&#038;p=21899"},"modified":"2025-09-18T22:58:39","modified_gmt":"2025-09-18T22:58:39","slug":"vader-thc-vape-classic-rainbow-pack-classics","status":"publish","type":"product","link":"https:\/\/chillleaf.eu\/pt\/thc-shop\/thc-vapes\/hybrid\/vader-thc-vape-classic-rainbow-pack-classicos\/","title":{"rendered":"Vader THC Vape \u2013 Pacote Arco-\u00cdris Cl\u00e1ssico \u2013 Cl\u00e1ssicos"},"content":{"rendered":"<div id=\"proton-root\">\n<div id=\"proton-blockquote\">\n<div class=\"protonmail_quote\">\n<div><strong>Descri\u00e7\u00e3o:<\/strong><\/div>\n<div>1 de cada uma das canetas Vader THC Vape:<\/div>\n<div>Caneta Vape THC descart\u00e1vel \u2013 Rosa \u2013 Gelato N\u22c541<\/div>\n<div>Caneta Vape THC descart\u00e1vel \u2013 Vermelha \u2013 Zkittlez<\/div>\n<div>Caneta Vape THC descart\u00e1vel \u2013 Azul \u2013 Blueberry Cookies<\/div>\n<div>Caneta Vape THC descart\u00e1vel \u2013 Verde \u2013 Lemon Twist<\/div>\n<div>\n<p>Caneta Vape THC descart\u00e1vel \u2013 Laranja \u2013 N\u00e9voa de abacaxi<\/p>\n<p><strong>Cada caneta THC Vape cont\u00e9m:<\/strong><br \/>\n1 ml<br \/>\n1000mg de THC\/ml<br \/>\nTHC ultrapuro<br \/>\nDura at\u00e9 2 meses \u2013 800 acessos<\/p>\n<\/div>\n<div>Destilado de THC Premium<\/div>\n<div>\n<p>Canabinoides totais 95%<br \/>\nBateria recarreg\u00e1vel USB-C<br \/>\nPuxe para ativar<\/p>\n<p><span style=\"font-size: 16px;\"><strong>Informa\u00e7\u00f5es adicionais:<\/strong><br \/>\nIngredientes: Destilado de THC, Terpenos<br \/>\n<\/span><span style=\"font-size: 16px;\">Esta caneta vaporizadora descart\u00e1vel est\u00e1 pronta para uso. N\u00e3o \u00e9 produto chin\u00eas \u2013 Qualidade garantida!<\/span><\/p>\n<p><strong><span style=\"font-size: 16px;\">Isen\u00e7\u00e3o de responsabilidade:<br \/>\n<\/span><\/strong><span style=\"font-size: 16px;\">Cada pa\u00eds tem suas pr\u00f3prias leis separadas sobre produtos de cannabis.<br \/>\n<\/span><span style=\"font-size: 16px;\">Esteja ciente das leis do seu pa\u00eds.<br \/>\n<\/span><span style=\"font-size: 16px;\">N\u00e3o opere um ve\u00edculo ap\u00f3s consumir este produto.\u00a0<\/span><\/p>\n<\/div>\n<\/div>\n<\/div>\n<\/div>","protected":false},"excerpt":{"rendered":"<div><strong>Descri\u00e7\u00e3o:<\/strong><\/div>\n<div>1\/2\/4\/10\/20 de cada uma das canetas Vader THC Vape:<\/div>\n<div>Caneta Vape THC descart\u00e1vel \u2013 Rosa \u2013 Gelato N\u22c541<\/div>\n<div>Caneta Vape THC descart\u00e1vel \u2013 Vermelha \u2013 Zkittlez<\/div>\n<div>Caneta Vape THC descart\u00e1vel \u2013 Azul \u2013 Blueberry Cookies<\/div>\n<div>Caneta Vape THC descart\u00e1vel \u2013 Verde \u2013 Lemon Twist<\/div>\n<div>\n<p>Caneta Vape THC descart\u00e1vel \u2013 Laranja \u2013 N\u00e9voa de abacaxi<\/p>\n<\/div>","protected":false},"featured_media":21784,"comment_status":"open","ping_status":"closed","template":"","meta":[],"product_brand":[59],"product_cat":[52,53,40,39,41],"product_tag":[42,43,44,45,46,47,48,49,50,51],"class_list":{"0":"post-21899","1":"product","2":"type-product","3":"status-publish","4":"has-post-thumbnail","6":"product_brand-vader","7":"product_cat-hybrid","8":"product_cat-indica","9":"product_cat-sativa","10":"product_cat-thc-vapes","11":"product_cat-vader-classics","12":"product_tag-austria","13":"product_tag-buy-thc-vape","14":"product_tag-france","15":"product_tag-germany","16":"product_tag-italy","17":"product_tag-switzerland","18":"product_tag-thc-vape","19":"product_tag-thc-vape-pen","20":"product_tag-vape","21":"product_tag-vape-pen","22":"product_shipping_class-54","24":"first","25":"instock","26":"sale","27":"featured","28":"shipping-taxable","29":"purchasable","30":"product-type-variable","31":"has-default-attributes"},"_links":{"self":[{"href":"https:\/\/chillleaf.eu\/pt\/wp-json\/wp\/v2\/product\/21899","targetHints":{"allow":["GET"]}}],"collection":[{"href":"https:\/\/chillleaf.eu\/pt\/wp-json\/wp\/v2\/product"}],"about":[{"href":"https:\/\/chillleaf.eu\/pt\/wp-json\/wp\/v2\/types\/product"}],"replies":[{"embeddable":true,"href":"https:\/\/chillleaf.eu\/pt\/wp-json\/wp\/v2\/comments?post=21899"}],"version-history":[{"count":0,"href":"https:\/\/chillleaf.eu\/pt\/wp-json\/wp\/v2\/product\/21899\/revisions"}],"wp:featuredmedia":[{"embeddable":true,"href":"https:\/\/chillleaf.eu\/pt\/wp-json\/wp\/v2\/media\/21784"}],"wp:attachment":[{"href":"https:\/\/chillleaf.eu\/pt\/wp-json\/wp\/v2\/media?parent=21899"}],"wp:term":[{"taxonomy":"product_brand","embeddable":true,"href":"https:\/\/chillleaf.eu\/pt\/wp-json\/wp\/v2\/product_brand?post=21899"},{"taxonomy":"product_cat","embeddable":true,"href":"https:\/\/chillleaf.eu\/pt\/wp-json\/wp\/v2\/product_cat?post=21899"},{"taxonomy":"product_tag","embeddable":true,"href":"https:\/\/chillleaf.eu\/pt\/wp-json\/wp\/v2\/product_tag?post=21899"}],"curies":[{"name":"wp","href":"https:\/\/api.w.org\/{rel}","templated":true}]}}