{"id":21902,"date":"2025-09-09T20:54:14","date_gmt":"2025-09-09T20:54:14","guid":{"rendered":"https:\/\/chillleaf.eu\/?post_type=product&#038;p=21902"},"modified":"2025-09-09T20:54:17","modified_gmt":"2025-09-09T20:54:17","slug":"vader-thc-vape-exotic-lavender-jones","status":"publish","type":"product","link":"https:\/\/chillleaf.eu\/pt\/thc-shop\/thc-vapes\/hybrid\/vader-thc-vape-exotico-lavanda-jones\/","title":{"rendered":"Vader THC Vape \u2013 Ex\u00f3tico \u2013 Lavanda Jones"},"content":{"rendered":"<div><strong>Descri\u00e7\u00e3o:<\/strong><\/div>\n<div>Caneta Vape THC descart\u00e1vel \u2013 Ex\u00f3tica \u2013 Lavender Jones<br \/>\n1 ml<br \/>\n1000mg de THC\/ml<br \/>\nTHC ultrapuro<br \/>\nDura at\u00e9 2 meses \u2013 800 acessos<\/div>\n<div>Destilado de THC Premium<\/div>\n<div>\n<p>Canabinoides totais 95%<br \/>\nBateria recarreg\u00e1vel USB-C<br \/>\nPuxe para ativar<\/p>\n<p><span style=\"font-size: 16px;\"><strong>Informa\u00e7\u00f5es adicionais:<\/strong><br \/>\nIngredientes: Destilado de THC, Terpenos<br \/>\n<\/span><span style=\"font-size: 16px;\">Esta caneta vaporizadora descart\u00e1vel est\u00e1 pronta para uso. N\u00e3o \u00e9 produto chin\u00eas \u2013 Qualidade garantida!<\/span><\/p>\n<p><strong><span style=\"font-size: 16px;\">Isen\u00e7\u00e3o de responsabilidade:<br \/>\n<\/span><\/strong><span style=\"font-size: 16px;\">Cada pa\u00eds tem suas pr\u00f3prias leis separadas sobre produtos de cannabis.<br \/>\n<\/span><span style=\"font-size: 16px;\">Esteja ciente das leis do seu pa\u00eds.<br \/>\n<\/span><span style=\"font-size: 16px;\">N\u00e3o opere um ve\u00edculo ap\u00f3s consumir este produto.\u00a0<\/span><\/p>\n<\/div>","protected":false},"excerpt":{"rendered":"<div>Caneta Vape THC descart\u00e1vel \u2013 Ex\u00f3tica \u2013 Lavender Jones<br \/>\n1 ml<br \/>\n1000mg de THC\/ml<br \/>\nTHC ultrapuro<br \/>\nDura at\u00e9 2 meses \u2013 800 acessos<\/div>\n<div>Destilado de THC Premium<\/div>\n<div>\n<p>Canabinoides totais 95%<br \/>\nBateria recarreg\u00e1vel USB-C<br \/>\nPuxe para ativar<\/p>\n<\/div>","protected":false},"featured_media":21804,"comment_status":"open","ping_status":"closed","template":"","meta":[],"product_brand":[59],"product_cat":[52,39,55],"product_tag":[42,43,44,45,46,47,48,49,50,51],"class_list":{"0":"post-21902","1":"product","2":"type-product","3":"status-publish","4":"has-post-thumbnail","6":"product_brand-vader","7":"product_cat-hybrid","8":"product_cat-thc-vapes","9":"product_cat-vader-exotics","10":"product_tag-austria","11":"product_tag-buy-thc-vape","12":"product_tag-france","13":"product_tag-germany","14":"product_tag-italy","15":"product_tag-switzerland","16":"product_tag-thc-vape","17":"product_tag-thc-vape-pen","18":"product_tag-vape","19":"product_tag-vape-pen","21":"first","22":"instock","23":"sale","24":"featured","25":"shipping-taxable","26":"purchasable","27":"product-type-simple"},"_links":{"self":[{"href":"https:\/\/chillleaf.eu\/pt\/wp-json\/wp\/v2\/product\/21902","targetHints":{"allow":["GET"]}}],"collection":[{"href":"https:\/\/chillleaf.eu\/pt\/wp-json\/wp\/v2\/product"}],"about":[{"href":"https:\/\/chillleaf.eu\/pt\/wp-json\/wp\/v2\/types\/product"}],"replies":[{"embeddable":true,"href":"https:\/\/chillleaf.eu\/pt\/wp-json\/wp\/v2\/comments?post=21902"}],"version-history":[{"count":0,"href":"https:\/\/chillleaf.eu\/pt\/wp-json\/wp\/v2\/product\/21902\/revisions"}],"wp:featuredmedia":[{"embeddable":true,"href":"https:\/\/chillleaf.eu\/pt\/wp-json\/wp\/v2\/media\/21804"}],"wp:attachment":[{"href":"https:\/\/chillleaf.eu\/pt\/wp-json\/wp\/v2\/media?parent=21902"}],"wp:term":[{"taxonomy":"product_brand","embeddable":true,"href":"https:\/\/chillleaf.eu\/pt\/wp-json\/wp\/v2\/product_brand?post=21902"},{"taxonomy":"product_cat","embeddable":true,"href":"https:\/\/chillleaf.eu\/pt\/wp-json\/wp\/v2\/product_cat?post=21902"},{"taxonomy":"product_tag","embeddable":true,"href":"https:\/\/chillleaf.eu\/pt\/wp-json\/wp\/v2\/product_tag?post=21902"}],"curies":[{"name":"wp","href":"https:\/\/api.w.org\/{rel}","templated":true}]}}