{"id":21912,"date":"2025-09-09T20:54:15","date_gmt":"2025-09-09T20:54:15","guid":{"rendered":"https:\/\/chillleaf.eu\/?post_type=product&#038;p=21912"},"modified":"2025-12-03T23:54:49","modified_gmt":"2025-12-03T23:54:49","slug":"vader-thc-vape-blue-trio-pack-mix","status":"publish","type":"product","link":"https:\/\/chillleaf.eu\/pt\/thc-shop\/thc-vapes\/vader-thc-vape-blue-trio-pack-mix\/","title":{"rendered":"Vader THC Vape \u2013 Pacote Trio Azul \u2013 Mix"},"content":{"rendered":"<div><strong>Descri\u00e7\u00e3o:<\/strong><\/div>\n<div>Caneta Vader THC Vape \u2013 Pacote Trio Azul \u2013 Mix:<br \/>\n1 x Caneta Vape THC descart\u00e1vel \u2013 Ex\u00f3tica \u2013 Bolo de Libra de Londres<br \/>\n1 x Caneta Vape THC descart\u00e1vel \u2013 Ex\u00f3tica \u2013 Lavender Jones<br \/>\n1 x Caneta Vape THC descart\u00e1vel \u2013 Azul \u2013 Biscoitos de mirtilo<br \/>\n1 ml<br \/>\n1000mg de THC\/ml<br \/>\nTHC ultrapuro<br \/>\nDura at\u00e9 2 meses \u2013 800 acessos<\/div>\n<div>Destilado de THC Premium<\/div>\n<div>\n<p>Canabinoides totais 95%<br \/>\nBateria recarreg\u00e1vel USB-C<br \/>\nPuxe para ativar<\/p>\n<p><strong>Informa\u00e7\u00f5es adicionais:<\/strong><br \/>\nIngredientes: Destilado de THC, Terpenos<br \/>\nEsta caneta vaporizadora descart\u00e1vel est\u00e1 pronta para uso. N\u00e3o \u00e9 produto chin\u00eas \u2013 Qualidade garantida!<\/p>\n<p><strong>Isen\u00e7\u00e3o de responsabilidade:<br \/>\n<\/strong>Cada pa\u00eds tem suas pr\u00f3prias leis separadas sobre produtos de cannabis.<br \/>\nEsteja ciente das leis do seu pa\u00eds.<br \/>\nN\u00e3o opere um ve\u00edculo ap\u00f3s consumir este produto.<\/p>\n<\/div>","protected":false},"excerpt":{"rendered":"<div>\n<div><strong>Descri\u00e7\u00e3o:<\/strong><\/div>\n<div>Caneta Vader THC Vape \u2013 Pacote Trio Azul \u2013 Mix:<br \/>\n1 x Caneta Vape THC descart\u00e1vel \u2013 Ex\u00f3tica \u2013 Bolo de Libra de Londres<br \/>\n1 x Caneta Vape THC descart\u00e1vel \u2013 Ex\u00f3tica \u2013 Lavender Jones<br \/>\n1 x Caneta Vape THC descart\u00e1vel \u2013 Azul \u2013 Biscoitos de mirtilo<\/div>\n<\/div>\n<div>1 ml<br \/>\n1000mg de THC\/ml<br \/>\nTHC ultrapuro<br \/>\nDura at\u00e9 2 meses \u2013 800 acessos<\/div>\n<div>Destilado de THC Premium<\/div>\n<div>\n<p>Canabinoides totais 95%<br \/>\nBateria recarreg\u00e1vel USB-C<br \/>\nPuxe para ativar<\/p>\n<\/div>","protected":false},"featured_media":21852,"comment_status":"open","ping_status":"closed","template":"","meta":[],"product_brand":[59],"product_cat":[39,41,55],"product_tag":[56],"class_list":{"0":"post-21912","1":"product","2":"type-product","3":"status-publish","4":"has-post-thumbnail","6":"product_brand-vader","7":"product_cat-thc-vapes","8":"product_cat-vader-classics","9":"product_cat-vader-exotics","10":"product_tag-thc-vapes","12":"first","13":"instock","14":"sale","15":"featured","16":"shipping-taxable","17":"purchasable","18":"product-type-simple"},"_links":{"self":[{"href":"https:\/\/chillleaf.eu\/pt\/wp-json\/wp\/v2\/product\/21912","targetHints":{"allow":["GET"]}}],"collection":[{"href":"https:\/\/chillleaf.eu\/pt\/wp-json\/wp\/v2\/product"}],"about":[{"href":"https:\/\/chillleaf.eu\/pt\/wp-json\/wp\/v2\/types\/product"}],"replies":[{"embeddable":true,"href":"https:\/\/chillleaf.eu\/pt\/wp-json\/wp\/v2\/comments?post=21912"}],"version-history":[{"count":2,"href":"https:\/\/chillleaf.eu\/pt\/wp-json\/wp\/v2\/product\/21912\/revisions"}],"predecessor-version":[{"id":23145,"href":"https:\/\/chillleaf.eu\/pt\/wp-json\/wp\/v2\/product\/21912\/revisions\/23145"}],"wp:featuredmedia":[{"embeddable":true,"href":"https:\/\/chillleaf.eu\/pt\/wp-json\/wp\/v2\/media\/21852"}],"wp:attachment":[{"href":"https:\/\/chillleaf.eu\/pt\/wp-json\/wp\/v2\/media?parent=21912"}],"wp:term":[{"taxonomy":"product_brand","embeddable":true,"href":"https:\/\/chillleaf.eu\/pt\/wp-json\/wp\/v2\/product_brand?post=21912"},{"taxonomy":"product_cat","embeddable":true,"href":"https:\/\/chillleaf.eu\/pt\/wp-json\/wp\/v2\/product_cat?post=21912"},{"taxonomy":"product_tag","embeddable":true,"href":"https:\/\/chillleaf.eu\/pt\/wp-json\/wp\/v2\/product_tag?post=21912"}],"curies":[{"name":"wp","href":"https:\/\/api.w.org\/{rel}","templated":true}]}}