{"id":21914,"date":"2025-09-09T20:54:15","date_gmt":"2025-09-09T20:54:15","guid":{"rendered":"https:\/\/chillleaf.eu\/?post_type=product&#038;p=21914"},"modified":"2025-12-03T23:55:18","modified_gmt":"2025-12-03T23:55:18","slug":"vader-thc-vape-orange-duo-pack","status":"publish","type":"product","link":"https:\/\/chillleaf.eu\/pt\/thc-shop\/thc-vapes\/sativa\/vader-thc-vape-laranja-duo-pack\/","title":{"rendered":"Vader THC Vape \u2013 Pacote Duplo Laranja"},"content":{"rendered":"<div><strong>Descri\u00e7\u00e3o:<\/strong><\/div>\n<div>Vader THC Vapes \u2013 Pacote Duo Laranja<br \/>\n1x Vape THC descart\u00e1vel \u2013 Laranja \u2013 N\u00e9voa de abacaxi<br \/>\n1x Vape THC descart\u00e1vel \u2013 Ex\u00f3tico \u2013 Laranja Calif\u00f3rnia<br \/>\n1 ml<br \/>\n1000mg de THC\/ml<br \/>\nTHC ultrapuro<br \/>\nDura at\u00e9 2 meses \u2013 800 acessos<\/div>\n<div>Destilado de THC Premium<\/div>\n<div>\n<p>Canabinoides totais 95%<br \/>\nBateria recarreg\u00e1vel USB-C<br \/>\nPuxe para ativar<\/p>\n<p><strong>Informa\u00e7\u00f5es adicionais:<\/strong><br \/>\nIngredientes: Destilado de THC, Terpenos<br \/>\nEsta caneta vaporizadora descart\u00e1vel est\u00e1 pronta para uso. N\u00e3o \u00e9 produto chin\u00eas \u2013 Qualidade garantida!<\/p>\n<p><strong>Isen\u00e7\u00e3o de responsabilidade:<br \/>\n<\/strong>Cada pa\u00eds tem suas pr\u00f3prias leis separadas sobre produtos de cannabis.<br \/>\nEsteja ciente das leis do seu pa\u00eds.<br \/>\nN\u00e3o opere um ve\u00edculo ap\u00f3s consumir este produto.<\/p>\n<\/div>","protected":false},"excerpt":{"rendered":"<p>&nbsp;<\/p>\n<p>Apresentando as NOVAS Canetas Vader THC Vape \u2013 Pacote Duplo Laranja. Este pacote inclui 1 caneta Vape descart\u00e1vel com THC no refrescante sabor Pineapple Haze e 1 caneta Vape descart\u00e1vel com THC no ex\u00f3tico sabor California Orange. Cada caneta cont\u00e9m 1 ml de THC ultrapuro com uma concentra\u00e7\u00e3o de 1000 mg de THC\/ml, garantindo uma experi\u00eancia de vaporiza\u00e7\u00e3o premium. Com um teor total de canabinoides de 95% e uma bateria recarreg\u00e1vel USB-C, estas canetas oferecem at\u00e9 800 tragadas e podem durar at\u00e9 2 meses. Basta puxar para ativar e se entregar ao mundo dos vaporizadores de THC.<\/p>","protected":false},"featured_media":21861,"comment_status":"open","ping_status":"closed","template":"","meta":[],"product_brand":[59],"product_cat":[40,39,41,55],"product_tag":[42,43,45,46,57,47,48,49,56],"class_list":{"0":"post-21914","1":"product","2":"type-product","3":"status-publish","4":"has-post-thumbnail","6":"product_brand-vader","7":"product_cat-sativa","8":"product_cat-thc-vapes","9":"product_cat-vader-classics","10":"product_cat-vader-exotics","11":"product_tag-austria","12":"product_tag-buy-thc-vape","13":"product_tag-germany","14":"product_tag-italy","15":"product_tag-spain","16":"product_tag-switzerland","17":"product_tag-thc-vape","18":"product_tag-thc-vape-pen","19":"product_tag-thc-vapes","21":"first","22":"instock","23":"sale","24":"featured","25":"shipping-taxable","26":"purchasable","27":"product-type-simple"},"_links":{"self":[{"href":"https:\/\/chillleaf.eu\/pt\/wp-json\/wp\/v2\/product\/21914","targetHints":{"allow":["GET"]}}],"collection":[{"href":"https:\/\/chillleaf.eu\/pt\/wp-json\/wp\/v2\/product"}],"about":[{"href":"https:\/\/chillleaf.eu\/pt\/wp-json\/wp\/v2\/types\/product"}],"replies":[{"embeddable":true,"href":"https:\/\/chillleaf.eu\/pt\/wp-json\/wp\/v2\/comments?post=21914"}],"version-history":[{"count":1,"href":"https:\/\/chillleaf.eu\/pt\/wp-json\/wp\/v2\/product\/21914\/revisions"}],"predecessor-version":[{"id":23147,"href":"https:\/\/chillleaf.eu\/pt\/wp-json\/wp\/v2\/product\/21914\/revisions\/23147"}],"wp:featuredmedia":[{"embeddable":true,"href":"https:\/\/chillleaf.eu\/pt\/wp-json\/wp\/v2\/media\/21861"}],"wp:attachment":[{"href":"https:\/\/chillleaf.eu\/pt\/wp-json\/wp\/v2\/media?parent=21914"}],"wp:term":[{"taxonomy":"product_brand","embeddable":true,"href":"https:\/\/chillleaf.eu\/pt\/wp-json\/wp\/v2\/product_brand?post=21914"},{"taxonomy":"product_cat","embeddable":true,"href":"https:\/\/chillleaf.eu\/pt\/wp-json\/wp\/v2\/product_cat?post=21914"},{"taxonomy":"product_tag","embeddable":true,"href":"https:\/\/chillleaf.eu\/pt\/wp-json\/wp\/v2\/product_tag?post=21914"}],"curies":[{"name":"wp","href":"https:\/\/api.w.org\/{rel}","templated":true}]}}